{"id":27436,"date":"2025-02-20T22:29:16","date_gmt":"2025-02-20T22:29:16","guid":{"rendered":"http:\/\/olemosaic.com\/producto\/abridor-de-metal-guitarra-epoxy\/"},"modified":"2025-07-25T19:05:09","modified_gmt":"2025-07-25T17:05:09","slug":"decapsuleur-metal-guitare-epoxy","status":"publish","type":"product","link":"https:\/\/olemosaic.com\/fr\/produit\/decapsuleur-metal-guitare-epoxy\/","title":{"rendered":"D\u00e9capsuleur en m\u00e9tal. Guitare. \u00c9poxy."},"content":{"rendered":"<p>Ce d\u00e9capsuleur m\u00e9tallique en forme de guitare est le souvenir parfait pour ceux qui souhaitent emporter un morceau de la riche culture espagnole. Id\u00e9al pour les amateurs de musique et d&rsquo;art, ce d\u00e9capsuleur se distingue par son rev\u00eatement brillant en \u00e9poxy, qui met en valeur une mosa\u00efque captivante de couleurs chaudes. La guitare, magnifiquement d\u00e9cor\u00e9e, semble prendre vie sur un fond vibrant de roses rouges et d&rsquo;un chapeau noir, \u00e9voquant l&rsquo;essence du flamenco et la tradition musicale qui sont l&rsquo;\u00e2me de l&rsquo;Espagne. Avec un design qui fusionne art et fonctionnalit\u00e9, ce d\u00e9capsuleur n&rsquo;est pas seulement utile, mais aussi un v\u00e9ritable hommage \u00e0 la culture espagnole. Les d\u00e9tails complexes de la d\u00e9coration et les nuances vives garantissent que chaque pi\u00e8ce est unique, ce qui en fait un excellent souvenir de visites dans des villes embl\u00e9matiques o\u00f9 la musique et la danse font partie du quotidien. Chez Ol\u00e9 Mosaic, nous nous sp\u00e9cialisons dans l&rsquo;offre de souvenirs authentiques qui capturent l&rsquo;essence de la tradition espagnole. Ce d\u00e9capsuleur guitare n&rsquo;est pas seulement un article attrayant pour les boutiques de cadeaux touristiques, mais aussi une merveilleuse option pour ceux qui recherchent des produits refl\u00e9tant l&rsquo;authenticit\u00e9 et le patrimoine musical de l&rsquo;Espagne.<\/p>\n","protected":false},"excerpt":{"rendered":"<p>D\u00e9capsuleur m\u00e9tallique avec un design de guitare, orn\u00e9 d&rsquo;un fond floral vibrant et d&rsquo;un chapeau. Ce produit, rev\u00eatu de r\u00e9sine \u00e9poxy, pr\u00e9sente une mosa\u00efque color\u00e9e qui rehausse la beaut\u00e9 de la culture espagnole. La guitare, d\u00e9cor\u00e9e de tons chauds, est compl\u00e9t\u00e9e par des roses rouges et un chapeau noir, \u00e9voquant l&rsquo;essence du flamenco et la tradition musicale. Id\u00e9al pour les amateurs de musique et d&rsquo;art espagnol.<\/p>\n","protected":false},"featured_media":8687,"template":"","meta":{"_acf_changed":false},"product_brand":[],"product_cat":[779],"product_tag":[],"class_list":{"0":"post-27436","1":"product","2":"type-product","3":"status-publish","4":"has-post-thumbnail","6":"product_cat-decapsuleurs","7":"pa_motivo-guitares","9":"first","10":"instock","11":"shipping-taxable","12":"product-type-simple"},"acf":[],"_links":{"self":[{"href":"https:\/\/olemosaic.com\/fr\/wp-json\/wp\/v2\/product\/27436","targetHints":{"allow":["GET"]}}],"collection":[{"href":"https:\/\/olemosaic.com\/fr\/wp-json\/wp\/v2\/product"}],"about":[{"href":"https:\/\/olemosaic.com\/fr\/wp-json\/wp\/v2\/types\/product"}],"wp:featuredmedia":[{"embeddable":true,"href":"https:\/\/olemosaic.com\/fr\/wp-json\/wp\/v2\/media\/8687"}],"wp:attachment":[{"href":"https:\/\/olemosaic.com\/fr\/wp-json\/wp\/v2\/media?parent=27436"}],"wp:term":[{"taxonomy":"product_brand","embeddable":true,"href":"https:\/\/olemosaic.com\/fr\/wp-json\/wp\/v2\/product_brand?post=27436"},{"taxonomy":"product_cat","embeddable":true,"href":"https:\/\/olemosaic.com\/fr\/wp-json\/wp\/v2\/product_cat?post=27436"},{"taxonomy":"product_tag","embeddable":true,"href":"https:\/\/olemosaic.com\/fr\/wp-json\/wp\/v2\/product_tag?post=27436"}],"curies":[{"name":"wp","href":"https:\/\/api.w.org\/{rel}","templated":true}]}}