{"id":27419,"date":"2025-02-20T23:29:16","date_gmt":"2025-02-20T22:29:16","guid":{"rendered":"http:\/\/olemosaic.com\/producto\/mug-de-ceramica-punt-de-trobada-barcelona-blanco-95-cm\/"},"modified":"2025-07-25T18:47:55","modified_gmt":"2025-07-25T16:47:55","slug":"mug-en-ceramique-punt-de-trobada-barcelone-blanc-9-5-cm","status":"publish","type":"product","link":"https:\/\/olemosaic.com\/fr\/produit\/mug-en-ceramique-punt-de-trobada-barcelone-blanc-9-5-cm\/","title":{"rendered":"Mug en c\u00e9ramique. Punt de trobada. Barcelone. Blanc. 9,5 cm."},"content":{"rendered":"<p>Ce mug en c\u00e9ramique, inspir\u00e9 de l&rsquo;\u0153uvre embl\u00e9matique \u00ab Punt de Trobada \u00bb de Joan Mir\u00f3, est un souvenir exclusif de Barcelone qui fusionne art et fonctionnalit\u00e9. Avec sa finition blanche \u00e9l\u00e9gante, ce mug se distingue par ses mosa\u00efques vibrantes en bleu, vert, rouge et noir, qui \u00e9voquent l&rsquo;essence artistique et dynamique de la cit\u00e9 comtale. Avec 9,5 cm de hauteur, sa forme est id\u00e9ale pour savourer vos boissons pr\u00e9f\u00e9r\u00e9es, qu&rsquo;il s&rsquo;agisse de caf\u00e9, de th\u00e9 ou de chocolat chaud.<\/p>\n<p>Le design artistique, qui rend hommage au c\u00e9l\u00e8bre surr\u00e9aliste Mir\u00f3, pr\u00e9sente une s\u00e9rie de formes abstraites qui invitent \u00e0 la r\u00e9flexion et stimulent l&rsquo;imagination, transformant chaque gorg\u00e9e en une exp\u00e9rience visuelle. L&rsquo;anse du mug, ing\u00e9nieusement con\u00e7ue en forme d&rsquo;oiseau, ajoute une touche distinctive et unique \u00e0 l&rsquo;objet, rehaussant son caract\u00e8re de pi\u00e8ce de collection. Ce mug n&rsquo;est pas seulement un cadeau parfait pour les amateurs d&rsquo;art, mais aussi un merveilleux souvenir de la riche culture catalane.<\/p>\n<p>Chez Ol\u00e9 Mosaic, nous nous sp\u00e9cialisons dans la distribution de souvenirs en gros, et ce mug est une option id\u00e9ale pour les boutiques de cadeaux touristiques \u00e0 la recherche d&rsquo;articles authentiques et culturels de Barcelone. Avec son design exclusif et sa pertinence artistique, il devient un cadeau incontournable pour ceux qui souhaitent emporter un morceau de la cr\u00e9ativit\u00e9 et de la couleur de la ville.<\/p>\n","protected":false},"excerpt":{"rendered":"<p>Mug en c\u00e9ramique avec un design artistique inspir\u00e9 de l&rsquo;\u0153uvre \u00ab Punt de Trobada \u00bb de Joan Mir\u00f3, figure marquante du surr\u00e9alisme. Avec une finition blanche, ce mug pr\u00e9sente des mosa\u00efques color\u00e9es dans les tons bleu, vert, rouge et noir qui \u00e9voquent l&rsquo;essence vibrante de Barcelone. Son anse, en forme d&rsquo;oiseau, ajoute une touche distinctive. Id\u00e9al pour les amateurs d&rsquo;art cherchant \u00e0 profiter d&rsquo;une exp\u00e9rience visuelle et fonctionnelle tout en prenant leurs boissons.<\/p>\n","protected":false},"featured_media":9137,"template":"","meta":{"_acf_changed":false},"product_brand":[],"product_cat":[728],"product_tag":[585],"class_list":{"0":"post-27419","1":"product","2":"type-product","3":"status-publish","4":"has-post-thumbnail","6":"product_cat-mugs","7":"product_tag-ceramique","8":"pa_ciudad-barcelona","9":"pa_motivo-punt-de-trobada","10":"pa_pais-espana","12":"first","13":"instock","14":"shipping-taxable","15":"product-type-simple"},"acf":[],"_links":{"self":[{"href":"https:\/\/olemosaic.com\/fr\/wp-json\/wp\/v2\/product\/27419","targetHints":{"allow":["GET"]}}],"collection":[{"href":"https:\/\/olemosaic.com\/fr\/wp-json\/wp\/v2\/product"}],"about":[{"href":"https:\/\/olemosaic.com\/fr\/wp-json\/wp\/v2\/types\/product"}],"wp:featuredmedia":[{"embeddable":true,"href":"https:\/\/olemosaic.com\/fr\/wp-json\/wp\/v2\/media\/9137"}],"wp:attachment":[{"href":"https:\/\/olemosaic.com\/fr\/wp-json\/wp\/v2\/media?parent=27419"}],"wp:term":[{"taxonomy":"product_brand","embeddable":true,"href":"https:\/\/olemosaic.com\/fr\/wp-json\/wp\/v2\/product_brand?post=27419"},{"taxonomy":"product_cat","embeddable":true,"href":"https:\/\/olemosaic.com\/fr\/wp-json\/wp\/v2\/product_cat?post=27419"},{"taxonomy":"product_tag","embeddable":true,"href":"https:\/\/olemosaic.com\/fr\/wp-json\/wp\/v2\/product_tag?post=27419"}],"curies":[{"name":"wp","href":"https:\/\/api.w.org\/{rel}","templated":true}]}}