{"id":27418,"date":"2025-02-20T22:29:16","date_gmt":"2025-02-20T22:29:16","guid":{"rendered":"http:\/\/olemosaic.com\/producto\/taza-de-ceramica-flores-blanco\/"},"modified":"2025-07-26T00:03:44","modified_gmt":"2025-07-25T22:03:44","slug":"mug-en-ceramique-fleurs-blanc","status":"publish","type":"product","link":"https:\/\/olemosaic.com\/fr\/produit\/mug-en-ceramique-fleurs-blanc\/","title":{"rendered":"Mug en c\u00e9ramique. Fleurs. Blanc."},"content":{"rendered":"<p>Ce mug en c\u00e9ramique, d\u00e9cor\u00e9 d&rsquo;un design floral vibrant, est un excellent exemple de la riche tradition artisanale espagnole. Avec un fond blanc servant de toile, le design capture l&rsquo;essence des mosa\u00efques typiques de la r\u00e9gion, affichant un motif exub\u00e9rant dans les tons rouges, jaunes, bleus et verts. Les couleurs vives et contrast\u00e9es cr\u00e9ent un effet visuel captivant qui attirera certainement ceux qui recherchent un souvenir authentique renfermant la beaut\u00e9 du folklore espagnol.<\/p>\n<p>L&rsquo;anse du mug pr\u00e9sente un d\u00e9tail distinctif simulant un design organique, ajoutant une touche artistique qui rehausse sa fonctionnalit\u00e9. Chaque gorg\u00e9e de ce mug invite non seulement \u00e0 savourer une boisson chaude, mais aussi \u00e0 s&rsquo;immerger dans la culture m\u00e9diterran\u00e9enne. Cette pi\u00e8ce est un rappel quotidien de la splendeur visuelle qui caract\u00e9rise l&rsquo;artisanat de la r\u00e9gion, ce qui en fait un cadeau parfait pour les touristes et les amateurs de culture.<\/p>\n<p>Chez Ol\u00e9 Mosaic, nous nous sp\u00e9cialisons dans la distribution de souvenirs authentiques en gros, proposant ce mug en c\u00e9ramique comme une option id\u00e9ale pour les boutiques de cadeaux touristiques souhaitant offrir \u00e0 leurs clients un souvenir significatif de leur visite en Espagne. Cet article se distingue non seulement par sa qualit\u00e9, mais aussi par son lien culturel, devenant un cadeau qui c\u00e9l\u00e8bre la tradition et l&rsquo;artisanat locaux. Avec ce mug, chaque client pourra emporter un morceau d&rsquo;Espagne, parfait pour ceux qui recherchent des souvenirs qui racontent des histoires et \u00e9voquent des m\u00e9moires.<\/p>\n","protected":false},"excerpt":{"rendered":"<p>Mug en c\u00e9ramique d\u00e9cor\u00e9 d&rsquo;un design floral vibrant inspir\u00e9 des mosa\u00efques traditionnelles de la r\u00e9gion. La pi\u00e8ce pr\u00e9sente un fond blanc avec un motif color\u00e9 incluant des tons rouges, jaunes, bleus et verts, cr\u00e9ant un effet visuel attrayant. Avec un d\u00e9tail distinctif sur l&rsquo;anse simulant un design organique, ce mug n&rsquo;est pas seulement fonctionnel, mais aussi une pi\u00e8ce artistique qui \u00e9voque la beaut\u00e9 du folklore espagnol.<\/p>\n","protected":false},"featured_media":8919,"template":"","meta":{"_acf_changed":false},"product_brand":[],"product_cat":[822],"product_tag":[585],"class_list":{"0":"post-27418","1":"product","2":"type-product","3":"status-publish","4":"has-post-thumbnail","6":"product_cat-mugs-fr","7":"product_tag-ceramique","8":"pa_motivo-fleurs","10":"first","11":"instock","12":"shipping-taxable","13":"product-type-simple"},"acf":[],"_links":{"self":[{"href":"https:\/\/olemosaic.com\/fr\/wp-json\/wp\/v2\/product\/27418","targetHints":{"allow":["GET"]}}],"collection":[{"href":"https:\/\/olemosaic.com\/fr\/wp-json\/wp\/v2\/product"}],"about":[{"href":"https:\/\/olemosaic.com\/fr\/wp-json\/wp\/v2\/types\/product"}],"wp:featuredmedia":[{"embeddable":true,"href":"https:\/\/olemosaic.com\/fr\/wp-json\/wp\/v2\/media\/8919"}],"wp:attachment":[{"href":"https:\/\/olemosaic.com\/fr\/wp-json\/wp\/v2\/media?parent=27418"}],"wp:term":[{"taxonomy":"product_brand","embeddable":true,"href":"https:\/\/olemosaic.com\/fr\/wp-json\/wp\/v2\/product_brand?post=27418"},{"taxonomy":"product_cat","embeddable":true,"href":"https:\/\/olemosaic.com\/fr\/wp-json\/wp\/v2\/product_cat?post=27418"},{"taxonomy":"product_tag","embeddable":true,"href":"https:\/\/olemosaic.com\/fr\/wp-json\/wp\/v2\/product_tag?post=27418"}],"curies":[{"name":"wp","href":"https:\/\/api.w.org\/{rel}","templated":true}]}}