{"id":27417,"date":"2025-02-20T23:29:16","date_gmt":"2025-02-20T22:29:16","guid":{"rendered":"http:\/\/olemosaic.com\/producto\/taza-de-ceramica-punt-de-trobada-barcelona-blanco\/"},"modified":"2025-07-25T20:43:06","modified_gmt":"2025-07-25T18:43:06","slug":"mug-en-ceramique-punt-de-trobada-barcelone-blanc","status":"publish","type":"product","link":"https:\/\/olemosaic.com\/fr\/produit\/mug-en-ceramique-punt-de-trobada-barcelone-blanc\/","title":{"rendered":"Mug en c\u00e9ramique. Punt de trobada. Barcelone. Blanc."},"content":{"rendered":"<p>Ce mug en c\u00e9ramique \u00e0 effet peint \u00e0 la main, inspir\u00e9 de la c\u00e9l\u00e8bre mosa\u00efque \u00ab Punt de Trobada \u00bb de Barcelone, est un exemple exquis de l&rsquo;h\u00e9ritage artistique qui caract\u00e9rise la capitale catalane. Son design vibrant et color\u00e9 pr\u00e9sente une combinaison de formes abstraites \u00e9voquant le g\u00e9nie des artistes modernistes, avec des tons bleus, rouges, jaunes et noirs sur un fond blanc brillant. Cette pi\u00e8ce n&rsquo;est pas seulement visuellement attrayante, elle se distingue \u00e9galement par son \u00e9l\u00e9gante anse, sculpt\u00e9e en forme d&rsquo;oiseau, qui ajoute une touche d&rsquo;originalit\u00e9 et de dynamisme \u00e0 l&rsquo;objet. L&rsquo;int\u00e9rieur rouge compl\u00e8te parfaitement l&rsquo;ext\u00e9rieur, apportant chaleur et \u00e9nergie.<\/p>\n<p>Ce souvenir de Barcelone capture l&rsquo;essence du modernisme catalan, ce qui en fait un souvenir id\u00e9al pour ceux qui souhaitent emporter un petit morceau de la culture locale. En choisissant ce mug, les touristes n&rsquo;acqui\u00e8rent pas seulement un objet fonctionnel pour savourer leurs boissons, mais aussi une pi\u00e8ce artistique qui \u00e9voque la riche tradition des mosa\u00efques de la r\u00e9gion, c\u00e9l\u00e8bre pour son architecture singuli\u00e8re et ses chefs-d&rsquo;\u0153uvre. Chez Ol\u00e9 Mosaic, notre engagement en tant que grossiste de souvenirs est de proposer des produits uniques qui soulignent l&rsquo;authenticit\u00e9 et la valeur culturelle de chaque coin d&rsquo;Espagne. Ce mug en c\u00e9ramique est une excellente option pour les boutiques de cadeaux touristiques souhaitant proposer des produits qui pr\u00e9servent et c\u00e9l\u00e8brent l&rsquo;identit\u00e9 catalane.<\/p>\n","protected":false},"excerpt":{"rendered":"<p>Mug en c\u00e9ramique au design artisanal, peint \u00e0 la main, inspir\u00e9 de la c\u00e9l\u00e8bre mosa\u00efque \u00ab Punt de Trobada \u00bb de Barcelone. Avec un design color\u00e9 incluant des formes abstraites dans les tons bleus, rouges, jaunes et noirs sur un fond blanc, ce mug se distingue par son \u00e9l\u00e9gante anse en forme d&rsquo;oiseau. L&rsquo;int\u00e9rieur rouge rehausse son caract\u00e8re vibrant et artistique, en faisant un souvenir parfait qui capture l&rsquo;essence du modernisme catalan.<\/p>\n","protected":false},"featured_media":9138,"template":"","meta":{"_acf_changed":false},"product_brand":[],"product_cat":[822],"product_tag":[585],"class_list":{"0":"post-27417","1":"product","2":"type-product","3":"status-publish","4":"has-post-thumbnail","6":"product_cat-mugs-fr","7":"product_tag-ceramique","8":"pa_ciudad-barcelona","9":"pa_motivo-punt-de-trobada","10":"pa_pais-espana","12":"first","13":"instock","14":"shipping-taxable","15":"product-type-simple"},"acf":[],"_links":{"self":[{"href":"https:\/\/olemosaic.com\/fr\/wp-json\/wp\/v2\/product\/27417","targetHints":{"allow":["GET"]}}],"collection":[{"href":"https:\/\/olemosaic.com\/fr\/wp-json\/wp\/v2\/product"}],"about":[{"href":"https:\/\/olemosaic.com\/fr\/wp-json\/wp\/v2\/types\/product"}],"wp:featuredmedia":[{"embeddable":true,"href":"https:\/\/olemosaic.com\/fr\/wp-json\/wp\/v2\/media\/9138"}],"wp:attachment":[{"href":"https:\/\/olemosaic.com\/fr\/wp-json\/wp\/v2\/media?parent=27417"}],"wp:term":[{"taxonomy":"product_brand","embeddable":true,"href":"https:\/\/olemosaic.com\/fr\/wp-json\/wp\/v2\/product_brand?post=27417"},{"taxonomy":"product_cat","embeddable":true,"href":"https:\/\/olemosaic.com\/fr\/wp-json\/wp\/v2\/product_cat?post=27417"},{"taxonomy":"product_tag","embeddable":true,"href":"https:\/\/olemosaic.com\/fr\/wp-json\/wp\/v2\/product_tag?post=27417"}],"curies":[{"name":"wp","href":"https:\/\/api.w.org\/{rel}","templated":true}]}}