{"id":27416,"date":"2025-02-20T22:29:16","date_gmt":"2025-02-20T22:29:16","guid":{"rendered":"http:\/\/olemosaic.com\/producto\/taza-de-ceramica-panoramica-barcelona-beige-verde\/"},"modified":"2025-07-25T21:28:15","modified_gmt":"2025-07-25T19:28:15","slug":"mug-en-ceramique-panoramique-barcelone-beige-vert","status":"publish","type":"product","link":"https:\/\/olemosaic.com\/fr\/produit\/mug-en-ceramique-panoramique-barcelone-beige-vert\/","title":{"rendered":"Mug en c\u00e9ramique. Panoramique. Barcelone. Beige \/ vert."},"content":{"rendered":"<p>Ce mug en c\u00e9ramique panoramique de Barcelone est un souvenir exceptionnel qui capture l&rsquo;essence visuelle et culturelle de cette ville vibrante. Avec un design dans les tons beige et vert, le mug met en avant une illustration impressionnante incluant la c\u00e9l\u00e8bre architecture du Park G\u00fcell, chef-d&rsquo;\u0153uvre d&rsquo;Antoni Gaud\u00ed. Les mosa\u00efques color\u00e9es et les \u00e9l\u00e9ments embl\u00e9matiques, tels que le serpent en c\u00e9ramique et les structures ondul\u00e9es, sont repr\u00e9sent\u00e9s avec un style joyeux et frappant, offrant un clin d&rsquo;\u0153il artistique \u00e0 la beaut\u00e9 de Barcelone.<\/p>\n<p>Le mug est compl\u00e9t\u00e9 par une cuill\u00e8re dans une jolie teinte verte, cr\u00e9ant un ensemble harmonieux et fonctionnel pour savourer vos boissons pr\u00e9f\u00e9r\u00e9es. L&rsquo;ensemble du produit est pr\u00e9sent\u00e9 dans une \u00e9l\u00e9gante bo\u00eete d\u00e9corative, qui non seulement prot\u00e8ge le mug, mais en fait \u00e9galement une option de cadeau parfaite, encapsulant l&rsquo;esprit de la ville dans un seul emballage.<\/p>\n<p>Ce souvenir est un choix id\u00e9al pour ceux qui cherchent \u00e0 emporter un morceau de Barcelone, permettant aux touristes de se rem\u00e9morer leur exp\u00e9rience dans cette m\u00e9tropole espagnole embl\u00e9matique. Chez Ol\u00e9 Mosaic, en tant que distributeurs de souvenirs en gros, nous proposons des produits authentiques qui refl\u00e8tent la richesse culturelle des r\u00e9gions, garantissant que chaque article soit, en plus d&rsquo;une pi\u00e8ce d\u00e9corative, un t\u00e9moignage de l&rsquo;h\u00e9ritage de la ville. Avec ce mug en c\u00e9ramique de Barcelone, vos clients trouveront un souvenir unique qui souligne la beaut\u00e9 et la singularit\u00e9 de la destination.<\/p>\n","protected":false},"excerpt":{"rendered":"<p>Mug en c\u00e9ramique avec un design panoramique de Barcelone dans les tons beige et vert. Ce produit pr\u00e9sente une illustration vibrante incluant la c\u00e9l\u00e8bre architecture du Park G\u00fcell, mettant en valeur ses mosa\u00efques color\u00e9es et ses \u00e9l\u00e9ments embl\u00e9matiques. Le mug est accompagn\u00e9 d&rsquo;une cuill\u00e8re dans une jolie teinte verte, le tout pr\u00e9sent\u00e9 dans une \u00e9l\u00e9gante bo\u00eete d\u00e9corative. Id\u00e9al pour savourer vos boissons pr\u00e9f\u00e9r\u00e9es tout en c\u00e9l\u00e9brant la beaut\u00e9 de Barcelone.<\/p>\n","protected":false},"featured_media":9208,"template":"","meta":{"_acf_changed":false},"product_brand":[],"product_cat":[822],"product_tag":[585],"class_list":{"0":"post-27416","1":"product","2":"type-product","3":"status-publish","4":"has-post-thumbnail","6":"product_cat-mugs-fr","7":"product_tag-ceramique","8":"pa_ciudad-barcelona","9":"pa_motivo-panoramas","10":"pa_pais-espana","12":"first","13":"instock","14":"shipping-taxable","15":"product-type-simple"},"acf":[],"_links":{"self":[{"href":"https:\/\/olemosaic.com\/fr\/wp-json\/wp\/v2\/product\/27416","targetHints":{"allow":["GET"]}}],"collection":[{"href":"https:\/\/olemosaic.com\/fr\/wp-json\/wp\/v2\/product"}],"about":[{"href":"https:\/\/olemosaic.com\/fr\/wp-json\/wp\/v2\/types\/product"}],"wp:featuredmedia":[{"embeddable":true,"href":"https:\/\/olemosaic.com\/fr\/wp-json\/wp\/v2\/media\/9208"}],"wp:attachment":[{"href":"https:\/\/olemosaic.com\/fr\/wp-json\/wp\/v2\/media?parent=27416"}],"wp:term":[{"taxonomy":"product_brand","embeddable":true,"href":"https:\/\/olemosaic.com\/fr\/wp-json\/wp\/v2\/product_brand?post=27416"},{"taxonomy":"product_cat","embeddable":true,"href":"https:\/\/olemosaic.com\/fr\/wp-json\/wp\/v2\/product_cat?post=27416"},{"taxonomy":"product_tag","embeddable":true,"href":"https:\/\/olemosaic.com\/fr\/wp-json\/wp\/v2\/product_tag?post=27416"}],"curies":[{"name":"wp","href":"https:\/\/api.w.org\/{rel}","templated":true}]}}