{"id":27405,"date":"2025-02-20T23:29:15","date_gmt":"2025-02-20T22:29:15","guid":{"rendered":"http:\/\/olemosaic.com\/producto\/taza-de-ceramica-panoramica-barcelona-beige-3\/"},"modified":"2025-07-25T20:27:46","modified_gmt":"2025-07-25T18:27:46","slug":"tasse-en-ceramique-panoramique-barcelone-beige-3","status":"publish","type":"product","link":"https:\/\/olemosaic.com\/fr\/produit\/tasse-en-ceramique-panoramique-barcelone-beige-3\/","title":{"rendered":"Tasse en c\u00e9ramique. Panoramique. Parc G\u00fcell. Barcelone. Beige."},"content":{"rendered":"<p>Cette tasse panoramique en c\u00e9ramique de Barcelone est un souvenir exclusif qui capture l&rsquo;essence artistique de la ville. Pr\u00e9sent\u00e9e dans un \u00e9l\u00e9gant \u00e9tui en carton, cette tasse beige color\u00e9e se distingue par son illustration vibrante de l&#8217;embl\u00e9matique mosa\u00efque du Parc G\u00fcell, h\u00e9ritage du g\u00e9nial architecte Antoni Gaud\u00ed. La repr\u00e9sentation inclut des d\u00e9tails architecturaux iconiques qui \u00e9voquent la beaut\u00e9 unique de l&rsquo;architecture moderniste catalane. Avec une capacit\u00e9 id\u00e9ale pour savourer vos boissons pr\u00e9f\u00e9r\u00e9es, cette tasse ajoute une touche d&rsquo;art et de culture \u00e0 votre table quotidienne.<\/p>\n<p>La cuill\u00e8re bleue qui accompagne la tasse compl\u00e8te l&rsquo;exp\u00e9rience, offrant un d\u00e9tail suppl\u00e9mentaire \u00e0 la fois fonctionnel et esth\u00e9tique. Ce souvenir n&rsquo;est pas seulement une excellente option pour les touristes \u00e0 la recherche d&rsquo;un souvenir repr\u00e9sentatif de leur visite \u00e0 Barcelone, mais aussi un cadeau parfait pour ceux qui souhaitent emporter un morceau de cette ville vibrante chez eux. Chez Ol\u00e9 Mosaic, en tant que grossistes en souvenirs, nous garantissons que nos produits offrent authenticit\u00e9 et pertinence culturelle. Cette tasse en c\u00e9ramique est une pi\u00e8ce indispensable pour les boutiques de cadeaux touristiques qui souhaitent proposer \u00e0 leurs clients d&rsquo;authentiques joyaux de Barcelone.<\/p>\n","protected":false},"excerpt":{"rendered":"<p>Tasse en c\u00e9ramique au design panoramique de Barcelone, pr\u00e9sent\u00e9e dans un \u00e9l\u00e9gant \u00e9tui en carton. Cette tasse beige color\u00e9e se distingue par l&rsquo;illustration repr\u00e9sentant la c\u00e9l\u00e8bre mosa\u00efque du Parc G\u00fcell, incluant des d\u00e9tails architecturaux embl\u00e9matiques de la ville. Elle est compl\u00e9t\u00e9e par une cuill\u00e8re bleue et est parfaite pour savourer vos boissons pr\u00e9f\u00e9r\u00e9es, tout en ajoutant une touche artistique et culturelle \u00e0 votre table. Id\u00e9ale comme souvenir ou cadeau.<\/p>\n","protected":false},"featured_media":9211,"template":"","meta":{"_acf_changed":false},"product_brand":[],"product_cat":[822],"product_tag":[585],"class_list":{"0":"post-27405","1":"product","2":"type-product","3":"status-publish","4":"has-post-thumbnail","6":"product_cat-mugs-fr","7":"product_tag-ceramique","8":"pa_ciudad-barcelona","9":"pa_motivo-panoramas","10":"pa_pais-espana","12":"first","13":"instock","14":"shipping-taxable","15":"product-type-simple"},"acf":[],"_links":{"self":[{"href":"https:\/\/olemosaic.com\/fr\/wp-json\/wp\/v2\/product\/27405","targetHints":{"allow":["GET"]}}],"collection":[{"href":"https:\/\/olemosaic.com\/fr\/wp-json\/wp\/v2\/product"}],"about":[{"href":"https:\/\/olemosaic.com\/fr\/wp-json\/wp\/v2\/types\/product"}],"wp:featuredmedia":[{"embeddable":true,"href":"https:\/\/olemosaic.com\/fr\/wp-json\/wp\/v2\/media\/9211"}],"wp:attachment":[{"href":"https:\/\/olemosaic.com\/fr\/wp-json\/wp\/v2\/media?parent=27405"}],"wp:term":[{"taxonomy":"product_brand","embeddable":true,"href":"https:\/\/olemosaic.com\/fr\/wp-json\/wp\/v2\/product_brand?post=27405"},{"taxonomy":"product_cat","embeddable":true,"href":"https:\/\/olemosaic.com\/fr\/wp-json\/wp\/v2\/product_cat?post=27405"},{"taxonomy":"product_tag","embeddable":true,"href":"https:\/\/olemosaic.com\/fr\/wp-json\/wp\/v2\/product_tag?post=27405"}],"curies":[{"name":"wp","href":"https:\/\/api.w.org\/{rel}","templated":true}]}}