{"id":27404,"date":"2025-02-20T22:29:15","date_gmt":"2025-02-20T22:29:15","guid":{"rendered":"http:\/\/olemosaic.com\/producto\/taza-de-ceramica-bailaora-madrid-beige\/"},"modified":"2025-07-25T18:44:42","modified_gmt":"2025-07-25T16:44:42","slug":"tasse-en-ceramique-danseuse-flamenco-madrid-beige","status":"publish","type":"product","link":"https:\/\/olemosaic.com\/fr\/produit\/tasse-en-ceramique-danseuse-flamenco-madrid-beige\/","title":{"rendered":"Tasse en c\u00e9ramique. Danseuse de Flamenco. Madrid. Beige."},"content":{"rendered":"<p>Cette tasse en c\u00e9ramique, inspir\u00e9e de l&rsquo;art flamenco, est un souvenir incontournable qui \u00e9voque la culture vibrante de Madrid. Avec un design captivant, elle met en avant la silhouette \u00e9l\u00e9gante d&rsquo;une danseuse v\u00eatue d&rsquo;une \u00e9blouissante robe rouge \u00e0 volants, symbolisant la passion et l&rsquo;art du flamenco. Le ton beige de la tasse offre un fond chaleureux qui rehausse l&rsquo;intensit\u00e9 des d\u00e9tails blancs de la robe et le texte color\u00e9 \u00ab\u00a0MADRID\u00a0\u00bb, capturant l&rsquo;essence du c\u0153ur de l&rsquo;Espagne.<\/p>\n<p>De plus, l&rsquo;illustration d&rsquo;un \u0153illet, autre embl\u00e8me de la culture espagnole, ajoute une touche distinctive qui souligne la richesse des traditions du pays. Cette tasse dispose d&rsquo;une anse ergonomique qui garantit le confort lors de la d\u00e9gustation et est accompagn\u00e9e d&rsquo;une cuill\u00e8re assortie, ce qui en fait non seulement un objet d\u00e9coratif, mais aussi une pi\u00e8ce fonctionnelle et pratique pour savourer vos boissons pr\u00e9f\u00e9r\u00e9es.<\/p>\n<p>Chez Ol\u00e9 Mosaic, nous nous sp\u00e9cialisons dans la distribution de souvenirs de qualit\u00e9 et ce produit est une excellente option pour les touristes cherchant \u00e0 rapporter un souvenir authentique de Madrid. En int\u00e9grant la tradition du flamenco dans un format quotidien, cette tasse offre une connexion culturelle unique et est id\u00e9ale pour les boutiques de cadeaux touristiques souhaitant proposer des articles repr\u00e9sentatifs et artistiques.<\/p>\n","protected":false},"excerpt":{"rendered":"<p>Tasse en c\u00e9ramique au design inspir\u00e9 de l&rsquo;art flamenco, repr\u00e9sentant une \u00e9l\u00e9gante danseuse avec une robe rouge \u00e0 volants et des d\u00e9tails blancs. Cette tasse de couleur beige int\u00e8gre un texte color\u00e9 avec le mot \u00ab\u00a0MADRID\u00a0\u00bb et l&rsquo;illustration d&rsquo;un \u0153illet, symbole de la culture espagnole. Avec une anse ergonomique et une cuill\u00e8re assortie, c&rsquo;est le souvenir parfait alliant fonctionnalit\u00e9 et tradition. Id\u00e9ale pour savourer vos boissons pr\u00e9f\u00e9r\u00e9es avec une touche artistique.<\/p>\n","protected":false},"featured_media":6906,"template":"","meta":{"_acf_changed":false},"product_brand":[],"product_cat":[822],"product_tag":[585],"class_list":{"0":"post-27404","1":"product","2":"type-product","3":"status-publish","4":"has-post-thumbnail","6":"product_cat-mugs-fr","7":"product_tag-ceramique","8":"pa_ciudad-madrid","9":"pa_motivo-danseurs","10":"pa_pais-espana","12":"first","13":"instock","14":"shipping-taxable","15":"product-type-simple"},"acf":[],"_links":{"self":[{"href":"https:\/\/olemosaic.com\/fr\/wp-json\/wp\/v2\/product\/27404","targetHints":{"allow":["GET"]}}],"collection":[{"href":"https:\/\/olemosaic.com\/fr\/wp-json\/wp\/v2\/product"}],"about":[{"href":"https:\/\/olemosaic.com\/fr\/wp-json\/wp\/v2\/types\/product"}],"wp:featuredmedia":[{"embeddable":true,"href":"https:\/\/olemosaic.com\/fr\/wp-json\/wp\/v2\/media\/6906"}],"wp:attachment":[{"href":"https:\/\/olemosaic.com\/fr\/wp-json\/wp\/v2\/media?parent=27404"}],"wp:term":[{"taxonomy":"product_brand","embeddable":true,"href":"https:\/\/olemosaic.com\/fr\/wp-json\/wp\/v2\/product_brand?post=27404"},{"taxonomy":"product_cat","embeddable":true,"href":"https:\/\/olemosaic.com\/fr\/wp-json\/wp\/v2\/product_cat?post=27404"},{"taxonomy":"product_tag","embeddable":true,"href":"https:\/\/olemosaic.com\/fr\/wp-json\/wp\/v2\/product_tag?post=27404"}],"curies":[{"name":"wp","href":"https:\/\/api.w.org\/{rel}","templated":true}]}}