{"id":27403,"date":"2025-02-20T22:29:15","date_gmt":"2025-02-20T22:29:15","guid":{"rendered":"http:\/\/olemosaic.com\/producto\/taza-de-ceramica-patio-blanco\/"},"modified":"2025-07-25T18:49:43","modified_gmt":"2025-07-25T16:49:43","slug":"tasse-en-ceramique-patio-blanc","status":"publish","type":"product","link":"https:\/\/olemosaic.com\/fr\/produit\/tasse-en-ceramique-patio-blanc\/","title":{"rendered":"Tasse en c\u00e9ramique. Patio. Blanc."},"content":{"rendered":"<p>Cette tasse en c\u00e9ramique est un souvenir exceptionnel, d\u00e9cor\u00e9e d&rsquo;un design vibrant qui \u00e9voque l&rsquo;essence d&rsquo;un authentique patio andalou. Sa couleur blanche brillante fait ressortir les d\u00e9tails exub\u00e9rants en rouge et vert, qui repr\u00e9sentent une riche vari\u00e9t\u00e9 de fleurs et de plantes en pots ornant la sc\u00e8ne, ainsi qu&rsquo;une lanterne classique qui lui donne une touche autochtone et charmante. Sur l&rsquo;une de ses faces, on peut voir une repr\u00e9sentation artistique d&rsquo;un personnage typique andalou, immerg\u00e9 dans la beaut\u00e9 de son environnement.<\/p>\n<p>L&rsquo;int\u00e9rieur de la tasse est d&rsquo;une couleur rouge attrayante, cr\u00e9ant un contraste charmant qui fait de cette pi\u00e8ce non seulement un objet fonctionnel, mais aussi un \u00e9l\u00e9ment d\u00e9coratif qui apportera un air nostalgique \u00e0 n&rsquo;importe quelle cuisine. Ce souvenir capture la culture espagnole avec sa repr\u00e9sentation des patios andalous, espaces de convivialit\u00e9 et de beaut\u00e9, symboles de la tradition du sud de l&rsquo;Espagne.<\/p>\n<p>Chez Ol\u00e9 Mosaic, nous sommes fiers de proposer des souvenirs authentiques qui refl\u00e8tent la richesse culturelle et artistique de l&rsquo;Espagne. Cette tasse en c\u00e9ramique est une excellente option pour les boutiques de cadeaux touristiques \u00e0 la recherche de produits de qualit\u00e9 qui s\u00e9duiront les visiteurs. En tant que grossistes sp\u00e9cialis\u00e9s en souvenirs, nous garantissons que chaque pi\u00e8ce est, en plus d&rsquo;un souvenir, une exp\u00e9rience, id\u00e9ale pour ceux qui souhaitent emporter un morceau de la magie de l&rsquo;Andalousie.<\/p>\n","protected":false},"excerpt":{"rendered":"<p>Tasse en c\u00e9ramique d\u00e9cor\u00e9e d&rsquo;un design vibrant d&rsquo;un patio andalou, id\u00e9ale pour savourer vos boissons pr\u00e9f\u00e9r\u00e9es. Le blanc fait ressortir les d\u00e9tails exub\u00e9rants en rouge et vert, comme les fleurs et les plantes en pots, ainsi que la lanterne classique qui apporte une touche autochtone. De plus, l&rsquo;int\u00e9rieur de la tasse est d&rsquo;un rouge attrayant, cr\u00e9ant un contraste charmant. Un souvenir parfait qui capture l&rsquo;essence de la culture espagnole.<\/p>\n","protected":false},"featured_media":8406,"template":"","meta":{"_acf_changed":false},"product_brand":[],"product_cat":[822],"product_tag":[585],"class_list":{"0":"post-27403","1":"product","2":"type-product","3":"status-publish","4":"has-post-thumbnail","6":"product_cat-mugs-fr","7":"product_tag-ceramique","8":"pa_motivo-cours-interieures","10":"first","11":"instock","12":"shipping-taxable","13":"product-type-simple"},"acf":[],"_links":{"self":[{"href":"https:\/\/olemosaic.com\/fr\/wp-json\/wp\/v2\/product\/27403","targetHints":{"allow":["GET"]}}],"collection":[{"href":"https:\/\/olemosaic.com\/fr\/wp-json\/wp\/v2\/product"}],"about":[{"href":"https:\/\/olemosaic.com\/fr\/wp-json\/wp\/v2\/types\/product"}],"wp:featuredmedia":[{"embeddable":true,"href":"https:\/\/olemosaic.com\/fr\/wp-json\/wp\/v2\/media\/8406"}],"wp:attachment":[{"href":"https:\/\/olemosaic.com\/fr\/wp-json\/wp\/v2\/media?parent=27403"}],"wp:term":[{"taxonomy":"product_brand","embeddable":true,"href":"https:\/\/olemosaic.com\/fr\/wp-json\/wp\/v2\/product_brand?post=27403"},{"taxonomy":"product_cat","embeddable":true,"href":"https:\/\/olemosaic.com\/fr\/wp-json\/wp\/v2\/product_cat?post=27403"},{"taxonomy":"product_tag","embeddable":true,"href":"https:\/\/olemosaic.com\/fr\/wp-json\/wp\/v2\/product_tag?post=27403"}],"curies":[{"name":"wp","href":"https:\/\/api.w.org\/{rel}","templated":true}]}}