{"id":27402,"date":"2025-02-20T23:29:15","date_gmt":"2025-02-20T22:29:15","guid":{"rendered":"http:\/\/olemosaic.com\/producto\/mug-de-ceramica-salamandra-beige-2\/"},"modified":"2025-07-25T18:47:55","modified_gmt":"2025-07-25T16:47:55","slug":"mug-en-ceramique-salamandre-beige-2","status":"publish","type":"product","link":"https:\/\/olemosaic.com\/fr\/produit\/mug-en-ceramique-salamandre-beige-2\/","title":{"rendered":"Mug en c\u00e9ramique. Salamandre. Beige."},"content":{"rendered":"<p>Cette tasse en c\u00e9ramique beige, orn\u00e9e de salamandres vibrantes en mosa\u00efque, est un authentique \u00e9chantillon de l&rsquo;art espagnol. \u00c9labor\u00e9e avec une finition peinte \u00e0 la main, cette pi\u00e8ce unique se distingue par son design plein de vie, o\u00f9 de charmantes salamandres aux couleurs \u00e9clatantes s&rsquo;entrelacent avec des fleurs frappantes, cr\u00e9ant un effet visuel splendide. L&rsquo;int\u00e9rieur de la tasse, peint d&rsquo;un rouge intense, contraste merveilleusement avec l&rsquo;ext\u00e9rieur, rehaussant encore son attrait. Sur l&rsquo;un de ses c\u00f4t\u00e9s, le mot \u00ab\u00a0ESPA\u00d1A\u00a0\u00bb est inscrit avec un design ludique, faisant de cette tasse le souvenir id\u00e9al pour ceux qui appr\u00e9cient la culture espagnole.<\/p>\n<p>Ce souvenir n&rsquo;est pas seulement fonctionnel, il capture \u00e9galement l&rsquo;essence de la biodiversit\u00e9 et de la richesse culturelle de l&rsquo;Espagne, \u00e9voquant des images de mosa\u00efques traditionnelles et le folklore vibrant du pays. Il attirera les touristes \u00e0 la recherche d&rsquo;un morceau authentique d&rsquo;Espagne \u00e0 rapporter chez eux. Chez Ol\u00e9 Mosaic, nous nous consacrons \u00e0 la distribution de souvenirs en gros, et cette tasse est le choix parfait pour les boutiques de cadeaux touristiques cherchant \u00e0 proposer des produits refl\u00e9tant la culture et l&rsquo;artisanat espagnols. Avec ce magnifique mug salamandre, transformez chaque tasse de caf\u00e9 ou de th\u00e9 en une exp\u00e9rience culturelle et faites de chaque gorg\u00e9e un souvenir m\u00e9morable.<\/p>\n","protected":false},"excerpt":{"rendered":"<p>Tasse en c\u00e9ramique beige orn\u00e9e de salamandres vibrantes en mosa\u00efque. Cette pi\u00e8ce unique pr\u00e9sente un design artisanal, peint \u00e0 la main, qui capture l&rsquo;essence de l&rsquo;art espagnol, avec des salamandres aux couleurs \u00e9clatantes et des fleurs frappantes. L&rsquo;int\u00e9rieur de la tasse est d&rsquo;un rouge intense, cr\u00e9ant un contraste tr\u00e8s attrayant. Sur un c\u00f4t\u00e9, le mot \u00ab\u00a0ESPA\u00d1A\u00a0\u00bb en fait un souvenir id\u00e9al pour les amoureux de la culture.<\/p>\n","protected":false},"featured_media":6724,"template":"","meta":{"_acf_changed":false},"product_brand":[],"product_cat":[728],"product_tag":[530,585],"class_list":{"0":"post-27402","1":"product","2":"type-product","3":"status-publish","4":"has-post-thumbnail","6":"product_cat-mugs","7":"product_tag-animaux","8":"product_tag-ceramique","9":"pa_motivo-salamandres","11":"first","12":"instock","13":"shipping-taxable","14":"product-type-simple"},"acf":[],"_links":{"self":[{"href":"https:\/\/olemosaic.com\/fr\/wp-json\/wp\/v2\/product\/27402","targetHints":{"allow":["GET"]}}],"collection":[{"href":"https:\/\/olemosaic.com\/fr\/wp-json\/wp\/v2\/product"}],"about":[{"href":"https:\/\/olemosaic.com\/fr\/wp-json\/wp\/v2\/types\/product"}],"wp:featuredmedia":[{"embeddable":true,"href":"https:\/\/olemosaic.com\/fr\/wp-json\/wp\/v2\/media\/6724"}],"wp:attachment":[{"href":"https:\/\/olemosaic.com\/fr\/wp-json\/wp\/v2\/media?parent=27402"}],"wp:term":[{"taxonomy":"product_brand","embeddable":true,"href":"https:\/\/olemosaic.com\/fr\/wp-json\/wp\/v2\/product_brand?post=27402"},{"taxonomy":"product_cat","embeddable":true,"href":"https:\/\/olemosaic.com\/fr\/wp-json\/wp\/v2\/product_cat?post=27402"},{"taxonomy":"product_tag","embeddable":true,"href":"https:\/\/olemosaic.com\/fr\/wp-json\/wp\/v2\/product_tag?post=27402"}],"curies":[{"name":"wp","href":"https:\/\/api.w.org\/{rel}","templated":true}]}}