{"id":27401,"date":"2025-02-20T22:29:15","date_gmt":"2025-02-20T22:29:15","guid":{"rendered":"http:\/\/olemosaic.com\/producto\/taza-de-ceramica-la-alhambra-granada-beige\/"},"modified":"2025-07-25T18:33:48","modified_gmt":"2025-07-25T16:33:48","slug":"tasse-en-ceramique-l-alhambra-grenade-beige","status":"publish","type":"product","link":"https:\/\/olemosaic.com\/fr\/produit\/tasse-en-ceramique-l-alhambra-grenade-beige\/","title":{"rendered":"Tasse en c\u00e9ramique. L&rsquo;Alhambra. Grenade. Beige."},"content":{"rendered":"<p>Cette tasse d\u00e9corative en c\u00e9ramique, inspir\u00e9e de l&rsquo;Alhambra de Grenade, est un souvenir incontournable qui capture l&rsquo;essence de l&rsquo;un des monuments les plus embl\u00e9matiques d&rsquo;Espagne. Avec une finition \u00e9l\u00e9gante dans les tons beiges, cette tasse color\u00e9e pr\u00e9sente des illustrations vibrantes du palais embl\u00e9matique et de ses magnifiques jardins, entour\u00e9s d&rsquo;une profusion de d\u00e9tails bleus et de motifs g\u00e9om\u00e9triques \u00e0 la base qui \u00e9voquent le style artistique de l&rsquo;architecture nasride. La tasse comprend une cuill\u00e8re assortie, dans une couleur qui compl\u00e8te la partie sup\u00e9rieure, ajoutant une touche de fonctionnalit\u00e9 et de style.<\/p>\n<p>Chaque gorg\u00e9e de vos boissons pr\u00e9f\u00e9r\u00e9es vous rappellera la majest\u00e9 de l&rsquo;Alhambra, symbole du patrimoine culturel andalou, et sa riche histoire qui attire des touristes du monde entier. Cet \u00e9l\u00e9ment d\u00e9coratif n&rsquo;est pas seulement un ustensile, mais une v\u00e9ritable repr\u00e9sentation de la culture de Grenade qui devient le cadeau id\u00e9al pour ceux qui cherchent \u00e0 emporter un morceau de sa beaut\u00e9. Chez Ol\u00e9 Mosaic, nous nous sp\u00e9cialisons dans la distribution de souvenirs en gros, garantissant que cette tasse d\u00e9corative en c\u00e9ramique soit un choix parfait pour les boutiques de cadeaux touristiques qui appr\u00e9cient la qualit\u00e9 et le design unique. Offrez \u00e0 vos clients un souvenir m\u00e9morable de Grenade avec ce souvenir exquis qui refl\u00e8te l&rsquo;art et la tradition de la r\u00e9gion.<\/p>\n","protected":false},"excerpt":{"rendered":"<p>Tasse d\u00e9corative en c\u00e9ramique inspir\u00e9e de l&rsquo;Alhambra de Grenade, avec une finition \u00e9l\u00e9gante dans les tons beiges. Cette tasse color\u00e9e pr\u00e9sente des illustrations vibrantes du palais embl\u00e9matique et de ses jardins, avec des d\u00e9tails bleus et des motifs g\u00e9om\u00e9triques \u00e0 la base. Comprend une cuill\u00e8re assortie, de la m\u00eame couleur que la partie sup\u00e9rieure, apportant fonctionnalit\u00e9 et style. Parfaite pour savourer vos boissons pr\u00e9f\u00e9r\u00e9es tout en vous rappelant la beaut\u00e9 de l&rsquo;un des monuments les plus embl\u00e9matiques d&rsquo;Espagne.<\/p>\n","protected":false},"featured_media":7011,"template":"","meta":{"_acf_changed":false},"product_brand":[],"product_cat":[822],"product_tag":[585],"class_list":{"0":"post-27401","1":"product","2":"type-product","3":"status-publish","4":"has-post-thumbnail","6":"product_cat-mugs-fr","7":"product_tag-ceramique","8":"pa_ciudad-granada","9":"pa_motivo-lalhambra","10":"pa_pais-espana","12":"first","13":"instock","14":"shipping-taxable","15":"product-type-simple"},"acf":[],"_links":{"self":[{"href":"https:\/\/olemosaic.com\/fr\/wp-json\/wp\/v2\/product\/27401","targetHints":{"allow":["GET"]}}],"collection":[{"href":"https:\/\/olemosaic.com\/fr\/wp-json\/wp\/v2\/product"}],"about":[{"href":"https:\/\/olemosaic.com\/fr\/wp-json\/wp\/v2\/types\/product"}],"wp:featuredmedia":[{"embeddable":true,"href":"https:\/\/olemosaic.com\/fr\/wp-json\/wp\/v2\/media\/7011"}],"wp:attachment":[{"href":"https:\/\/olemosaic.com\/fr\/wp-json\/wp\/v2\/media?parent=27401"}],"wp:term":[{"taxonomy":"product_brand","embeddable":true,"href":"https:\/\/olemosaic.com\/fr\/wp-json\/wp\/v2\/product_brand?post=27401"},{"taxonomy":"product_cat","embeddable":true,"href":"https:\/\/olemosaic.com\/fr\/wp-json\/wp\/v2\/product_cat?post=27401"},{"taxonomy":"product_tag","embeddable":true,"href":"https:\/\/olemosaic.com\/fr\/wp-json\/wp\/v2\/product_tag?post=27401"}],"curies":[{"name":"wp","href":"https:\/\/api.w.org\/{rel}","templated":true}]}}