{"id":27378,"date":"2025-02-20T22:29:14","date_gmt":"2025-02-20T22:29:14","guid":{"rendered":"http:\/\/olemosaic.com\/producto\/taza-de-ceramica-patio-madrid-blanco\/"},"modified":"2025-07-25T18:53:28","modified_gmt":"2025-07-25T16:53:28","slug":"mug-en-ceramique-patio-madrid-blanc","status":"publish","type":"product","link":"https:\/\/olemosaic.com\/fr\/produit\/mug-en-ceramique-patio-madrid-blanc\/","title":{"rendered":"Mug en c\u00e9ramique. Patio. Madrid. Blanc."},"content":{"rendered":"<p>Ce mug en c\u00e9ramique d\u00e9cor\u00e9 vous transporte dans un charmant patio madril\u00e8ne, capturant l&rsquo;essence de la capitale espagnole dans chaque d\u00e9tail. Son design vibrant pr\u00e9sente des motifs de fleurs rouges et vertes qui ornent l&rsquo;ext\u00e9rieur, cr\u00e9ant une atmosph\u00e8re joyeuse et accueillante. La fen\u00eatre avec des grilles en fer se d\u00e9tache sur le fond de pierre blanche, \u00e9voquant l&rsquo;architecture typique de Madrid. Les jardini\u00e8res color\u00e9es, remplies de g\u00e9raniums, ajoutent une touche locale qui rend hommage \u00e0 la riche culture floral de la ville.<\/p>\n<p>L&rsquo;int\u00e9rieur du mug, dans un ton rouge attrayant, compl\u00e8te l&rsquo;esth\u00e9tique ext\u00e9rieure, apportant l&rsquo;esprit festif de Madrid \u00e0 chaque gorg\u00e9e. Ce mug n&rsquo;est pas seulement id\u00e9al pour savourer vos boissons pr\u00e9f\u00e9r\u00e9es, il agit \u00e9galement comme un souvenir repr\u00e9sentatif d&rsquo;un lieu charg\u00e9 d&rsquo;histoire et de vie.<\/p>\n<p>Chez Ol\u00e9 Mosaic, nous proposons ce mug en c\u00e9ramique comme un excellent souvenir de Madrid qui refl\u00e8te l&rsquo;authenticit\u00e9 et l&rsquo;art local. C&rsquo;est un choix parfait pour les boutiques de cadeaux touristiques \u00e0 la recherche de produits qui connectent avec la culture et la joie de l&rsquo;Espagne. En tant que distributeurs de souvenirs en gros, nous garantissons que chaque pi\u00e8ce est un reflet de l&rsquo;h\u00e9ritage culturel de la r\u00e9gion.<\/p>\n","protected":false},"excerpt":{"rendered":"<p>Mug en c\u00e9ramique d\u00e9cor\u00e9 d&rsquo;un design vibrant \u00e9voquant un charmant patio madril\u00e8ne. Il pr\u00e9sente des motifs de fleurs rouges et vertes, une fen\u00eatre avec des grilles en fer et des jardini\u00e8res color\u00e9es, sur un fond de pierre blanche, refl\u00e9tant l&rsquo;esprit joyeux de la ville. L&rsquo;int\u00e9rieur du mug est d&rsquo;un ton rouge attrayant, compl\u00e9tant l&rsquo;esth\u00e9tique g\u00e9n\u00e9rale. Id\u00e9al pour savourer vos boissons pr\u00e9f\u00e9r\u00e9es tout en vous transportant dans l&rsquo;essence de Madrid.<\/p>\n","protected":false},"featured_media":7965,"template":"","meta":{"_acf_changed":false},"product_brand":[],"product_cat":[822],"product_tag":[585],"class_list":{"0":"post-27378","1":"product","2":"type-product","3":"status-publish","4":"has-post-thumbnail","6":"product_cat-mugs-fr","7":"product_tag-ceramique","8":"pa_ciudad-madrid","9":"pa_motivo-cours-interieures","10":"pa_pais-espana","12":"first","13":"instock","14":"shipping-taxable","15":"product-type-simple"},"acf":[],"_links":{"self":[{"href":"https:\/\/olemosaic.com\/fr\/wp-json\/wp\/v2\/product\/27378","targetHints":{"allow":["GET"]}}],"collection":[{"href":"https:\/\/olemosaic.com\/fr\/wp-json\/wp\/v2\/product"}],"about":[{"href":"https:\/\/olemosaic.com\/fr\/wp-json\/wp\/v2\/types\/product"}],"wp:featuredmedia":[{"embeddable":true,"href":"https:\/\/olemosaic.com\/fr\/wp-json\/wp\/v2\/media\/7965"}],"wp:attachment":[{"href":"https:\/\/olemosaic.com\/fr\/wp-json\/wp\/v2\/media?parent=27378"}],"wp:term":[{"taxonomy":"product_brand","embeddable":true,"href":"https:\/\/olemosaic.com\/fr\/wp-json\/wp\/v2\/product_brand?post=27378"},{"taxonomy":"product_cat","embeddable":true,"href":"https:\/\/olemosaic.com\/fr\/wp-json\/wp\/v2\/product_cat?post=27378"},{"taxonomy":"product_tag","embeddable":true,"href":"https:\/\/olemosaic.com\/fr\/wp-json\/wp\/v2\/product_tag?post=27378"}],"curies":[{"name":"wp","href":"https:\/\/api.w.org\/{rel}","templated":true}]}}