{"id":27376,"date":"2025-02-20T23:29:14","date_gmt":"2025-02-20T22:29:14","guid":{"rendered":"http:\/\/olemosaic.com\/producto\/mug-de-ceramica-barcelona-beige\/"},"modified":"2025-07-25T19:39:46","modified_gmt":"2025-07-25T17:39:46","slug":"mug-en-ceramique-barcelone-beige","status":"publish","type":"product","link":"https:\/\/olemosaic.com\/fr\/produit\/mug-en-ceramique-barcelone-beige\/","title":{"rendered":"Mug en c\u00e9ramique. Barcelone. Beige."},"content":{"rendered":"<p>Ce mug en c\u00e9ramique d\u00e9cor\u00e9 est un hommage vibrant \u00e0 la ville embl\u00e9matique de Barcelone, parfait pour ceux qui souhaitent emporter un petit morceau de la culture catalane. Son design pr\u00e9sente une mosa\u00efque color\u00e9e inspir\u00e9e des c\u00e9l\u00e8bres \u0153uvres d&rsquo;Antoni Gaud\u00ed, se distinguant par des teintes brillantes qui \u00e9voquent la beaut\u00e9 de l&rsquo;architecture moderniste de la ville. Le mug, d&rsquo;un \u00e9l\u00e9gant coloris beige, affiche le mot \u00ab\u00a0Barcelone\u00a0\u00bb en lettres joyeuses, ajoutant une touche festive \u00e0 son esth\u00e9tique.<\/p>\n<p>L&#8217;emballage sophistiqu\u00e9 fait de ce mug un cadeau id\u00e9al, et la cuill\u00e8re bleu brillant qui l&rsquo;accompagne compl\u00e8te son style contemporain, en faisant une pi\u00e8ce pratique et agr\u00e9able pour un usage quotidien. Que ce soit pour savourer un caf\u00e9, un th\u00e9 ou toute autre boisson, ce mug n&rsquo;est pas seulement fonctionnel, il sert \u00e9galement de rappel constant des merveilles qu&rsquo;offre Barcelone.<\/p>\n<p>Chez Ol\u00e9 Mosaic, nous nous sp\u00e9cialisons dans la distribution de souvenirs en c\u00e9ramique et d&rsquo;autres produits repr\u00e9sentatifs de l&rsquo;Espagne. Ce mug est un excellent souvenir pour les touristes et un article phare pour les boutiques de cadeaux cherchant \u00e0 proposer d&rsquo;authentiques souvenirs de Barcelone. Avec sa connexion culturelle et son design attrayant, c&rsquo;est un choix parfait pour ceux qui souhaitent se rem\u00e9morer leurs visites ou offrir une part de la culture espagnole \u00e0 leurs proches.<\/p>\n","protected":false},"excerpt":{"rendered":"<p>Mug en c\u00e9ramique d\u00e9cor\u00e9 d&rsquo;un design vibrant inspir\u00e9 de Barcelone, pr\u00e9sent\u00e9 dans un emballage \u00e9l\u00e9gant. Il arbore une mosa\u00efque color\u00e9e \u00e9voquant l&rsquo;\u0153uvre c\u00e9l\u00e8bre de Gaud\u00ed, accompagn\u00e9e du texte \u00ab\u00a0Barcelone\u00a0\u00bb en lettres joyeuses. Le mug inclut une petite cuill\u00e8re bleu brillant, qui compl\u00e8te son style contemporain. Parfait pour savourer vos boissons pr\u00e9f\u00e9r\u00e9es tout en vous rappelant la beaut\u00e9 de la cit\u00e9 comtale. Id\u00e9al comme souvenir ou cadeau sp\u00e9cial pour les amoureux de la culture espagnole.<\/p>\n","protected":false},"featured_media":9210,"template":"","meta":{"_acf_changed":false},"product_brand":[],"product_cat":[728],"product_tag":[585],"class_list":{"0":"post-27376","1":"product","2":"type-product","3":"status-publish","4":"has-post-thumbnail","6":"product_cat-mugs","7":"product_tag-ceramique","8":"pa_ciudad-barcelona","9":"pa_pais-espana","11":"first","12":"instock","13":"shipping-taxable","14":"product-type-simple"},"acf":[],"_links":{"self":[{"href":"https:\/\/olemosaic.com\/fr\/wp-json\/wp\/v2\/product\/27376","targetHints":{"allow":["GET"]}}],"collection":[{"href":"https:\/\/olemosaic.com\/fr\/wp-json\/wp\/v2\/product"}],"about":[{"href":"https:\/\/olemosaic.com\/fr\/wp-json\/wp\/v2\/types\/product"}],"wp:featuredmedia":[{"embeddable":true,"href":"https:\/\/olemosaic.com\/fr\/wp-json\/wp\/v2\/media\/9210"}],"wp:attachment":[{"href":"https:\/\/olemosaic.com\/fr\/wp-json\/wp\/v2\/media?parent=27376"}],"wp:term":[{"taxonomy":"product_brand","embeddable":true,"href":"https:\/\/olemosaic.com\/fr\/wp-json\/wp\/v2\/product_brand?post=27376"},{"taxonomy":"product_cat","embeddable":true,"href":"https:\/\/olemosaic.com\/fr\/wp-json\/wp\/v2\/product_cat?post=27376"},{"taxonomy":"product_tag","embeddable":true,"href":"https:\/\/olemosaic.com\/fr\/wp-json\/wp\/v2\/product_tag?post=27376"}],"curies":[{"name":"wp","href":"https:\/\/api.w.org\/{rel}","templated":true}]}}