{"id":27369,"date":"2025-02-20T22:29:14","date_gmt":"2025-02-20T22:29:14","guid":{"rendered":"http:\/\/olemosaic.com\/producto\/taza-de-ceramica-bailaora-sevilla-beige-2\/"},"modified":"2025-07-25T18:48:34","modified_gmt":"2025-07-25T16:48:34","slug":"mug-en-ceramique-danseuse-flamenco-seville-beige-2","status":"publish","type":"product","link":"https:\/\/olemosaic.com\/fr\/produit\/mug-en-ceramique-danseuse-flamenco-seville-beige-2\/","title":{"rendered":"Mug en c\u00e9ramique. Danseuse de flamenco. S\u00e9ville. Beige."},"content":{"rendered":"<p>Ce mug en c\u00e9ramique, d\u00e9cor\u00e9 d&rsquo;une charmante illustration d&rsquo;une danseuse de flamenco, est un v\u00e9ritable hommage \u00e0 la culture vibrante de S\u00e9ville. Son design attrayant montre la danseuse avec un costume color\u00e9 qui se distingue par ses volants et la fluidit\u00e9 de son mouvement, entour\u00e9e de fleurs rouges exub\u00e9rantes qui symbolisent la passion de cette tradition andalouse. Le mug, d&rsquo;une \u00e9l\u00e9gante couleur beige, pr\u00e9sente le mot \u00ab SEVILLA \u00bb \u00e9crit dans un style frappant qui renforce sa connexion avec la ville, tandis que sur la partie inf\u00e9rieure ressortent des motifs de volants qui \u00e9voquent l&rsquo;esth\u00e9tique flamenca.<\/p>\n<p>Ce souvenir n&rsquo;est pas seulement fonctionnel, il repr\u00e9sente aussi un morceau du riche h\u00e9ritage culturel s\u00e9villan. Parfait pour savourer vos boissons pr\u00e9f\u00e9r\u00e9es, chaque gorg\u00e9e permettra aux utilisateurs de s&rsquo;immerger dans l&rsquo;essence andalouse, \u00e9voquant la musique et l&rsquo;art flamenco qui caract\u00e9risent cette r\u00e9gion. Chez Ol\u00e9 Mosaic, nous nous consacrons \u00e0 la distribution de souvenirs en gros, offrant des produits authentiques qui capturent l&rsquo;identit\u00e9 culturelle espagnole. Ce mug en c\u00e9ramique est une excellente option pour les boutiques de cadeaux touristiques \u00e0 la recherche de souvenirs repr\u00e9sentatifs de S\u00e9ville, garantissant un souvenir de qualit\u00e9 et d&rsquo;authenticit\u00e9 qui r\u00e9sonne avec l&rsquo;histoire et la tradition de la ville.<\/p>\n","protected":false},"excerpt":{"rendered":"<p>Mug en c\u00e9ramique d\u00e9cor\u00e9 d&rsquo;une illustration vibrante d&rsquo;une danseuse de flamenco, inspir\u00e9e de la riche culture de S\u00e9ville. Ce design attrayant montre la danseuse v\u00eatue d&rsquo;un costume color\u00e9, entour\u00e9e de fleurs rouges et de motifs de volants sur la partie inf\u00e9rieure. Le mug, de couleur beige, met en valeur le mot \u00ab SEVILLA \u00bb avec une typographie frappante, compl\u00e9t\u00e9e par un \u00e9l\u00e9gant \u0153illet. Id\u00e9al pour savourer vos boissons pr\u00e9f\u00e9r\u00e9es avec une touche andalouse.<\/p>\n","protected":false},"featured_media":6898,"template":"","meta":{"_acf_changed":false},"product_brand":[],"product_cat":[822],"product_tag":[585],"class_list":{"0":"post-27369","1":"product","2":"type-product","3":"status-publish","4":"has-post-thumbnail","6":"product_cat-mugs-fr","7":"product_tag-ceramique","8":"pa_ciudad-sevilla","9":"pa_motivo-danseurs","10":"pa_pais-espana","12":"first","13":"instock","14":"shipping-taxable","15":"product-type-simple"},"acf":[],"_links":{"self":[{"href":"https:\/\/olemosaic.com\/fr\/wp-json\/wp\/v2\/product\/27369","targetHints":{"allow":["GET"]}}],"collection":[{"href":"https:\/\/olemosaic.com\/fr\/wp-json\/wp\/v2\/product"}],"about":[{"href":"https:\/\/olemosaic.com\/fr\/wp-json\/wp\/v2\/types\/product"}],"wp:featuredmedia":[{"embeddable":true,"href":"https:\/\/olemosaic.com\/fr\/wp-json\/wp\/v2\/media\/6898"}],"wp:attachment":[{"href":"https:\/\/olemosaic.com\/fr\/wp-json\/wp\/v2\/media?parent=27369"}],"wp:term":[{"taxonomy":"product_brand","embeddable":true,"href":"https:\/\/olemosaic.com\/fr\/wp-json\/wp\/v2\/product_brand?post=27369"},{"taxonomy":"product_cat","embeddable":true,"href":"https:\/\/olemosaic.com\/fr\/wp-json\/wp\/v2\/product_cat?post=27369"},{"taxonomy":"product_tag","embeddable":true,"href":"https:\/\/olemosaic.com\/fr\/wp-json\/wp\/v2\/product_tag?post=27369"}],"curies":[{"name":"wp","href":"https:\/\/api.w.org\/{rel}","templated":true}]}}