{"id":27368,"date":"2025-02-20T23:29:14","date_gmt":"2025-02-20T22:29:14","guid":{"rendered":"http:\/\/olemosaic.com\/producto\/taza-de-ceramica-toros-blanco-2\/"},"modified":"2025-07-25T18:48:35","modified_gmt":"2025-07-25T16:48:35","slug":"mug-en-ceramique-taureaux-espagne-blanc","status":"publish","type":"product","link":"https:\/\/olemosaic.com\/fr\/produit\/mug-en-ceramique-taureaux-espagne-blanc\/","title":{"rendered":"Mug en c\u00e9ramique. Taureaux. Espagne. Blanc."},"content":{"rendered":"<p>Ce mug en c\u00e9ramique, d\u00e9cor\u00e9 d&rsquo;un motif vibrant de taureau, est un souvenir embl\u00e9matique qui \u00e9voque la riche tradition espagnole. Avec un design inspir\u00e9 de l&rsquo;art du trencad\u00eds, cette pi\u00e8ce pr\u00e9sente une palette de couleurs impressionnante : verts, rouges, bleus et jaunes qui contrastent merveilleusement avec le fond blanc et les d\u00e9tails rouges de la partie sup\u00e9rieure. La figure centrale du taureau, symbole de la culture espagnole, est entour\u00e9e de fleurs \u00e9l\u00e9gantes et d&rsquo;un soleil radieux, ce qui renforce sa connexion avec la vitalit\u00e9 des traditions ib\u00e9riques et des festivit\u00e9s li\u00e9es \u00e0 la tauromachie.<\/p>\n<p>Ce mug n&rsquo;est pas seulement un r\u00e9cipient id\u00e9al pour savourer vos boissons pr\u00e9f\u00e9r\u00e9es, qu&rsquo;elles soient chaudes ou froides, mais il sert \u00e9galement de rappel tangible de la beaut\u00e9 de l&rsquo;art et de l&rsquo;histoire de l&rsquo;Espagne. Chaque gorg\u00e9e est une c\u00e9l\u00e9bration de la culture espagnole, transformant les moments quotidiens en exp\u00e9riences pleines de saveur et de couleur. Chez Ol\u00e9 Mosaic, nous sommes fiers de proposer des produits authentiques et de qualit\u00e9, et ce mug taureau est une excellente option pour les touristes \u00e0 la recherche de souvenirs repr\u00e9sentatifs de leur voyage. En tant que distributeurs de souvenirs en gros, nos produits se distinguent par leur originalit\u00e9 et leur art, faisant de ce mug en c\u00e9ramique un ajout pr\u00e9cieux pour toute boutique de cadeaux touristiques qui valorise l&rsquo;artisanat et la tradition.<\/p>\n","protected":false},"excerpt":{"rendered":"<p>Mug en c\u00e9ramique d\u00e9cor\u00e9 d&rsquo;un motif vibrant de taureau \u00e9voquant la tradition espagnole. Ce design, inspir\u00e9 de l&rsquo;art du trencad\u00eds, pr\u00e9sente une riche palette de couleurs : verts, rouges, bleus et jaunes, qui contrastent avec le fond blanc et sont compl\u00e9t\u00e9s par des d\u00e9tails rouges sur la partie sup\u00e9rieure. Entour\u00e9 de fleurs et d&rsquo;un soleil radieux, ce r\u00e9cipient \u00e9l\u00e9gant est id\u00e9al pour les amoureux de la culture espagnole. Parfait pour savourer vos boissons pr\u00e9f\u00e9r\u00e9es.<\/p>\n","protected":false},"featured_media":8524,"template":"","meta":{"_acf_changed":false},"product_brand":[],"product_cat":[822],"product_tag":[530,585],"class_list":{"0":"post-27368","1":"product","2":"type-product","3":"status-publish","4":"has-post-thumbnail","6":"product_cat-mugs-fr","7":"product_tag-animaux","8":"product_tag-ceramique","9":"pa_motivo-taureaux","11":"first","12":"instock","13":"shipping-taxable","14":"product-type-simple"},"acf":[],"_links":{"self":[{"href":"https:\/\/olemosaic.com\/fr\/wp-json\/wp\/v2\/product\/27368","targetHints":{"allow":["GET"]}}],"collection":[{"href":"https:\/\/olemosaic.com\/fr\/wp-json\/wp\/v2\/product"}],"about":[{"href":"https:\/\/olemosaic.com\/fr\/wp-json\/wp\/v2\/types\/product"}],"wp:featuredmedia":[{"embeddable":true,"href":"https:\/\/olemosaic.com\/fr\/wp-json\/wp\/v2\/media\/8524"}],"wp:attachment":[{"href":"https:\/\/olemosaic.com\/fr\/wp-json\/wp\/v2\/media?parent=27368"}],"wp:term":[{"taxonomy":"product_brand","embeddable":true,"href":"https:\/\/olemosaic.com\/fr\/wp-json\/wp\/v2\/product_brand?post=27368"},{"taxonomy":"product_cat","embeddable":true,"href":"https:\/\/olemosaic.com\/fr\/wp-json\/wp\/v2\/product_cat?post=27368"},{"taxonomy":"product_tag","embeddable":true,"href":"https:\/\/olemosaic.com\/fr\/wp-json\/wp\/v2\/product_tag?post=27368"}],"curies":[{"name":"wp","href":"https:\/\/api.w.org\/{rel}","templated":true}]}}