{"id":27367,"date":"2025-02-20T22:29:14","date_gmt":"2025-02-20T22:29:14","guid":{"rendered":"http:\/\/olemosaic.com\/producto\/taza-de-ceramica-santiago-blanco\/"},"modified":"2025-07-25T19:57:51","modified_gmt":"2025-07-25T17:57:51","slug":"mug-en-ceramique-saint-jacques-blanc","status":"publish","type":"product","link":"https:\/\/olemosaic.com\/fr\/produit\/mug-en-ceramique-saint-jacques-blanc\/","title":{"rendered":"Mug en c\u00e9ramique. Saint-Jacques. Blanc."},"content":{"rendered":"<p>Ce mug en c\u00e9ramique, d\u00e9cor\u00e9 d&rsquo;un design vibrant du Chemin de Saint-Jacques, est un v\u00e9ritable hommage \u00e0 l&rsquo;une des traditions les plus embl\u00e9matiques d&rsquo;Espagne. Sur un fond blanc qui met en valeur l&rsquo;illustration color\u00e9e, le mug pr\u00e9sente un p\u00e8lerin avec son bourdon et son sac \u00e0 dos, symbolisant l&rsquo;esprit aventureux de ceux qui parcourent cette route historique. De plus, la c\u00e9l\u00e8bre fl\u00e8che jaune, logo du Chemin, se d\u00e9tache sur la partie frontale, guidant les voyageurs vers Saint-Jacques-de-Compostelle.<\/p>\n<p>Le mug se caract\u00e9rise par son bord bleu attrayant sur la partie sup\u00e9rieure, qui ajoute une touche de fra\u00eecheur et de joie au design g\u00e9n\u00e9ral. Chaque d\u00e9tail, des sacoches du p\u00e8lerin aux motifs color\u00e9s qui ornent le fond, refl\u00e8te la diversit\u00e9 des exp\u00e9riences v\u00e9cues par ceux qui s&rsquo;aventurent sur ce chemin spirituel et culturel important.<\/p>\n<p>Ce souvenir n&rsquo;est pas seulement un article pratique pour le quotidien, mais aussi un souvenir significatif qui r\u00e9sume la riche histoire et la tradition du Chemin de Saint-Jacques. C&rsquo;est un cadeau id\u00e9al pour les amoureux de la culture galicienne et pour ceux qui souhaitent emporter un petit morceau de cette exp\u00e9rience mystique. Chez Ol\u00e9 Mosaic, nous sommes sp\u00e9cialis\u00e9s dans la distribution de souvenirs de qualit\u00e9 en gros, et ce mug est une option brillante pour les boutiques de cadeaux touristiques qui cherchent \u00e0 offrir un produit authentique et embl\u00e9matique. Un souvenir parfait qui connecte les touristes \u00e0 l&rsquo;essence du voyage \u00e0 Saint-Jacques.<\/p>\n","protected":false},"excerpt":{"rendered":"<p>Mug en c\u00e9ramique d\u00e9cor\u00e9 d&rsquo;un design color\u00e9 repr\u00e9sentant le Chemin de Saint-Jacques. Cet article charmant, au fond blanc et aux d\u00e9tails de couleurs vibrantes, montre un p\u00e8lerin avec son b\u00e2ton et son sac \u00e0 dos, ainsi que la c\u00e9l\u00e8bre signalisation du chemin en forme de fl\u00e8che. La partie sup\u00e9rieure du mug est bleue, ce qui ajoute une touche joyeuse \u00e0 son design. Id\u00e9al pour les amoureux de la culture et de la tradition compostellane.<\/p>\n","protected":false},"featured_media":9924,"template":"","meta":{"_acf_changed":false},"product_brand":[],"product_cat":[822],"product_tag":[585],"class_list":{"0":"post-27367","1":"product","2":"type-product","3":"status-publish","4":"has-post-thumbnail","6":"product_cat-mugs-fr","7":"product_tag-ceramique","8":"pa_ciudad-santiago-de-compostela","9":"pa_pais-espana","11":"first","12":"instock","13":"shipping-taxable","14":"product-type-simple"},"acf":[],"_links":{"self":[{"href":"https:\/\/olemosaic.com\/fr\/wp-json\/wp\/v2\/product\/27367","targetHints":{"allow":["GET"]}}],"collection":[{"href":"https:\/\/olemosaic.com\/fr\/wp-json\/wp\/v2\/product"}],"about":[{"href":"https:\/\/olemosaic.com\/fr\/wp-json\/wp\/v2\/types\/product"}],"wp:featuredmedia":[{"embeddable":true,"href":"https:\/\/olemosaic.com\/fr\/wp-json\/wp\/v2\/media\/9924"}],"wp:attachment":[{"href":"https:\/\/olemosaic.com\/fr\/wp-json\/wp\/v2\/media?parent=27367"}],"wp:term":[{"taxonomy":"product_brand","embeddable":true,"href":"https:\/\/olemosaic.com\/fr\/wp-json\/wp\/v2\/product_brand?post=27367"},{"taxonomy":"product_cat","embeddable":true,"href":"https:\/\/olemosaic.com\/fr\/wp-json\/wp\/v2\/product_cat?post=27367"},{"taxonomy":"product_tag","embeddable":true,"href":"https:\/\/olemosaic.com\/fr\/wp-json\/wp\/v2\/product_tag?post=27367"}],"curies":[{"name":"wp","href":"https:\/\/api.w.org\/{rel}","templated":true}]}}