{"id":27366,"date":"2025-02-20T22:29:13","date_gmt":"2025-02-20T22:29:13","guid":{"rendered":"http:\/\/olemosaic.com\/producto\/taza-de-ceramica-toros-blanco\/"},"modified":"2025-07-25T18:42:27","modified_gmt":"2025-07-25T16:42:27","slug":"mug-en-ceramique-taureaux-blanc","status":"publish","type":"product","link":"https:\/\/olemosaic.com\/fr\/produit\/mug-en-ceramique-taureaux-blanc\/","title":{"rendered":"Mug en c\u00e9ramique. Taureaux. Blanc."},"content":{"rendered":"<p>Ce mug en c\u00e9ramique, d\u00e9cor\u00e9 d&rsquo;un motif vibrant de taureau, est un v\u00e9ritable symbole de la culture espagnole. Sur sa surface, une mosa\u00efque color\u00e9e combine des tons rouges, bleus et verts \u00e9clatants, soulignant la force et la noblesse du taureau, qui repr\u00e9sente la tradition taurine de l&rsquo;Espagne. Ce design est encadr\u00e9 par un charmant motif de fleurs et un soleil radieux qui \u00e9voque la chaleur des journ\u00e9es ensoleill\u00e9es de la p\u00e9ninsule. La partie sup\u00e9rieure du mug est d&rsquo;un blanc \u00e9l\u00e9gant, tandis que son int\u00e9rieur rouge ajoute une touche distinctive et pleine de caract\u00e8re, faisant de chaque gorg\u00e9e de vos boissons pr\u00e9f\u00e9r\u00e9es une c\u00e9l\u00e9bration de la diversit\u00e9 culturelle espagnole.<\/p>\n<p>Ce mug n&rsquo;est pas seulement fonctionnel, c&rsquo;est aussi une pi\u00e8ce d\u00e9corative qui capture l&rsquo;essence des traditions locales, devenant un souvenir parfait pour ceux qui souhaitent emporter un souvenir tangible de leur exp\u00e9rience en Espagne. Les motifs qui ornent ce mug refl\u00e8tent l&rsquo;identit\u00e9 et le patrimoine visuel du pays, faisant de cette pi\u00e8ce un cadeau id\u00e9al tant pour les touristes que pour les amoureux de la culture espagnole.<\/p>\n<p>Chez Ol\u00e9 Mosaic, nous sommes sp\u00e9cialis\u00e9s dans la distribution de souvenirs en gros, et ce mug en c\u00e9ramique est une excellente option pour les boutiques de cadeaux touristiques qui cherchent \u00e0 proposer des produits authentiques et repr\u00e9sentatifs. Ce souvenir du riche h\u00e9ritage espagnol, avec un design qui ne passe pas inaper\u00e7u, est un excellent compl\u00e9ment \u00e0 toute collection de souvenirs.<\/p>\n","protected":false},"excerpt":{"rendered":"<p>Mug en c\u00e9ramique d\u00e9cor\u00e9 d&rsquo;un motif color\u00e9 de taureau, symbole iconique de la culture espagnole. Il pr\u00e9sente une mosa\u00efque vibrante combinant des tons rouges, bleus et verts, encadr\u00e9e par un joli motif floral et un soleil radieux. La partie sup\u00e9rieure est blanche, avec un int\u00e9rieur rouge qui lui donne une touche distinctive. Cette pi\u00e8ce est parfaite pour savourer vos boissons pr\u00e9f\u00e9r\u00e9es tout en c\u00e9l\u00e9brant la tradition espagnole.<\/p>\n","protected":false},"featured_media":8555,"template":"","meta":{"_acf_changed":false},"product_brand":[],"product_cat":[822],"product_tag":[530,585],"class_list":{"0":"post-27366","1":"product","2":"type-product","3":"status-publish","4":"has-post-thumbnail","6":"product_cat-mugs-fr","7":"product_tag-animaux","8":"product_tag-ceramique","9":"pa_motivo-taureaux","11":"first","12":"instock","13":"shipping-taxable","14":"product-type-simple"},"acf":[],"_links":{"self":[{"href":"https:\/\/olemosaic.com\/fr\/wp-json\/wp\/v2\/product\/27366","targetHints":{"allow":["GET"]}}],"collection":[{"href":"https:\/\/olemosaic.com\/fr\/wp-json\/wp\/v2\/product"}],"about":[{"href":"https:\/\/olemosaic.com\/fr\/wp-json\/wp\/v2\/types\/product"}],"wp:featuredmedia":[{"embeddable":true,"href":"https:\/\/olemosaic.com\/fr\/wp-json\/wp\/v2\/media\/8555"}],"wp:attachment":[{"href":"https:\/\/olemosaic.com\/fr\/wp-json\/wp\/v2\/media?parent=27366"}],"wp:term":[{"taxonomy":"product_brand","embeddable":true,"href":"https:\/\/olemosaic.com\/fr\/wp-json\/wp\/v2\/product_brand?post=27366"},{"taxonomy":"product_cat","embeddable":true,"href":"https:\/\/olemosaic.com\/fr\/wp-json\/wp\/v2\/product_cat?post=27366"},{"taxonomy":"product_tag","embeddable":true,"href":"https:\/\/olemosaic.com\/fr\/wp-json\/wp\/v2\/product_tag?post=27366"}],"curies":[{"name":"wp","href":"https:\/\/api.w.org\/{rel}","templated":true}]}}