{"id":27339,"date":"2025-02-20T22:29:13","date_gmt":"2025-02-20T22:29:13","guid":{"rendered":"http:\/\/olemosaic.com\/producto\/taza-de-ceramica-flores-barcelona-blanco\/"},"modified":"2025-07-25T18:49:48","modified_gmt":"2025-07-25T16:49:48","slug":"mug-en-ceramique-fleurs-barcelone-blanc","status":"publish","type":"product","link":"https:\/\/olemosaic.com\/fr\/produit\/mug-en-ceramique-fleurs-barcelone-blanc\/","title":{"rendered":"Mug en c\u00e9ramique. Fleurs. Barcelone. Blanc."},"content":{"rendered":"<p>Ce mug en c\u00e9ramique, d\u00e9cor\u00e9 d&rsquo;un design floral vibrant de style mosa\u00efque, est un bel hommage \u00e0 l&rsquo;architecture color\u00e9e de Barcelone. Sur un fond blanc qui fait ressortir les tons vifs de rouge, jaune, bleu et noir, chaque fleur est un \u00e9clat de joie qui attire le regard. Le mug poss\u00e8de une anse unique en forme d&rsquo;oiseau, qui apporte non seulement une touche distinctive, sino qu&rsquo;elle symbolise \u00e9galement la libert\u00e9 et la cr\u00e9ativit\u00e9 de la ville. Id\u00e9al pour savourer vos boissons pr\u00e9f\u00e9r\u00e9es, qu&rsquo;il s&rsquo;agisse d&rsquo;un caf\u00e9 aromatique ou d&rsquo;un th\u00e9 rafra\u00eechissant, cette pi\u00e8ce allie fonctionnalit\u00e9 et art, en faisant un objet incontournable pour les amateurs de design.<\/p>\n<p>Sa connexion culturelle est \u00e9vidente, car elle \u00e9voque la tradition de la mosa\u00efque que l&rsquo;on retrouve dans des lieux embl\u00e9matiques de Barcelone, comme le Park G\u00fcell d&rsquo;Antoni Gaud\u00ed, o\u00f9 la couleur et la cr\u00e9ativit\u00e9 se m\u00ealent dans une d\u00e9licieuse symphonie visuelle. Ce souvenir ne repr\u00e9sente pas seulement Barcelone, il est aussi parfait pour ceux qui cherchent \u00e0 emporter une partie de l&rsquo;esprit joyeux et vibrant de la ville. Dans le catalogue d&rsquo;Ol\u00e9 Mosaic, ce mug est une excellente option pour les boutiques de cadeaux touristiques souhaitant offrir des produits authentiques et repr\u00e9sentatifs de la culture espagnole. Ces souvenirs en c\u00e9ramique sont le cadeau id\u00e9al pour les touristes \u00e0 la recherche d&rsquo;une exp\u00e9rience unique en emportant un morceau de Barcelone.<\/p>\n","protected":false},"excerpt":{"rendered":"<p>Mug en c\u00e9ramique d\u00e9cor\u00e9 d&rsquo;un design floral vibrant de style mosa\u00efque, inspir\u00e9 de l&rsquo;architecture de Barcelone. Sur un fond blanc qui rehausse les couleurs rouge, jaune, bleu et noir, ce mug pr\u00e9sente une anse originale en forme d&rsquo;oiseau. Id\u00e9al pour savourer vos boissons pr\u00e9f\u00e9r\u00e9es, il allie fonctionnalit\u00e9 et art, refl\u00e9tant l&rsquo;esprit joyeux et cr\u00e9atif de la ville. Parfait comme souvenir ou cadeau.<\/p>\n","protected":false},"featured_media":9066,"template":"","meta":{"_acf_changed":false},"product_brand":[],"product_cat":[822],"product_tag":[585],"class_list":{"0":"post-27339","1":"product","2":"type-product","3":"status-publish","4":"has-post-thumbnail","6":"product_cat-mugs-fr","7":"product_tag-ceramique","8":"pa_ciudad-barcelona","9":"pa_motivo-fleurs","10":"pa_pais-espana","12":"first","13":"instock","14":"shipping-taxable","15":"product-type-simple"},"acf":[],"_links":{"self":[{"href":"https:\/\/olemosaic.com\/fr\/wp-json\/wp\/v2\/product\/27339","targetHints":{"allow":["GET"]}}],"collection":[{"href":"https:\/\/olemosaic.com\/fr\/wp-json\/wp\/v2\/product"}],"about":[{"href":"https:\/\/olemosaic.com\/fr\/wp-json\/wp\/v2\/types\/product"}],"wp:featuredmedia":[{"embeddable":true,"href":"https:\/\/olemosaic.com\/fr\/wp-json\/wp\/v2\/media\/9066"}],"wp:attachment":[{"href":"https:\/\/olemosaic.com\/fr\/wp-json\/wp\/v2\/media?parent=27339"}],"wp:term":[{"taxonomy":"product_brand","embeddable":true,"href":"https:\/\/olemosaic.com\/fr\/wp-json\/wp\/v2\/product_brand?post=27339"},{"taxonomy":"product_cat","embeddable":true,"href":"https:\/\/olemosaic.com\/fr\/wp-json\/wp\/v2\/product_cat?post=27339"},{"taxonomy":"product_tag","embeddable":true,"href":"https:\/\/olemosaic.com\/fr\/wp-json\/wp\/v2\/product_tag?post=27339"}],"curies":[{"name":"wp","href":"https:\/\/api.w.org\/{rel}","templated":true}]}}