{"id":27336,"date":"2025-02-20T22:29:13","date_gmt":"2025-02-20T22:29:13","guid":{"rendered":"http:\/\/olemosaic.com\/producto\/taza-de-ceramica-lisboa-blanco\/"},"modified":"2025-07-25T19:48:39","modified_gmt":"2025-07-25T17:48:39","slug":"mug-en-ceramique-lisbonne-blanc","status":"publish","type":"product","link":"https:\/\/olemosaic.com\/fr\/produit\/mug-en-ceramique-lisbonne-blanc\/","title":{"rendered":"Mug en c\u00e9ramique. Lisbonne. Blanc."},"content":{"rendered":"<p>Ce mug en c\u00e9ramique au design vibrant est un v\u00e9ritable hommage \u00e0 la ville embl\u00e9matique de Lisbonne, id\u00e9al pour les amoureux de la culture portugaise. Avec un fond bleu \u00e9voquant les c\u00e9l\u00e8bres azulejos lisbo\u00e8tes, cette pi\u00e8ce capture l&rsquo;essence des rues pittoresques de la capitale portugaise. Sur sa fa\u00e7ade se d\u00e9tache la repr\u00e9sentation du c\u00e9l\u00e8bre tramway jaune, l&#8217;embl\u00e9matique 28, qui serpente \u00e0 travers les quartiers historiques comme l&rsquo;Alfama et Gra\u00e7a, transportant avec lui l&rsquo;histoire et le charme de la ville. L&rsquo;illustration du tramway est vibrante, avec des tons jaunes qui contrastent magnifiquement avec le fond bleu, faisant de ce mug non seulement un objet fonctionnel, mais une \u0153uvre d&rsquo;art \u00e9voquant la tradition et le patrimoine culturel de Lisbonne.<\/p>\n<p>Parfait pour savourer votre boisson pr\u00e9f\u00e9r\u00e9e, ce mug est un souvenir significatif pour ceux qui souhaitent ramener un petit morceau de Lisbonne chez eux. Son authenticit\u00e9 et son design refl\u00e8tent la beaut\u00e9 unique de la ville, ce qui en fait un souvenir id\u00e9al pour les touristes en qu\u00eate d&rsquo;une connexion plus profonde avec leur destination. Chez Ol\u00e9 Mosaic, en tant que grossistes d&rsquo;articles touristiques, nous proposons des souvenirs authentiques qui c\u00e9l\u00e8brent la culture et l&rsquo;histoire, faisant de ce mug en c\u00e9ramique une excellente option pour les boutiques de cadeaux et de tourisme souhaitant offrir des produits mettant en valeur la richesse culturelle de Lisbonne.<\/p>\n","protected":false},"excerpt":{"rendered":"<p>Mug en c\u00e9ramique au design vibrant, inspir\u00e9 de l&#8217;embl\u00e9matique Lisbonne. Il pr\u00e9sente des illustrations du c\u00e9l\u00e8bre tramway jaune, le fameux 28, qui parcourt les rues pittoresques de la ville. Le fond bleu est d\u00e9cor\u00e9 de motifs traditionnels, \u00e9voquant les azulejos portugais. Cette pi\u00e8ce allie fonctionnalit\u00e9 et art, devenant un souvenir parfait de la beaut\u00e9 et de la culture lisbo\u00e8tes. Id\u00e9al pour savourer votre boisson pr\u00e9f\u00e9r\u00e9e avec une touche d&rsquo;histoire.<\/p>\n","protected":false},"featured_media":9908,"template":"","meta":{"_acf_changed":false},"product_brand":[],"product_cat":[822],"product_tag":[585],"class_list":{"0":"post-27336","1":"product","2":"type-product","3":"status-publish","4":"has-post-thumbnail","6":"product_cat-mugs-fr","7":"product_tag-ceramique","8":"pa_ciudad-lisboa","9":"pa_pais-portugal","11":"first","12":"instock","13":"shipping-taxable","14":"product-type-simple"},"acf":[],"_links":{"self":[{"href":"https:\/\/olemosaic.com\/fr\/wp-json\/wp\/v2\/product\/27336","targetHints":{"allow":["GET"]}}],"collection":[{"href":"https:\/\/olemosaic.com\/fr\/wp-json\/wp\/v2\/product"}],"about":[{"href":"https:\/\/olemosaic.com\/fr\/wp-json\/wp\/v2\/types\/product"}],"wp:featuredmedia":[{"embeddable":true,"href":"https:\/\/olemosaic.com\/fr\/wp-json\/wp\/v2\/media\/9908"}],"wp:attachment":[{"href":"https:\/\/olemosaic.com\/fr\/wp-json\/wp\/v2\/media?parent=27336"}],"wp:term":[{"taxonomy":"product_brand","embeddable":true,"href":"https:\/\/olemosaic.com\/fr\/wp-json\/wp\/v2\/product_brand?post=27336"},{"taxonomy":"product_cat","embeddable":true,"href":"https:\/\/olemosaic.com\/fr\/wp-json\/wp\/v2\/product_cat?post=27336"},{"taxonomy":"product_tag","embeddable":true,"href":"https:\/\/olemosaic.com\/fr\/wp-json\/wp\/v2\/product_tag?post=27336"}],"curies":[{"name":"wp","href":"https:\/\/api.w.org\/{rel}","templated":true}]}}