{"id":27335,"date":"2025-02-20T23:29:13","date_gmt":"2025-02-20T22:29:13","guid":{"rendered":"http:\/\/olemosaic.com\/producto\/mug-de-ceramica-sevilla-blanco-95-cm\/"},"modified":"2025-07-25T19:25:22","modified_gmt":"2025-07-25T17:25:22","slug":"mug-en-ceramique-seville-blanc-9-5-cm","status":"publish","type":"product","link":"https:\/\/olemosaic.com\/fr\/produit\/mug-en-ceramique-seville-blanc-9-5-cm\/","title":{"rendered":"Mug en c\u00e9ramique. S\u00e9ville. Blanc. 9,5 cm."},"content":{"rendered":"<p>Ce mug en c\u00e9ramique de 9,5 cm est un hommage vibrant \u00e0 l&rsquo;essence de S\u00e9ville, id\u00e9al pour savourer vos boissons pr\u00e9f\u00e9r\u00e9es tout en \u00e9voquant les charmes de cette ville historique. Avec un design attrayant et color\u00e9, il pr\u00e9sente une illustration d\u00e9taill\u00e9e de l&#8217;embl\u00e9matique Plaza de Toros, l&rsquo;un des monuments les plus repr\u00e9sentatifs de l&rsquo;architecture andalouse. Les couleurs \u00e9clatantes qui ornent le mug encadrent la majest\u00e9 de l&rsquo;\u00e9difice, tandis que le fond en mosa\u00efque, caract\u00e9ristique de la r\u00e9gion, \u00e9voque la riche tradition artistique s\u00e9villane.<\/p>\n<p>Le nom \u00ab\u00a0S\u00e9ville\u00a0\u00bb, mis en avant en lettres brillantes, ajoute une touche joyeuse, faisant de ce mug plus qu&rsquo;un simple ustensile : c&rsquo;est un authentique souvenir de la capitale andalouse. Sa taille est parfaite pour le caf\u00e9, le th\u00e9 ou toute autre boisson, et vous rappellera constamment la beaut\u00e9 de la ville.<\/p>\n<p>Chez Ol\u00e9 Mosaic, nous nous consacrons \u00e0 la distribution de souvenirs en c\u00e9ramique de qualit\u00e9, et ce mug est une excellente option pour les boutiques de cadeaux touristiques \u00e0 la recherche de produits authentiques et repr\u00e9sentatifs de S\u00e9ville. Avec son design attrayant et sa connexion culturelle, c&rsquo;est un cadeau id\u00e9al pour ceux qui souhaitent emporter un morceau d&rsquo;Andalousie.<\/p>\n","protected":false},"excerpt":{"rendered":"<p>Mug en c\u00e9ramique de 9,5 cm au design vibrant rendant hommage \u00e0 S\u00e9ville. Le mug pr\u00e9sente une illustration de l&#8217;embl\u00e9matique Plaza de Toros, entour\u00e9e de couleurs \u00e9clatantes et d&rsquo;un fond en mosa\u00efque \u00e9voquant l&rsquo;architecture andalouse. Le mot \u00ab\u00a0S\u00e9ville\u00a0\u00bb se distingue par des lettres color\u00e9es, ajoutant une touche joyeuse au design. Id\u00e9al pour savourer vos boissons pr\u00e9f\u00e9r\u00e9es tout en vous rappelant la beaut\u00e9 de cette ville historique.<\/p>\n","protected":false},"featured_media":9935,"template":"","meta":{"_acf_changed":false},"product_brand":[],"product_cat":[728],"product_tag":[530,585],"class_list":{"0":"post-27335","1":"product","2":"type-product","3":"status-publish","4":"has-post-thumbnail","6":"product_cat-mugs","7":"product_tag-animaux","8":"product_tag-ceramique","9":"pa_ciudad-sevilla","10":"pa_pais-espana","12":"first","13":"instock","14":"shipping-taxable","15":"product-type-simple"},"acf":[],"_links":{"self":[{"href":"https:\/\/olemosaic.com\/fr\/wp-json\/wp\/v2\/product\/27335","targetHints":{"allow":["GET"]}}],"collection":[{"href":"https:\/\/olemosaic.com\/fr\/wp-json\/wp\/v2\/product"}],"about":[{"href":"https:\/\/olemosaic.com\/fr\/wp-json\/wp\/v2\/types\/product"}],"wp:featuredmedia":[{"embeddable":true,"href":"https:\/\/olemosaic.com\/fr\/wp-json\/wp\/v2\/media\/9935"}],"wp:attachment":[{"href":"https:\/\/olemosaic.com\/fr\/wp-json\/wp\/v2\/media?parent=27335"}],"wp:term":[{"taxonomy":"product_brand","embeddable":true,"href":"https:\/\/olemosaic.com\/fr\/wp-json\/wp\/v2\/product_brand?post=27335"},{"taxonomy":"product_cat","embeddable":true,"href":"https:\/\/olemosaic.com\/fr\/wp-json\/wp\/v2\/product_cat?post=27335"},{"taxonomy":"product_tag","embeddable":true,"href":"https:\/\/olemosaic.com\/fr\/wp-json\/wp\/v2\/product_tag?post=27335"}],"curies":[{"name":"wp","href":"https:\/\/api.w.org\/{rel}","templated":true}]}}