{"id":27333,"date":"2025-02-20T22:29:12","date_gmt":"2025-02-20T22:29:12","guid":{"rendered":"http:\/\/olemosaic.com\/producto\/taza-de-ceramica-panoramica-madrid-beige\/"},"modified":"2025-07-25T18:40:46","modified_gmt":"2025-07-25T16:40:46","slug":"tasse-en-ceramique-panoramique-madrid-beige","status":"publish","type":"product","link":"https:\/\/olemosaic.com\/fr\/produit\/tasse-en-ceramique-panoramique-madrid-beige\/","title":{"rendered":"Tasse en c\u00e9ramique. Panoramique. Madrid. Beige."},"content":{"rendered":"<p>Cette tasse en c\u00e9ramique, avec sa vue panoramique color\u00e9e de Madrid, est le souvenir id\u00e9al pour emporter un petit morceau de la capitale espagnole. Son design vibrant capture l&rsquo;essence de la ville, mettant en avant des \u00e9l\u00e9ments embl\u00e9matiques tels que le March\u00e9 de San Miguel, repr\u00e9sent\u00e9 dans une palette de tons beige et rouge qui \u00e9voquent l&rsquo;ambiance chaleureuse et accueillante de ses rues. La c\u00e9ramique de haute qualit\u00e9 assure une durabilit\u00e9 exceptionnelle, tandis que la finition brillante rehausse les illustrations, transformant chaque tasse en une \u0153uvre d&rsquo;art fonctionnelle. La forme distinctive de la tasse est compl\u00e9t\u00e9e par une cuill\u00e8re pratique assortie, ajoutant une touche fonctionnelle et esth\u00e9tique \u00e0 ce charmant souvenir.<\/p>\n<p>Le mot \u00ab\u00a0Madrid\u00a0\u00bb imprim\u00e9 sur le dessus de la tasse offre un d\u00e9tail suppl\u00e9mentaire qui en fait un souvenir authentique et repr\u00e9sentatif de la ville. Ce souvenir refl\u00e8te la riche culture et tradition madril\u00e8ne, constituant un excellent cadeau pour ceux qui recherchent un lien sp\u00e9cial avec la ville. Chez Ol\u00e9 Mosaic, nous nous sp\u00e9cialisons dans la distribution de souvenirs en gros, garantissant que chaque pi\u00e8ce, comme cette tasse en c\u00e9ramique, soit authentique et de qualit\u00e9. Id\u00e9al pour les boutiques de cadeaux touristiques souhaitant offrir \u00e0 leurs clients un morceau de Madrid dans chaque tasse.<\/p>\n","protected":false},"excerpt":{"rendered":"<p>Tasse en c\u00e9ramique avec une vue panoramique color\u00e9e de Madrid, parfaite pour savourer une boisson chaude. Le design comprend des motifs repr\u00e9sentant le March\u00e9 de San Miguel et d&rsquo;autres ic\u00f4nes de la ville, dans des tons vibrants de beige et de rouge, rehauss\u00e9s par une finition brillante. Chaque tasse est livr\u00e9e avec une cuill\u00e8re pratique de la m\u00eame couleur et le mot \u00ab\u00a0Madrid\u00a0\u00bb imprim\u00e9, ajoutant une touche distinctive et artistique \u00e0 ce souvenir utile.<\/p>\n","protected":false},"featured_media":7007,"template":"","meta":{"_acf_changed":false},"product_brand":[],"product_cat":[822],"product_tag":[585],"class_list":{"0":"post-27333","1":"product","2":"type-product","3":"status-publish","4":"has-post-thumbnail","6":"product_cat-mugs-fr","7":"product_tag-ceramique","8":"pa_ciudad-madrid","9":"pa_motivo-panoramas","10":"pa_pais-espana","12":"first","13":"instock","14":"shipping-taxable","15":"product-type-simple"},"acf":[],"_links":{"self":[{"href":"https:\/\/olemosaic.com\/fr\/wp-json\/wp\/v2\/product\/27333","targetHints":{"allow":["GET"]}}],"collection":[{"href":"https:\/\/olemosaic.com\/fr\/wp-json\/wp\/v2\/product"}],"about":[{"href":"https:\/\/olemosaic.com\/fr\/wp-json\/wp\/v2\/types\/product"}],"wp:featuredmedia":[{"embeddable":true,"href":"https:\/\/olemosaic.com\/fr\/wp-json\/wp\/v2\/media\/7007"}],"wp:attachment":[{"href":"https:\/\/olemosaic.com\/fr\/wp-json\/wp\/v2\/media?parent=27333"}],"wp:term":[{"taxonomy":"product_brand","embeddable":true,"href":"https:\/\/olemosaic.com\/fr\/wp-json\/wp\/v2\/product_brand?post=27333"},{"taxonomy":"product_cat","embeddable":true,"href":"https:\/\/olemosaic.com\/fr\/wp-json\/wp\/v2\/product_cat?post=27333"},{"taxonomy":"product_tag","embeddable":true,"href":"https:\/\/olemosaic.com\/fr\/wp-json\/wp\/v2\/product_tag?post=27333"}],"curies":[{"name":"wp","href":"https:\/\/api.w.org\/{rel}","templated":true}]}}