{"id":27332,"date":"2025-02-20T23:29:12","date_gmt":"2025-02-20T22:29:12","guid":{"rendered":"http:\/\/olemosaic.com\/producto\/taza-de-ceramica-salamandra-y-flores-blanco\/"},"modified":"2025-07-25T18:49:45","modified_gmt":"2025-07-25T16:49:45","slug":"tasse-en-ceramique-salamandre-et-fleurs-blanc","status":"publish","type":"product","link":"https:\/\/olemosaic.com\/fr\/produit\/tasse-en-ceramique-salamandre-et-fleurs-blanc\/","title":{"rendered":"Tasse en c\u00e9ramique. Salamandre et fleurs. Blanc."},"content":{"rendered":"<p>Cette tasse en c\u00e9ramique vibrante est le souvenir parfait pour emporter un petit morceau de l&rsquo;art et de la culture espagnols. Avec son design frappant, elle \u00e9voque l&rsquo;essence de Gaud\u00ed : une charmante salamandre rouge, entour\u00e9e de fleurs color\u00e9es qui ornent sa surface. La base blanche fait ressortir les motifs en mosa\u00efque, cr\u00e9ant un contraste visuel qui en fait une pi\u00e8ce centrale id\u00e9ale pour n&rsquo;importe quel foyer. L&rsquo;int\u00e9rieur, peint d&rsquo;un rouge vibrant, ajoute une touche de chaleur et d&rsquo;\u00e9nergie lors de la d\u00e9gustation de vos boissons pr\u00e9f\u00e9r\u00e9es.<\/p>\n<p>Peinte \u00e0 la main, cette tasse est non seulement authentique et exclusive, mais elle refl\u00e8te \u00e9galement le riche patrimoine artistique de l&rsquo;Espagne, o\u00f9 des \u00e9l\u00e9ments naturels comme la salamandre symbolisent la cr\u00e9ativit\u00e9 et la vitalit\u00e9 de la culture locale. C&rsquo;est le souvenir parfait pour les touristes \u00e0 la recherche d&rsquo;un morceau de la tradition et de l&rsquo;art espagnols.<\/p>\n<p>Chez Ol\u00e9 Mosaic, nous distribuons des souvenirs en c\u00e9ramique artisanale de haute qualit\u00e9 qui capturent l&rsquo;essence de l&rsquo;Espagne. Cette tasse est une excellente option pour les boutiques de cadeaux touristiques souhaitant offrir des souvenirs uniques, authentiques et color\u00e9s \u00e0 leurs clients. Une touche sp\u00e9ciale pour ceux qui appr\u00e9cient la cr\u00e9ativit\u00e9 et la beaut\u00e9 dans leurs souvenirs !<\/p>\n","protected":false},"excerpt":{"rendered":"<p>Tasse en c\u00e9ramique avec un design vibrant d&rsquo;une salamandre rouge et de fleurs color\u00e9es. Sa base blanche fait ressortir les motifs en mosa\u00efque, et l&rsquo;int\u00e9rieur est d&rsquo;un rouge \u00e9clatant. \u00c9labor\u00e9e avec une technique de design artisanal, peinte \u00e0 la main, ce produit \u00e9voque le style artistique de Gaud\u00ed, id\u00e9al pour ceux qui recherchent un souvenir distinctif de la culture espagnole. Parfaite pour savourer vos boissons pr\u00e9f\u00e9r\u00e9es avec une touche de couleur et de cr\u00e9ativit\u00e9.<\/p>\n","protected":false},"featured_media":8343,"template":"","meta":{"_acf_changed":false},"product_brand":[],"product_cat":[822],"product_tag":[530,585],"class_list":{"0":"post-27332","1":"product","2":"type-product","3":"status-publish","4":"has-post-thumbnail","6":"product_cat-mugs-fr","7":"product_tag-animaux","8":"product_tag-ceramique","9":"pa_motivo-salamandres","11":"first","12":"instock","13":"shipping-taxable","14":"product-type-simple"},"acf":[],"_links":{"self":[{"href":"https:\/\/olemosaic.com\/fr\/wp-json\/wp\/v2\/product\/27332","targetHints":{"allow":["GET"]}}],"collection":[{"href":"https:\/\/olemosaic.com\/fr\/wp-json\/wp\/v2\/product"}],"about":[{"href":"https:\/\/olemosaic.com\/fr\/wp-json\/wp\/v2\/types\/product"}],"wp:featuredmedia":[{"embeddable":true,"href":"https:\/\/olemosaic.com\/fr\/wp-json\/wp\/v2\/media\/8343"}],"wp:attachment":[{"href":"https:\/\/olemosaic.com\/fr\/wp-json\/wp\/v2\/media?parent=27332"}],"wp:term":[{"taxonomy":"product_brand","embeddable":true,"href":"https:\/\/olemosaic.com\/fr\/wp-json\/wp\/v2\/product_brand?post=27332"},{"taxonomy":"product_cat","embeddable":true,"href":"https:\/\/olemosaic.com\/fr\/wp-json\/wp\/v2\/product_cat?post=27332"},{"taxonomy":"product_tag","embeddable":true,"href":"https:\/\/olemosaic.com\/fr\/wp-json\/wp\/v2\/product_tag?post=27332"}],"curies":[{"name":"wp","href":"https:\/\/api.w.org\/{rel}","templated":true}]}}