{"id":27330,"date":"2025-02-20T23:29:12","date_gmt":"2025-02-20T22:29:12","guid":{"rendered":"http:\/\/olemosaic.com\/producto\/mug-de-ceramica-salamandra-y-flores-blanco-95-cm\/"},"modified":"2025-07-25T18:47:58","modified_gmt":"2025-07-25T16:47:58","slug":"mug-en-ceramique-salamandre-et-fleurs-blanc-9-5-cm","status":"publish","type":"product","link":"https:\/\/olemosaic.com\/fr\/produit\/mug-en-ceramique-salamandre-et-fleurs-blanc-9-5-cm\/","title":{"rendered":"Mug en c\u00e9ramique. Salamandre et fleurs. Blanc. 9,5 cm."},"content":{"rendered":"<p>Ce mug en c\u00e9ramique, avec son design vibrant de salamandres et de fleurs, est un splendide exemple de l&rsquo;art du trencad\u00eds, si repr\u00e9sentatif de l&rsquo;architecture barcelonaise. Avec une hauteur de 9,5 cm, ce mug est id\u00e9al pour savourer vos boissons pr\u00e9f\u00e9r\u00e9es, qu&rsquo;il s&rsquo;agisse de caf\u00e9, de th\u00e9 ou d&rsquo;infusions, tout en ajoutant une touche artistique \u00e0 votre table. L&rsquo;ext\u00e9rieur blanc du mug fait ressortir la salamandre color\u00e9e, qui se d\u00e9ploie en rouges, jaunes et oranges, entour\u00e9e de fleurs exub\u00e9rantes aux tons bleus et rouges \u00e9voquant la flore m\u00e9diterran\u00e9enne. Ce design joyeux et frappant ne capture pas seulement l&rsquo;essence du patrimoine artistique catalan, mais symbolise \u00e9galement la diversit\u00e9 et la cr\u00e9ativit\u00e9 qui caract\u00e9risent Barcelone.<\/p>\n<p>Le trencad\u00eds, technique de mosa\u00efque cr\u00e9\u00e9e avec des fragments de c\u00e9ramique, est une expression culturelle profond\u00e9ment ancr\u00e9e dans la ville, gr\u00e2ce \u00e0 des artistes comme Antoni Gaud\u00ed, qui a utilis\u00e9 ce style dans des chefs-d&rsquo;\u0153uvre tels que le Parc G\u00fcell. Ce mug n&rsquo;est pas seulement un souvenir de Barcelone, mais aussi un rappel du vibrant h\u00e9ritage artistique de la r\u00e9gion. Chez Ol\u00e9 Mosaic, nous sommes fiers de proposer des produits authentiques en gros qui c\u00e9l\u00e8brent la culture et la tradition, ce qui en fait une excellente option pour les boutiques de cadeaux touristiques \u00e0 la recherche d&rsquo;articles uniques et significatifs pour leurs clients. Ce mug en c\u00e9ramique est, sans aucun doute, un cadeau id\u00e9al pour ceux qui souhaitent emporter un petit morceau de Barcelone chez eux.<\/p>\n","protected":false},"excerpt":{"rendered":"<p>Mug en c\u00e9ramique avec un design vibrant de salamandres et de fleurs, inspir\u00e9 du trencad\u00eds barcelonais. Avec une finition blanche et un int\u00e9rieur rouge contrastant, ce mug pr\u00e9sente une salamandre color\u00e9e entour\u00e9e de fleurs exub\u00e9rantes aux tons bleus, jaunes et rouges, cr\u00e9ant une sc\u00e8ne joyeuse et frappante. Ses 9,5 cm de hauteur en font l&rsquo;accessoire id\u00e9al pour savourer vos boissons pr\u00e9f\u00e9r\u00e9es, ajoutant une touche artistique \u00e0 votre table.<\/p>\n","protected":false},"featured_media":8342,"template":"","meta":{"_acf_changed":false},"product_brand":[],"product_cat":[728],"product_tag":[530,585],"class_list":{"0":"post-27330","1":"product","2":"type-product","3":"status-publish","4":"has-post-thumbnail","6":"product_cat-mugs","7":"product_tag-animaux","8":"product_tag-ceramique","9":"pa_motivo-salamandres","11":"first","12":"instock","13":"shipping-taxable","14":"product-type-simple"},"acf":[],"_links":{"self":[{"href":"https:\/\/olemosaic.com\/fr\/wp-json\/wp\/v2\/product\/27330","targetHints":{"allow":["GET"]}}],"collection":[{"href":"https:\/\/olemosaic.com\/fr\/wp-json\/wp\/v2\/product"}],"about":[{"href":"https:\/\/olemosaic.com\/fr\/wp-json\/wp\/v2\/types\/product"}],"wp:featuredmedia":[{"embeddable":true,"href":"https:\/\/olemosaic.com\/fr\/wp-json\/wp\/v2\/media\/8342"}],"wp:attachment":[{"href":"https:\/\/olemosaic.com\/fr\/wp-json\/wp\/v2\/media?parent=27330"}],"wp:term":[{"taxonomy":"product_brand","embeddable":true,"href":"https:\/\/olemosaic.com\/fr\/wp-json\/wp\/v2\/product_brand?post=27330"},{"taxonomy":"product_cat","embeddable":true,"href":"https:\/\/olemosaic.com\/fr\/wp-json\/wp\/v2\/product_cat?post=27330"},{"taxonomy":"product_tag","embeddable":true,"href":"https:\/\/olemosaic.com\/fr\/wp-json\/wp\/v2\/product_tag?post=27330"}],"curies":[{"name":"wp","href":"https:\/\/api.w.org\/{rel}","templated":true}]}}