{"id":27314,"date":"2025-02-20T23:29:12","date_gmt":"2025-02-20T22:29:12","guid":{"rendered":"http:\/\/olemosaic.com\/producto\/taza-de-ceramica-salamandra-beige\/"},"modified":"2025-07-25T18:48:34","modified_gmt":"2025-07-25T16:48:34","slug":"mug-en-ceramique-salamandre-beige-fr","status":"publish","type":"product","link":"https:\/\/olemosaic.com\/fr\/produit\/mug-en-ceramique-salamandre-beige-fr\/","title":{"rendered":"Mug en c\u00e9ramique. Salamandre. Beige."},"content":{"rendered":"<p>Ce mug en c\u00e9ramique au design de salamandre est le compl\u00e9ment id\u00e9al pour savourer votre boisson pr\u00e9f\u00e9r\u00e9e tout en c\u00e9l\u00e9brant la riche tradition culturelle espagnole. Avec un ton beige doux et \u00e9l\u00e9gant, la pi\u00e8ce se distingue par sa magnifique salamandre \u00e0 l&rsquo;effet peint \u00e0 la main, entour\u00e9e de feuilles vibrantes qui donnent vie au design, \u00e9voquant le folklore color\u00e9 de l&rsquo;Espagne. La technique artisanale utilis\u00e9e pour chaque mug garantit que chaque pi\u00e8ce est unique, avec des d\u00e9tails en mosa\u00efque qui capturent l&rsquo;essence de l&rsquo;art traditionnel.<\/p>\n<p>De plus, ce mug est disponible dans une vari\u00e9t\u00e9 de couleurs pour l&rsquo;anse et l&rsquo;int\u00e9rieur, permettant \u00e0 chaque client de choisir sa combinaison pr\u00e9f\u00e9r\u00e9e, ce qui en fait un \u00e9l\u00e9ment d\u00e9coratif attrayant en plus d&rsquo;\u00eatre fonctionnel. La salamandre, symbole de renaissance et de transformation, ajoute une touche de sens \u00e0 ce souvenir, en faisant un rappel m\u00e9morable du riche h\u00e9ritage culturel de la r\u00e9gion.<\/p>\n<p>Chez Ol\u00e9 Mosaic, nous comprenons la n\u00e9cessit\u00e9 de proposer des articles authentiques et de qualit\u00e9. Ce mug en c\u00e9ramique n&rsquo;est pas seulement un beau souvenir repr\u00e9sentant la diversit\u00e9 culturelle de l&rsquo;Espagne, mais aussi une excellente option pour les boutiques de cadeaux touristiques \u00e0 la recherche de produits uniques. En tant que grossiste de souvenirs, nous proposons ce design exceptionnel, id\u00e9al pour les touristes qui souhaitent ramener un petit morceau de la culture espagnole chez eux.<\/p>\n","protected":false},"excerpt":{"rendered":"<p>Mug en c\u00e9ramique au design de salamandre, id\u00e9al pour savourer votre boisson pr\u00e9f\u00e9r\u00e9e. Ce mug, d&rsquo;un ton beige doux, pr\u00e9sente une salamandre color\u00e9e au design artisanal, peinte \u00e0 la main, entour\u00e9e de feuilles vibrantes. Le design se distingue par sa technique artisanale et ses d\u00e9tails en mosa\u00efque, qui \u00e9voquent le folklore espagnol. Disponible avec l&rsquo;anse et l&rsquo;int\u00e9rieur en diff\u00e9rentes couleurs, ce mug n&rsquo;est pas seulement fonctionnel, mais aussi un bel \u00e9l\u00e9ment d\u00e9coratif pour n&rsquo;importe quel int\u00e9rieur.<\/p>\n","protected":false},"featured_media":6911,"template":"","meta":{"_acf_changed":false},"product_brand":[],"product_cat":[822],"product_tag":[530,585],"class_list":{"0":"post-27314","1":"product","2":"type-product","3":"status-publish","4":"has-post-thumbnail","6":"product_cat-mugs-fr","7":"product_tag-animaux","8":"product_tag-ceramique","9":"pa_motivo-salamandres","11":"first","12":"instock","13":"shipping-taxable","14":"product-type-simple"},"acf":[],"_links":{"self":[{"href":"https:\/\/olemosaic.com\/fr\/wp-json\/wp\/v2\/product\/27314","targetHints":{"allow":["GET"]}}],"collection":[{"href":"https:\/\/olemosaic.com\/fr\/wp-json\/wp\/v2\/product"}],"about":[{"href":"https:\/\/olemosaic.com\/fr\/wp-json\/wp\/v2\/types\/product"}],"wp:featuredmedia":[{"embeddable":true,"href":"https:\/\/olemosaic.com\/fr\/wp-json\/wp\/v2\/media\/6911"}],"wp:attachment":[{"href":"https:\/\/olemosaic.com\/fr\/wp-json\/wp\/v2\/media?parent=27314"}],"wp:term":[{"taxonomy":"product_brand","embeddable":true,"href":"https:\/\/olemosaic.com\/fr\/wp-json\/wp\/v2\/product_brand?post=27314"},{"taxonomy":"product_cat","embeddable":true,"href":"https:\/\/olemosaic.com\/fr\/wp-json\/wp\/v2\/product_cat?post=27314"},{"taxonomy":"product_tag","embeddable":true,"href":"https:\/\/olemosaic.com\/fr\/wp-json\/wp\/v2\/product_tag?post=27314"}],"curies":[{"name":"wp","href":"https:\/\/api.w.org\/{rel}","templated":true}]}}