{"id":27313,"date":"2025-02-20T23:29:12","date_gmt":"2025-02-20T22:29:12","guid":{"rendered":"http:\/\/olemosaic.com\/producto\/taza-de-ceramica-sevilla-blanco\/"},"modified":"2025-07-25T19:36:17","modified_gmt":"2025-07-25T17:36:17","slug":"mug-en-ceramique-seville-blanc","status":"publish","type":"product","link":"https:\/\/olemosaic.com\/fr\/produit\/mug-en-ceramique-seville-blanc\/","title":{"rendered":"Mug en c\u00e9ramique. S\u00e9ville. Blanc."},"content":{"rendered":"<p>Ce mug en c\u00e9ramique blanche, d\u00e9cor\u00e9 d&rsquo;une illustration vibrante de l&#8217;embl\u00e9matique Plaza de Espa\u00f1a de S\u00e9ville, est le souvenir parfait pour ceux qui souhaitent emporter un morceau de cette magnifique ville. Le design peint \u00e0 la main se distingue par ses couleurs \u00e9clatantes, avec des tons intenses de rouge, jaune et bleu, m\u00e9ticuleusement \u00e9labor\u00e9s pour refl\u00e9ter l&rsquo;architecture unique de la place. Le mug poss\u00e8de un int\u00e9rieur vert qui ajoute un contraste joyeux \u00e0 l&rsquo;ext\u00e9rieur, et le mot \u00ab\u00a0Sevilla\u00a0\u00bb brille sur la partie sup\u00e9rieure, faisant de cette pi\u00e8ce un souvenir inoubliable de la capitale andalouse.<\/p>\n<p>La finition brillante rehausse non seulement les d\u00e9tails d\u00e9coratifs, mais assure \u00e9galement la durabilit\u00e9 et la facilit\u00e9 de nettoyage, ce qui en fait un choix id\u00e9al tant pour un usage quotidien que pour l&rsquo;exposition. Ce souvenir de S\u00e9ville repr\u00e9sente la richesse culturelle et le charme historique de la ville, c\u00e9l\u00e8bre pour son flamenco, ses tapas et son architecture fascinante. Chez Ol\u00e9 Mosaic, nous sommes fiers de proposer des souvenirs authentiques qui capturent l&rsquo;essence de chaque lieu. Ce mug en c\u00e9ramique est une excellente id\u00e9e pour les touristes \u00e0 la recherche d&rsquo;un souvenir repr\u00e9sentatif de S\u00e9ville, et une option attrayante pour les boutiques de cadeaux touristiques souhaitant impressionner leurs clients avec des produits de qualit\u00e9. En tant que grossiste de souvenirs, nous garantissons l&rsquo;authenticit\u00e9 et la valeur culturelle de chaque article que nous distribuons.<\/p>\n","protected":false},"excerpt":{"rendered":"<p>Mug en c\u00e9ramique blanche d\u00e9cor\u00e9 d&rsquo;une illustration vibrante de la c\u00e9l\u00e8bre Plaza de Espa\u00f1a de S\u00e9ville. Ce design artisanal, peint \u00e0 la main, se distingue par ses couleurs \u00e9clatantes et ses d\u00e9tails m\u00e9ticuleux, avec une finition brillante qui rehausse les touches rouges, jaunes et bleues du b\u00e2timent. Le mug a un int\u00e9rieur vert, ce qui lui conf\u00e8re un contraste joyeux, et le nom \u00ab\u00a0Sevilla\u00a0\u00bb appara\u00eet en haut, faisant de cette pi\u00e8ce un beau souvenir de la ville.<\/p>\n","protected":false},"featured_media":9936,"template":"","meta":{"_acf_changed":false},"product_brand":[],"product_cat":[822],"product_tag":[585],"class_list":{"0":"post-27313","1":"product","2":"type-product","3":"status-publish","4":"has-post-thumbnail","6":"product_cat-mugs-fr","7":"product_tag-ceramique","8":"pa_ciudad-sevilla","9":"pa_pais-espana","11":"first","12":"instock","13":"shipping-taxable","14":"product-type-simple"},"acf":[],"_links":{"self":[{"href":"https:\/\/olemosaic.com\/fr\/wp-json\/wp\/v2\/product\/27313","targetHints":{"allow":["GET"]}}],"collection":[{"href":"https:\/\/olemosaic.com\/fr\/wp-json\/wp\/v2\/product"}],"about":[{"href":"https:\/\/olemosaic.com\/fr\/wp-json\/wp\/v2\/types\/product"}],"wp:featuredmedia":[{"embeddable":true,"href":"https:\/\/olemosaic.com\/fr\/wp-json\/wp\/v2\/media\/9936"}],"wp:attachment":[{"href":"https:\/\/olemosaic.com\/fr\/wp-json\/wp\/v2\/media?parent=27313"}],"wp:term":[{"taxonomy":"product_brand","embeddable":true,"href":"https:\/\/olemosaic.com\/fr\/wp-json\/wp\/v2\/product_brand?post=27313"},{"taxonomy":"product_cat","embeddable":true,"href":"https:\/\/olemosaic.com\/fr\/wp-json\/wp\/v2\/product_cat?post=27313"},{"taxonomy":"product_tag","embeddable":true,"href":"https:\/\/olemosaic.com\/fr\/wp-json\/wp\/v2\/product_tag?post=27313"}],"curies":[{"name":"wp","href":"https:\/\/api.w.org\/{rel}","templated":true}]}}