{"id":27311,"date":"2025-02-20T22:29:11","date_gmt":"2025-02-20T22:29:11","guid":{"rendered":"http:\/\/olemosaic.com\/producto\/posavasos-de-ceramica-bailaora-mallorca\/"},"modified":"2025-07-25T18:51:11","modified_gmt":"2025-07-25T16:51:11","slug":"sous-verre-en-ceramique-danseuse-flamenco-majorque","status":"publish","type":"product","link":"https:\/\/olemosaic.com\/fr\/produit\/sous-verre-en-ceramique-danseuse-flamenco-majorque\/","title":{"rendered":"Sous-verre en c\u00e9ramique. Danseuse de flamenco. Majorque."},"content":{"rendered":"<p>Cette pi\u00e8ce exceptionnelle est un sous-verre en c\u00e9ramique d\u00e9cor\u00e9 d&rsquo;une image vibrante d&rsquo;une danseuse de flamenco, capturant l&rsquo;essence de l&rsquo;art et de la culture de Majorque. Son design circulaire, avec une finition brillante, m\u00e9lange une vari\u00e9t\u00e9 de couleurs vives qui \u00e9voquent la joie et la festivit\u00e9 des traditions majorquines. Au centre, se distingue une danseuse v\u00eatue d&rsquo;un costume \u00e0 volants multicolores, soulignant son \u00e9nergie et sa gr\u00e2ce alors qu&rsquo;elle danse le flamenco avec force, entour\u00e9e de motifs floraux qui rehaussent le caract\u00e8re artistique de l&rsquo;objet.<\/p>\n<p>Le fond blanc du sous-verre contraste avec les d\u00e9tails en rouge et le texte \u00ab\u00a0MALLORCA\u00a0\u00bb, cr\u00e9ant une pi\u00e8ce qui n&rsquo;est pas seulement fonctionnelle \u2014 id\u00e9ale pour prot\u00e9ger vos tables des taches et des marques \u2014, mais aussi un \u00e9l\u00e9ment d\u00e9coratif attrayant qui ajoute une touche culturelle \u00e0 n&rsquo;importe quel espace. Ce sous-verre c\u00e9l\u00e8bre le riche patrimoine de Majorque, devenant un souvenir parfait pour les visiteurs cherchant \u00e0 emporter un morceau authentique de l&rsquo;\u00eele.<\/p>\n<p>Chez Ol\u00e9 Mosaic, nous nous sp\u00e9cialisons dans la distribution de souvenirs en c\u00e9ramique et d&rsquo;autres articles embl\u00e9matiques, ce qui fait de ce sous-verre un excellent produit pour les boutiques de cadeaux touristiques souhaitant proposer des articles authentiques et repr\u00e9sentatifs des cultures locales. En tant que grossistes de souvenirs, nous garantissons la qualit\u00e9, un design unique et l&rsquo;authenticit\u00e9 de chacune de nos pi\u00e8ces.<\/p>\n","protected":false},"excerpt":{"rendered":"<p>Sous-verre en c\u00e9ramique d\u00e9cor\u00e9 d&rsquo;une image vibrante d&rsquo;une danseuse de flamenco, inspir\u00e9 de la culture majorquine. Ce sous-verre, au design circulaire, combine des couleurs vives et des motifs floraux, mettant en valeur la danseuse avec un costume \u00e0 volants multicolores. La base blanche rehausse les d\u00e9tails rouges et le texte \u00ab\u00a0MALLORCA\u00a0\u00bb, \u00e9voquant l&rsquo;essence festive des traditions locales. Id\u00e9al pour ajouter une touche artistique \u00e0 vos tables et les prot\u00e9ger des taches.<\/p>\n","protected":false},"featured_media":13797,"template":"","meta":{"_acf_changed":false},"product_brand":[],"product_cat":[812],"product_tag":[585],"class_list":{"0":"post-27311","1":"product","2":"type-product","3":"status-publish","4":"has-post-thumbnail","6":"product_cat-sous-verres","7":"product_tag-ceramique","8":"pa_ciudad-mallorca","9":"pa_motivo-danseurs","10":"pa_pais-espana","12":"first","13":"instock","14":"shipping-taxable","15":"product-type-simple"},"acf":[],"_links":{"self":[{"href":"https:\/\/olemosaic.com\/fr\/wp-json\/wp\/v2\/product\/27311","targetHints":{"allow":["GET"]}}],"collection":[{"href":"https:\/\/olemosaic.com\/fr\/wp-json\/wp\/v2\/product"}],"about":[{"href":"https:\/\/olemosaic.com\/fr\/wp-json\/wp\/v2\/types\/product"}],"wp:featuredmedia":[{"embeddable":true,"href":"https:\/\/olemosaic.com\/fr\/wp-json\/wp\/v2\/media\/13797"}],"wp:attachment":[{"href":"https:\/\/olemosaic.com\/fr\/wp-json\/wp\/v2\/media?parent=27311"}],"wp:term":[{"taxonomy":"product_brand","embeddable":true,"href":"https:\/\/olemosaic.com\/fr\/wp-json\/wp\/v2\/product_brand?post=27311"},{"taxonomy":"product_cat","embeddable":true,"href":"https:\/\/olemosaic.com\/fr\/wp-json\/wp\/v2\/product_cat?post=27311"},{"taxonomy":"product_tag","embeddable":true,"href":"https:\/\/olemosaic.com\/fr\/wp-json\/wp\/v2\/product_tag?post=27311"}],"curies":[{"name":"wp","href":"https:\/\/api.w.org\/{rel}","templated":true}]}}