{"id":27310,"date":"2025-02-20T23:29:11","date_gmt":"2025-02-20T22:29:11","guid":{"rendered":"http:\/\/olemosaic.com\/producto\/libreta-de-80-hojas-panoramica-barcelona-6\/"},"modified":"2025-07-25T19:37:04","modified_gmt":"2025-07-25T17:37:04","slug":"carnet-de-80-feuilles-panoramique-barcelone-6","status":"publish","type":"product","link":"https:\/\/olemosaic.com\/fr\/produit\/carnet-de-80-feuilles-panoramique-barcelone-6\/","title":{"rendered":"Carnet de 80 feuilles. Panoramique. Sagrada Familia. Barcelone."},"content":{"rendered":"<p>Ce carnet panoramique de 80 feuilles est un souvenir exceptionnel qui capture la magnificence de la Sagrada Familia \u00e0 Barcelone. Sa couverture vibrante pr\u00e9sente une illustration inspir\u00e9e des techniques de mosa\u00efque qui met en valeur les clochers embl\u00e9matiques du monument, combinant des couleurs chaudes comme le rouge, le jaune et le vert pour \u00e9voquer l&rsquo;essence moderniste de l&rsquo;\u0153uvre de Gaud\u00ed. En haut, le nom \u00ab\u00a0Barcelona\u00a0\u00bb est orn\u00e9 de d\u00e9tails d\u00e9coratifs qui renforcent le lien culturel avec la ville. Chaque feuille \u00e0 l&rsquo;int\u00e9rieur est parfaite pour prendre des notes, dessiner ou immortaliser des souvenirs, ce qui en fait un accessoire id\u00e9al pour les touristes et les amateurs d&rsquo;art. Ce souvenir de Barcelone n&rsquo;est pas seulement un carnet pratique, mais aussi une repr\u00e9sentation artistique de la riche histoire et du patrimoine architectural de la ville. Chez Ol\u00e9 Mosaic, en tant que grossiste de souvenirs, nous proposons ce carnet qui se distingue par son authenticit\u00e9 et sa qualit\u00e9, id\u00e9al pour les boutiques de cadeaux touristiques \u00e0 la recherche de produits significatifs. Ce souvenir de la Sagrada Familia est un excellent choix pour ceux qui souhaitent emporter un morceau du charme barcelonais.<\/p>\n","protected":false},"excerpt":{"rendered":"<p>Carnet de 80 feuilles avec une illustration panoramique vibrante de la Sagrada Familia de Barcelone. Le design color\u00e9, inspir\u00e9 des techniques de mosa\u00efque, pr\u00e9sente les clochers embl\u00e9matiques du monument, ainsi que des d\u00e9tails artistiques dans des tons rouges, jaunes et verts. La couverture est orn\u00e9e du nom \u00ab\u00a0Barcelona\u00a0\u00bb et de d\u00e9tails d\u00e9coratifs \u00e9voquant le style moderniste. Ce carnet pratique est id\u00e9al pour prendre des notes ou dessiner, capturant l&rsquo;essence de la ville.<\/p>\n","protected":false},"featured_media":12008,"template":"","meta":{"_acf_changed":false},"product_brand":[],"product_cat":[806],"product_tag":[],"class_list":{"0":"post-27310","1":"product","2":"type-product","3":"status-publish","4":"has-post-thumbnail","6":"product_cat-carnets","7":"pa_ciudad-barcelona","8":"pa_motivo-panoramas","9":"pa_pais-espana","11":"first","12":"instock","13":"shipping-taxable","14":"product-type-simple"},"acf":[],"_links":{"self":[{"href":"https:\/\/olemosaic.com\/fr\/wp-json\/wp\/v2\/product\/27310","targetHints":{"allow":["GET"]}}],"collection":[{"href":"https:\/\/olemosaic.com\/fr\/wp-json\/wp\/v2\/product"}],"about":[{"href":"https:\/\/olemosaic.com\/fr\/wp-json\/wp\/v2\/types\/product"}],"wp:featuredmedia":[{"embeddable":true,"href":"https:\/\/olemosaic.com\/fr\/wp-json\/wp\/v2\/media\/12008"}],"wp:attachment":[{"href":"https:\/\/olemosaic.com\/fr\/wp-json\/wp\/v2\/media?parent=27310"}],"wp:term":[{"taxonomy":"product_brand","embeddable":true,"href":"https:\/\/olemosaic.com\/fr\/wp-json\/wp\/v2\/product_brand?post=27310"},{"taxonomy":"product_cat","embeddable":true,"href":"https:\/\/olemosaic.com\/fr\/wp-json\/wp\/v2\/product_cat?post=27310"},{"taxonomy":"product_tag","embeddable":true,"href":"https:\/\/olemosaic.com\/fr\/wp-json\/wp\/v2\/product_tag?post=27310"}],"curies":[{"name":"wp","href":"https:\/\/api.w.org\/{rel}","templated":true}]}}