{"id":27299,"date":"2025-02-20T22:29:11","date_gmt":"2025-02-20T22:29:11","guid":{"rendered":"http:\/\/olemosaic.com\/producto\/libreta-de-80-hojas-panoramica-valencia\/"},"modified":"2025-07-25T18:37:14","modified_gmt":"2025-07-25T16:37:14","slug":"carnet-de-80-feuilles-panoramique-valence","status":"publish","type":"product","link":"https:\/\/olemosaic.com\/fr\/produit\/carnet-de-80-feuilles-panoramique-valence\/","title":{"rendered":"Carnet de 80 feuilles. Panoramique. Valence."},"content":{"rendered":"<p>Ce carnet panoramique de 80 feuilles est un hommage \u00e0 la ville vibrante de Valence, capturant l&rsquo;essence de ses monuments les plus embl\u00e9matiques. La couverture, fabriqu\u00e9e en plastique r\u00e9sistant, pr\u00e9sente un design color\u00e9 et contemporain qui met en valeur des \u00e9l\u00e9ments architecturaux aussi repr\u00e9sentatifs que la Cit\u00e9 des Arts et des Sciences ou l&#8217;embl\u00e9matique Tour du Miguelete. Les mosa\u00efques qui l&rsquo;ornent \u00e9voquent le riche h\u00e9ritage artistique de Valence, rappelant l&rsquo;\u0153uvre du c\u00e9l\u00e8bre architecte Santiago Calatrava. La fermeture \u00e9lastique pratique, d&rsquo;un rouge vibrant, n&rsquo;ajoute pas seulement une touche de style, mais assure la protection de vos id\u00e9es et souvenirs. Il est parfait pour prendre des notes, faire des croquis ou consigner des r\u00e9flexions tout en profitant de l&rsquo;essence culturelle et artistique de Valence. En tant que souvenir authentique et significatif, ce carnet est un outil utile et un rappel tangible de la beaut\u00e9 de la ville. Id\u00e9al pour les touristes souhaitant emporter un morceau de Valence, c&rsquo;est une excellente option pour les boutiques de cadeaux touristiques. Chez Ol\u00e9 Mosaic, en tant que grossiste de souvenirs, nous proposons des produits qui c\u00e9l\u00e8brent la culture et l&rsquo;art locaux, ce qui en fait un choix parfait pour vos clients.<\/p>\n","protected":false},"excerpt":{"rendered":"<p>Carnet de 80 feuilles avec une vue panoramique vibrante de Valence, mettant en valeur ses monuments les plus embl\u00e9matiques. La couverture, en plastique r\u00e9sistant, pr\u00e9sente un design color\u00e9 avec des mosa\u00efques \u00e9voquant le style architectural de la ville, incluant la Cit\u00e9 des Arts et des Sciences et la Tour du Miguelete. Avec une fermeture \u00e9lastique rouge pratique, ce carnet est id\u00e9al pour noter des id\u00e9es et des souvenirs tout en profitant de l&rsquo;essence artistique et culturelle de Valence.<\/p>\n","protected":false},"featured_media":11638,"template":"","meta":{"_acf_changed":false},"product_brand":[],"product_cat":[806],"product_tag":[],"class_list":{"0":"post-27299","1":"product","2":"type-product","3":"status-publish","4":"has-post-thumbnail","6":"product_cat-carnets","7":"pa_ciudad-valencia","8":"pa_motivo-panoramas","9":"pa_pais-espana","11":"first","12":"instock","13":"shipping-taxable","14":"product-type-simple"},"acf":[],"_links":{"self":[{"href":"https:\/\/olemosaic.com\/fr\/wp-json\/wp\/v2\/product\/27299","targetHints":{"allow":["GET"]}}],"collection":[{"href":"https:\/\/olemosaic.com\/fr\/wp-json\/wp\/v2\/product"}],"about":[{"href":"https:\/\/olemosaic.com\/fr\/wp-json\/wp\/v2\/types\/product"}],"wp:featuredmedia":[{"embeddable":true,"href":"https:\/\/olemosaic.com\/fr\/wp-json\/wp\/v2\/media\/11638"}],"wp:attachment":[{"href":"https:\/\/olemosaic.com\/fr\/wp-json\/wp\/v2\/media?parent=27299"}],"wp:term":[{"taxonomy":"product_brand","embeddable":true,"href":"https:\/\/olemosaic.com\/fr\/wp-json\/wp\/v2\/product_brand?post=27299"},{"taxonomy":"product_cat","embeddable":true,"href":"https:\/\/olemosaic.com\/fr\/wp-json\/wp\/v2\/product_cat?post=27299"},{"taxonomy":"product_tag","embeddable":true,"href":"https:\/\/olemosaic.com\/fr\/wp-json\/wp\/v2\/product_tag?post=27299"}],"curies":[{"name":"wp","href":"https:\/\/api.w.org\/{rel}","templated":true}]}}