{"id":27298,"date":"2025-02-20T22:29:11","date_gmt":"2025-02-20T22:29:11","guid":{"rendered":"http:\/\/olemosaic.com\/producto\/libreta-de-80-hojas-salamandra-tenerife\/"},"modified":"2025-07-25T18:49:17","modified_gmt":"2025-07-25T16:49:17","slug":"carnet-de-80-feuilles-salamandre-tenerife","status":"publish","type":"product","link":"https:\/\/olemosaic.com\/fr\/produit\/carnet-de-80-feuilles-salamandre-tenerife\/","title":{"rendered":"Carnet de 80 feuilles. Salamandre. Tenerife."},"content":{"rendered":"<p>Ce carnet d\u00e9coratif de 80 feuilles est un souvenir id\u00e9al qui capture l&rsquo;essence unique de Tenerife, refl\u00e9tant la riche biodiversit\u00e9 des \u00eeles Canaries. Sa couverture pr\u00e9sente un design \u00e9l\u00e9gant o\u00f9 se distinguent deux salamandres, r\u00e9alis\u00e9es dans un style mosa\u00efque vibrant avec une explosion de couleurs telles que le rouge, le bleu et le jaune. Ces salamandres color\u00e9es sont entour\u00e9es de fleurs d\u00e9licates qui brillent \u00e9galement dans des tons vifs, le tout sur un fond noir qui rehausse chaque nuance avec intensit\u00e9 et charme.<\/p>\n<p>Le carnet n&rsquo;est pas seulement esth\u00e9tiquement attrayant, mais aussi fonctionnel, offrant un espace g\u00e9n\u00e9reux pour des annotations, des croquis ou des r\u00e9flexions personnelles. \u00c9quip\u00e9 d&rsquo;une bande \u00e9lastique rouge pratique, il assure que vos notes soient toujours prot\u00e9g\u00e9es, ce qui en fait un compl\u00e9ment parfait \u00e0 emporter dans un sac \u00e0 dos ou un sac \u00e0 main. Cet article est bien plus qu&rsquo;un simple carnet ; c&rsquo;est un morceau de la nature canarienne que les touristes peuvent ramener chez eux, se rem\u00e9morant leurs aventures sur les \u00eeles.<\/p>\n<p>Chez Ol\u00e9 Mosaic, nous sommes fiers de proposer des souvenirs authentiques que repr\u00e9sentent la culture et le patrimoine de l&rsquo;Espagne. Ce carnet de salamandres de Tenerife est une excellente option pour les boutiques de cadeaux touristiques, id\u00e9al pour ceux qui recherchent des produits uniques encapsulant la beaut\u00e9 naturelle de la r\u00e9gion. Gr\u00e2ce \u00e0 notre exp\u00e9rience en tant que grossistes de souvenirs, nous garantissons des produits qui se distinguent par leur qualit\u00e9 et leur signification culturelle.<\/p>\n","protected":false},"excerpt":{"rendered":"<p>Carnet de 80 feuilles d\u00e9cor\u00e9 de motifs color\u00e9s repr\u00e9sentant la faune et la flore de Tenerife. La couverture montre deux salamandres, r\u00e9alis\u00e9es dans un style mosa\u00efque vibrant, entour\u00e9es de fleurs rouges, bleues et jaunes, sur un fond noir qui fait ressortir les couleurs. Cet article allie fonctionnalit\u00e9 et beaut\u00e9, et constitue le souvenir parfait de la riche biodiversit\u00e9 des \u00eeles Canaries. Comprend une bande \u00e9lastique rouge pratique pour prot\u00e9ger vos notes.<\/p>\n","protected":false},"featured_media":12014,"template":"","meta":{"_acf_changed":false},"product_brand":[],"product_cat":[806],"product_tag":[530],"class_list":{"0":"post-27298","1":"product","2":"type-product","3":"status-publish","4":"has-post-thumbnail","6":"product_cat-carnets","7":"product_tag-animaux","8":"pa_ciudad-tenerife","9":"pa_motivo-salamandres","10":"pa_pais-espana","12":"first","13":"instock","14":"shipping-taxable","15":"product-type-simple"},"acf":[],"_links":{"self":[{"href":"https:\/\/olemosaic.com\/fr\/wp-json\/wp\/v2\/product\/27298","targetHints":{"allow":["GET"]}}],"collection":[{"href":"https:\/\/olemosaic.com\/fr\/wp-json\/wp\/v2\/product"}],"about":[{"href":"https:\/\/olemosaic.com\/fr\/wp-json\/wp\/v2\/types\/product"}],"wp:featuredmedia":[{"embeddable":true,"href":"https:\/\/olemosaic.com\/fr\/wp-json\/wp\/v2\/media\/12014"}],"wp:attachment":[{"href":"https:\/\/olemosaic.com\/fr\/wp-json\/wp\/v2\/media?parent=27298"}],"wp:term":[{"taxonomy":"product_brand","embeddable":true,"href":"https:\/\/olemosaic.com\/fr\/wp-json\/wp\/v2\/product_brand?post=27298"},{"taxonomy":"product_cat","embeddable":true,"href":"https:\/\/olemosaic.com\/fr\/wp-json\/wp\/v2\/product_cat?post=27298"},{"taxonomy":"product_tag","embeddable":true,"href":"https:\/\/olemosaic.com\/fr\/wp-json\/wp\/v2\/product_tag?post=27298"}],"curies":[{"name":"wp","href":"https:\/\/api.w.org\/{rel}","templated":true}]}}