{"id":27297,"date":"2025-02-20T23:29:11","date_gmt":"2025-02-20T22:29:11","guid":{"rendered":"http:\/\/olemosaic.com\/producto\/libreta-de-80-hojas-patio-3\/"},"modified":"2025-07-25T19:13:04","modified_gmt":"2025-07-25T17:13:04","slug":"carnet-de-80-feuilles-patio-andalou-3","status":"publish","type":"product","link":"https:\/\/olemosaic.com\/fr\/produit\/carnet-de-80-feuilles-patio-andalou-3\/","title":{"rendered":"Carnet de 80 feuilles. Patio andalou. Espagne."},"content":{"rendered":"<p>Ce carnet d\u00e9cor\u00e9 est un magnifique souvenir de la culture andalouse, parfait pour ceux qui souhaitent emporter avec eux un morceau d&rsquo;Espagne. Avec une illustration vibrante sur sa couverture, le carnet montre une danseuse de flamenco portant une spectaculaire robe \u00e0 pois rouges et tenant un \u00e9ventail \u00e9l\u00e9gant, tout en c\u00e9l\u00e9brant son art dans un charmant patio andalou accompagn\u00e9e d&rsquo;un danseur. Ce design, entour\u00e9 d&rsquo;un cadre de fleurs rouges et d&rsquo;un fond de pierres blanches, \u00e9voque l&rsquo;essence du folklore espagnol et la joie des traditions andalouses.<\/p>\n<p>Le carnet compte 80 feuilles, id\u00e9ales pour \u00e9crire des notes, dessiner ou garder des souvenirs de voyage, ce qui en fait un objet non seulement d\u00e9coratif, mais aussi fonctionnel. Sa fermeture \u00e9lastique rouge ajoute une touche pratique et \u00e9l\u00e9gante, maintenant le carnet en s\u00e9curit\u00e9 dans n&rsquo;importe quel sac ou sac \u00e0 dos. Ce souvenir est un excellent choix pour les touristes \u00e0 la recherche d&rsquo;un souvenir authentique et repr\u00e9sentatif de l&rsquo;Andalousie, c\u00e9l\u00e9brant le riche h\u00e9ritage culturel de la r\u00e9gion.<\/p>\n<p>Chez Ol\u00e9 Mosaic, nous nous consacrons \u00e0 la distribution de souvenirs en gros, et ce carnet de flamenco est un article phare qui attirera les acheteurs dans les boutiques de cadeaux touristiques. En tant que grossistes de produits culturels, nous garantissons que chaque pi\u00e8ce, y compris ce carnet, capture la magie et l&rsquo;authenticit\u00e9 de la tradition espagnole, offrant une connexion \u00e9motionnelle avec le magnifique patrimoine de l&rsquo;Andalousie.<\/p>\n","protected":false},"excerpt":{"rendered":"<p>Carnet de 80 feuilles d\u00e9cor\u00e9 d&rsquo;une illustration vibrante d&rsquo;un patio andalou, o\u00f9 une danseuse de flamenco en robe \u00e0 pois rouges et un \u00e9l\u00e9gant \u00e9ventail c\u00e9l\u00e8bre son art en compagnie d&rsquo;un danseur. Le design, encadr\u00e9 de fleurs rouges sur fond de pierres blanches, \u00e9voque l&rsquo;essence du folklore espagnol. Avec une fermeture \u00e9lastique rouge, ce carnet est id\u00e9al pour prendre des notes et garder des souvenirs, alliant fonctionnalit\u00e9 et beaut\u00e9 culturelle.<\/p>\n","protected":false},"featured_media":9363,"template":"","meta":{"_acf_changed":false},"product_brand":[],"product_cat":[806],"product_tag":[],"class_list":{"0":"post-27297","1":"product","2":"type-product","3":"status-publish","4":"has-post-thumbnail","6":"product_cat-carnets","7":"pa_motivo-cours-interieures","9":"first","10":"instock","11":"shipping-taxable","12":"product-type-simple"},"acf":[],"_links":{"self":[{"href":"https:\/\/olemosaic.com\/fr\/wp-json\/wp\/v2\/product\/27297","targetHints":{"allow":["GET"]}}],"collection":[{"href":"https:\/\/olemosaic.com\/fr\/wp-json\/wp\/v2\/product"}],"about":[{"href":"https:\/\/olemosaic.com\/fr\/wp-json\/wp\/v2\/types\/product"}],"wp:featuredmedia":[{"embeddable":true,"href":"https:\/\/olemosaic.com\/fr\/wp-json\/wp\/v2\/media\/9363"}],"wp:attachment":[{"href":"https:\/\/olemosaic.com\/fr\/wp-json\/wp\/v2\/media?parent=27297"}],"wp:term":[{"taxonomy":"product_brand","embeddable":true,"href":"https:\/\/olemosaic.com\/fr\/wp-json\/wp\/v2\/product_brand?post=27297"},{"taxonomy":"product_cat","embeddable":true,"href":"https:\/\/olemosaic.com\/fr\/wp-json\/wp\/v2\/product_cat?post=27297"},{"taxonomy":"product_tag","embeddable":true,"href":"https:\/\/olemosaic.com\/fr\/wp-json\/wp\/v2\/product_tag?post=27297"}],"curies":[{"name":"wp","href":"https:\/\/api.w.org\/{rel}","templated":true}]}}