{"id":27296,"date":"2025-02-20T23:29:10","date_gmt":"2025-02-20T22:29:10","guid":{"rendered":"http:\/\/olemosaic.com\/producto\/libreta-de-80-hojas-salamandra-3\/"},"modified":"2025-07-25T18:37:16","modified_gmt":"2025-07-25T16:37:16","slug":"carnet-de-80-feuilles-salamandre-3","status":"publish","type":"product","link":"https:\/\/olemosaic.com\/fr\/produit\/carnet-de-80-feuilles-salamandre-3\/","title":{"rendered":"Carnet de 80 feuilles. Salamandre. Style m\u00e9diterran\u00e9en."},"content":{"rendered":"<p>Ce carnet, d\u00e9cor\u00e9 d&rsquo;une salamandre vibrante, est un hommage au g\u00e9nie du modernisme catalan, Antoni Gaud\u00ed, et un souvenir id\u00e9al de Barcelone. Avec 80 feuilles de qualit\u00e9, il est parfait pour noter des id\u00e9es, des croquis et des souvenirs de vos voyages. L&rsquo;illustration centrale pr\u00e9sente une salamandre color\u00e9e, dont les formes stylis\u00e9es et les motifs g\u00e9om\u00e9triques sont repr\u00e9sentatifs du c\u00e9l\u00e8bre Park G\u00fcell, o\u00f9 la mosa\u00efque c\u00e9ramique devient art. Le fond en mosa\u00efque, aux tons doux, contraste avec la gamme vive de rouge, bleu et jaune des fleurs qui ornent le carnet, cr\u00e9ant un design joyeux et contemporain.<\/p>\n<p>Le carnet comprend une bande \u00e9lastique rouge pratique qui, en plus d&rsquo;ajouter une touche d&rsquo;\u00e9l\u00e9gance, garde vos notes en s\u00e9curit\u00e9. Ce produit se distingue tant par sa fonctionnalit\u00e9 que par son r\u00f4le de rappel tangible de l&rsquo;esprit cr\u00e9atif de Barcelone, faisant allusion \u00e0 la richesse culturelle et artistique de la ville. Chez Ol\u00e9 Mosaic, sp\u00e9cialistes de la distribution de souvenirs en gros, ce carnet salamandre est une excellente option pour les boutiques de cadeaux touristiques cherchant \u00e0 offrir des articles authentiques et repr\u00e9sentatifs. Un souvenir incontournable pour tout touriste souhaitant emporter un peu de la magie de Barcelone.<\/p>\n","protected":false},"excerpt":{"rendered":"<p>Carnet de 80 feuilles d\u00e9cor\u00e9 d&rsquo;une salamandre color\u00e9e sur fond de mosa\u00efque, inspir\u00e9 de l&rsquo;art de Gaud\u00ed, typique de Barcelone. Son design vibrant inclut des fleurs aux tons rouge, bleu et jaune, rehaussant un style joyeux et contemporain. Le carnet dispose d&rsquo;une bande \u00e9lastique rouge pour le maintenir ferm\u00e9, id\u00e9al pour capturer des id\u00e9es et des croquis tout en \u00e9voquant l&rsquo;essence du modernisme catalan.<\/p>\n","protected":false},"featured_media":11643,"template":"","meta":{"_acf_changed":false},"product_brand":[],"product_cat":[806],"product_tag":[530],"class_list":{"0":"post-27296","1":"product","2":"type-product","3":"status-publish","4":"has-post-thumbnail","6":"product_cat-carnets","7":"product_tag-animaux","8":"pa_motivo-salamandres","10":"first","11":"instock","12":"shipping-taxable","13":"product-type-simple"},"acf":[],"_links":{"self":[{"href":"https:\/\/olemosaic.com\/fr\/wp-json\/wp\/v2\/product\/27296","targetHints":{"allow":["GET"]}}],"collection":[{"href":"https:\/\/olemosaic.com\/fr\/wp-json\/wp\/v2\/product"}],"about":[{"href":"https:\/\/olemosaic.com\/fr\/wp-json\/wp\/v2\/types\/product"}],"wp:featuredmedia":[{"embeddable":true,"href":"https:\/\/olemosaic.com\/fr\/wp-json\/wp\/v2\/media\/11643"}],"wp:attachment":[{"href":"https:\/\/olemosaic.com\/fr\/wp-json\/wp\/v2\/media?parent=27296"}],"wp:term":[{"taxonomy":"product_brand","embeddable":true,"href":"https:\/\/olemosaic.com\/fr\/wp-json\/wp\/v2\/product_brand?post=27296"},{"taxonomy":"product_cat","embeddable":true,"href":"https:\/\/olemosaic.com\/fr\/wp-json\/wp\/v2\/product_cat?post=27296"},{"taxonomy":"product_tag","embeddable":true,"href":"https:\/\/olemosaic.com\/fr\/wp-json\/wp\/v2\/product_tag?post=27296"}],"curies":[{"name":"wp","href":"https:\/\/api.w.org\/{rel}","templated":true}]}}