{"id":27295,"date":"2025-02-20T22:29:10","date_gmt":"2025-02-20T22:29:10","guid":{"rendered":"http:\/\/olemosaic.com\/producto\/libreta-de-80-hojas-motivos-marinos-mallorca\/"},"modified":"2025-07-25T18:40:10","modified_gmt":"2025-07-25T16:40:10","slug":"carnet-de-80-feuilles-motifs-marins-majorque","status":"publish","type":"product","link":"https:\/\/olemosaic.com\/fr\/produit\/carnet-de-80-feuilles-motifs-marins-majorque\/","title":{"rendered":"Carnet de 80 feuilles. Motifs marins. Majorque."},"content":{"rendered":"<p>Ce carnet d\u00e9cor\u00e9 de motifs marins est un souvenir vibrant et fonctionnel qui capture l&rsquo;essence de Majorque. Avec ses 80 feuilles int\u00e9rieures, il est parfait pour consigner pens\u00e9es, souvenirs ou croquis inspir\u00e9s par la beaut\u00e9 naturelle de l&rsquo;\u00eele. La couverture pr\u00e9sente une explosion de couleurs, mettant en avant des tortues, des dauphins et des hippocampes, repr\u00e9sent\u00e9s dans un style mosa\u00efque qui rend hommage \u00e0 la riche tradition artistique de la M\u00e9diterran\u00e9e. Les \u00e9l\u00e9ments marins se d\u00e9tachent sur des algues et un fond bleu intense, \u00e9voquant la tranquillit\u00e9 des eaux majorquines et leur vie aquatique fascinante.<\/p>\n<p>De plus, le carnet dispose d&rsquo;une fermeture \u00e9lastique attrayante d&rsquo;un rouge vibrant, qui apporte fonctionnalit\u00e9 et une touche esth\u00e9tique suppl\u00e9mentaire. Cet article n&rsquo;est pas seulement un accessoire pratique pour ceux qui souhaitent emporter un petit morceau de l&rsquo;\u00eele, mais c&rsquo;est aussi un souvenir authentique qui refl\u00e8te la beaut\u00e9 et la diversit\u00e9 de l&rsquo;environnement maritime de Majorque. Chez Ol\u00e9 Mosaic, sp\u00e9cialis\u00e9s dans la distribution de souvenirs en gros, nous proposons ce carnet aux motifs marins comme une excellente option pour les boutiques de cadeaux touristiques. C&rsquo;est le souvenir id\u00e9al pour les visiteurs cherchant \u00e0 capturer l&rsquo;essence de l&rsquo;\u00eele, tout en profitant d&rsquo;un produit authentique et de qualit\u00e9.<\/p>\n","protected":false},"excerpt":{"rendered":"<p>Carnet de 80 feuilles d\u00e9cor\u00e9 de motifs marins vibrants, \u00e9voquant la beaut\u00e9 de l&rsquo;environnement aquatique de Majorque. La couverture pr\u00e9sente un design color\u00e9 avec des tortues, des dauphins et des hippocampes de style mosa\u00efque, entour\u00e9s d&rsquo;algues sur un fond bleu intense. Cet article dispose \u00e9galement d&rsquo;une fermeture \u00e9lastique rouge pour la fonctionnalit\u00e9 et le style. Id\u00e9al pour vos pens\u00e9es et souvenirs de l&rsquo;\u00eele.<\/p>\n","protected":false},"featured_media":12036,"template":"","meta":{"_acf_changed":false},"product_brand":[],"product_cat":[806],"product_tag":[530],"class_list":{"0":"post-27295","1":"product","2":"type-product","3":"status-publish","4":"has-post-thumbnail","6":"product_cat-carnets","7":"product_tag-animaux","8":"pa_ciudad-mallorca","9":"pa_motivo-animaux-marins","10":"pa_pais-espana","12":"first","13":"instock","14":"shipping-taxable","15":"product-type-simple"},"acf":[],"_links":{"self":[{"href":"https:\/\/olemosaic.com\/fr\/wp-json\/wp\/v2\/product\/27295","targetHints":{"allow":["GET"]}}],"collection":[{"href":"https:\/\/olemosaic.com\/fr\/wp-json\/wp\/v2\/product"}],"about":[{"href":"https:\/\/olemosaic.com\/fr\/wp-json\/wp\/v2\/types\/product"}],"wp:featuredmedia":[{"embeddable":true,"href":"https:\/\/olemosaic.com\/fr\/wp-json\/wp\/v2\/media\/12036"}],"wp:attachment":[{"href":"https:\/\/olemosaic.com\/fr\/wp-json\/wp\/v2\/media?parent=27295"}],"wp:term":[{"taxonomy":"product_brand","embeddable":true,"href":"https:\/\/olemosaic.com\/fr\/wp-json\/wp\/v2\/product_brand?post=27295"},{"taxonomy":"product_cat","embeddable":true,"href":"https:\/\/olemosaic.com\/fr\/wp-json\/wp\/v2\/product_cat?post=27295"},{"taxonomy":"product_tag","embeddable":true,"href":"https:\/\/olemosaic.com\/fr\/wp-json\/wp\/v2\/product_tag?post=27295"}],"curies":[{"name":"wp","href":"https:\/\/api.w.org\/{rel}","templated":true}]}}