{"id":27274,"date":"2025-02-20T23:29:10","date_gmt":"2025-02-20T22:29:10","guid":{"rendered":"http:\/\/olemosaic.com\/producto\/libreta-de-80-hojas-toros-2\/"},"modified":"2025-07-25T18:34:55","modified_gmt":"2025-07-25T16:34:55","slug":"carnet-80-feuilles-taureaux-2","status":"publish","type":"product","link":"https:\/\/olemosaic.com\/fr\/produit\/carnet-80-feuilles-taureaux-2\/","title":{"rendered":"Carnet de 80 feuilles. Taureaux. Espagne."},"content":{"rendered":"<p>Ce carnet de 80 feuilles pr\u00e9sente une illustration vibrante de l&rsquo;iconique taureau espagnol, con\u00e7u dans un style de mosa\u00efque color\u00e9e qui refl\u00e8te la riche tradition culturelle de l&rsquo;Espagne. La couverture est d\u00e9cor\u00e9e d&rsquo;un design dynamique qui combine un soleil stylis\u00e9 et des fleurs, le tout dans une palette de couleurs intenses comprenant des verts, des rouges et des bleus. Cette image captivante souligne non seulement la figure du taureau, symbole de courage et de force dans la culture espagnole, mais \u00e9voque \u00e9galement l&rsquo;esprit festif et folklorique du pays.<\/p>\n<p>Chaque feuille de ce carnet est destin\u00e9e \u00e0 \u00eatre un refuge pour vos pens\u00e9es et vos souvenirs, capturant l&rsquo;essence du folklore espagnol \u00e0 chaque \u00e9crit. La bande \u00e9lastique rouge pratique assure que les pages restent prot\u00e9g\u00e9es et organis\u00e9es, ce qui en fait une option fonctionnelle et attrayante tant pour les touristes que pour les locaux. En tant que souvenir authentique et repr\u00e9sentatif de l&rsquo;Espagne, ce produit offre non seulement une utilit\u00e9, mais aussi un rappel du riche patrimoine culturel qui entoure la nation.<\/p>\n<p>Chez Ol\u00e9 Mosaic, nous sommes sp\u00e9cialistes de la distribution de souvenirs en gros, et ce carnet est une excellente option pour les boutiques de cadeaux touristiques qui cherchent \u00e0 offrir des produits uniques et de qualit\u00e9. Avec son design tr\u00e8s sp\u00e9cial et sa connexion culturelle, ce carnet est sans aucun doute un magnifique souvenir d&rsquo;Espagne, parfait pour ceux qui recherchent un souvenir m\u00e9morable.<\/p>\n","protected":false},"excerpt":{"rendered":"<p>Carnet de 80 feuilles avec une illustration vibrante de l&#8217;embl\u00e9matique taureau espagnol, repr\u00e9sent\u00e9 dans un style de mosa\u00efque color\u00e9e qui \u00e9voque la tradition culturelle de l&rsquo;Espagne. La couverture est d\u00e9cor\u00e9e d&rsquo;un design dynamique incluant un soleil stylis\u00e9 et des fleurs, mettant en avant l&rsquo;utilisation de tons vifs comme le vert, le rouge et le bleu. Avec une bande \u00e9lastique rouge pratique pour le maintenir ferm\u00e9, ce carnet est id\u00e9al pour noter des pens\u00e9es et des souvenirs, capturant l&rsquo;essence du folklore espagnol sur chaque page.<\/p>\n","protected":false},"featured_media":9169,"template":"","meta":{"_acf_changed":false},"product_brand":[],"product_cat":[806],"product_tag":[530],"class_list":{"0":"post-27274","1":"product","2":"type-product","3":"status-publish","4":"has-post-thumbnail","6":"product_cat-carnets","7":"product_tag-animaux","8":"pa_motivo-taureaux","10":"first","11":"instock","12":"shipping-taxable","13":"product-type-simple"},"acf":[],"_links":{"self":[{"href":"https:\/\/olemosaic.com\/fr\/wp-json\/wp\/v2\/product\/27274","targetHints":{"allow":["GET"]}}],"collection":[{"href":"https:\/\/olemosaic.com\/fr\/wp-json\/wp\/v2\/product"}],"about":[{"href":"https:\/\/olemosaic.com\/fr\/wp-json\/wp\/v2\/types\/product"}],"wp:featuredmedia":[{"embeddable":true,"href":"https:\/\/olemosaic.com\/fr\/wp-json\/wp\/v2\/media\/9169"}],"wp:attachment":[{"href":"https:\/\/olemosaic.com\/fr\/wp-json\/wp\/v2\/media?parent=27274"}],"wp:term":[{"taxonomy":"product_brand","embeddable":true,"href":"https:\/\/olemosaic.com\/fr\/wp-json\/wp\/v2\/product_brand?post=27274"},{"taxonomy":"product_cat","embeddable":true,"href":"https:\/\/olemosaic.com\/fr\/wp-json\/wp\/v2\/product_cat?post=27274"},{"taxonomy":"product_tag","embeddable":true,"href":"https:\/\/olemosaic.com\/fr\/wp-json\/wp\/v2\/product_tag?post=27274"}],"curies":[{"name":"wp","href":"https:\/\/api.w.org\/{rel}","templated":true}]}}