{"id":27273,"date":"2025-02-20T23:29:10","date_gmt":"2025-02-20T22:29:10","guid":{"rendered":"http:\/\/olemosaic.com\/producto\/libreta-de-80-hojas-panoramica-barcelona-5\/"},"modified":"2025-07-25T19:32:34","modified_gmt":"2025-07-25T17:32:34","slug":"carnet-80-feuilles-panoramique-barcelone-5","status":"publish","type":"product","link":"https:\/\/olemosaic.com\/fr\/produit\/carnet-80-feuilles-panoramique-barcelone-5\/","title":{"rendered":"Carnet de 80 feuilles. Panoramique. Gaudi. Barcelone."},"content":{"rendered":"<p>Ce carnet de 80 feuilles est un hommage vibrant \u00e0 la charmante ville de Barcelone et un souvenir id\u00e9al pour tout visiteur. La couverture pr\u00e9sente une illustration spectaculaire de l&#8217;embl\u00e9matique Sagrada Familia, avec ses tours iconiques qui s&rsquo;\u00e9l\u00e8vent dans des tons chauds et terre cuite, refl\u00e9tant le style incomparable d&rsquo;Antoni Gaud\u00ed. Autour, une explosion de motifs floraux aux couleurs vives apporte un air de fra\u00eecheur et de joie, \u00e9voquant les espaces urbains vibrants de la capitale catalane. Un dragon caract\u00e9ristique se d\u00e9tache, r\u00e9f\u00e9rence au c\u00e9l\u00e8bre Parc G\u00fcell, ajoutant une touche ludique et artistique, en harmonie avec l&rsquo;architecture moderniste de la ville. Le mot \u00ab\u00a0Barcelona\u00a0\u00bb, en lettres multicolores et dynamiques, souligne la diversit\u00e9 culturelle et artistique de la r\u00e9gion. Pour s\u00e9curiser le contenu, le carnet dispose d&rsquo;une bande \u00e9lastique rouge pratique qui s&rsquo;accorde parfaitement avec le design g\u00e9n\u00e9ral. Ce produit n&rsquo;est pas seulement fonctionnel pour capturer des pens\u00e9es et des souvenirs, mais agit \u00e9galement comme un symbole repr\u00e9sentatif du riche h\u00e9ritage culturel de Barcelone. Chez Ol\u00e9 Mosaic, nous nous consacrons \u00e0 la distribution de souvenirs authentiques en gros, et ce carnet est une excellente option pour les boutiques de cadeaux touristiques qui recherchent des articles c\u00e9l\u00e9brant l&rsquo;essence de la Catalogne.<\/p>\n","protected":false},"excerpt":{"rendered":"<p>Carnet de 80 feuilles avec une vue panoramique vibrante de Barcelone. La couverture pr\u00e9sente une illustration color\u00e9e qui met en valeur l&#8217;embl\u00e9matique Sagrada Familia, entour\u00e9e de motifs floraux aux tons vifs et d&rsquo;un dragon caract\u00e9ristique \u00e9voquant l&rsquo;\u0153uvre de Gaud\u00ed. Le design inclut le mot \u00ab\u00a0Barcelona\u00a0\u00bb en lettres multicolores et une bande \u00e9lastique rouge pour s\u00e9curiser son contenu. Id\u00e9al pour consigner vos pens\u00e9es et souvenirs de la cit\u00e9 comtale, alliant art et fonctionnalit\u00e9 en un seul produit.<\/p>\n","protected":false},"featured_media":11633,"template":"","meta":{"_acf_changed":false},"product_brand":[],"product_cat":[806],"product_tag":[],"class_list":{"0":"post-27273","1":"product","2":"type-product","3":"status-publish","4":"has-post-thumbnail","6":"product_cat-carnets","7":"pa_ciudad-barcelona","8":"pa_motivo-panoramas","9":"pa_pais-espana","11":"first","12":"instock","13":"shipping-taxable","14":"product-type-simple"},"acf":[],"_links":{"self":[{"href":"https:\/\/olemosaic.com\/fr\/wp-json\/wp\/v2\/product\/27273","targetHints":{"allow":["GET"]}}],"collection":[{"href":"https:\/\/olemosaic.com\/fr\/wp-json\/wp\/v2\/product"}],"about":[{"href":"https:\/\/olemosaic.com\/fr\/wp-json\/wp\/v2\/types\/product"}],"wp:featuredmedia":[{"embeddable":true,"href":"https:\/\/olemosaic.com\/fr\/wp-json\/wp\/v2\/media\/11633"}],"wp:attachment":[{"href":"https:\/\/olemosaic.com\/fr\/wp-json\/wp\/v2\/media?parent=27273"}],"wp:term":[{"taxonomy":"product_brand","embeddable":true,"href":"https:\/\/olemosaic.com\/fr\/wp-json\/wp\/v2\/product_brand?post=27273"},{"taxonomy":"product_cat","embeddable":true,"href":"https:\/\/olemosaic.com\/fr\/wp-json\/wp\/v2\/product_cat?post=27273"},{"taxonomy":"product_tag","embeddable":true,"href":"https:\/\/olemosaic.com\/fr\/wp-json\/wp\/v2\/product_tag?post=27273"}],"curies":[{"name":"wp","href":"https:\/\/api.w.org\/{rel}","templated":true}]}}