{"id":27272,"date":"2025-02-20T23:29:10","date_gmt":"2025-02-20T22:29:10","guid":{"rendered":"http:\/\/olemosaic.com\/producto\/libreta-de-80-hojas-salamandra-2\/"},"modified":"2025-07-25T18:41:57","modified_gmt":"2025-07-25T16:41:57","slug":"carnet-80-feuilles-salamandre-2","status":"publish","type":"product","link":"https:\/\/olemosaic.com\/fr\/produit\/carnet-80-feuilles-salamandre-2\/","title":{"rendered":"Carnet de 80 feuilles. Salamandre. Style m\u00e9diterran\u00e9en. Barcelone."},"content":{"rendered":"<p>Ce carnet de 80 feuilles est un hommage vibrant \u00e0 la richesse naturelle de la r\u00e9gion, captur\u00e9e \u00e0 travers un design artistique inspir\u00e9 de la faune locale. La couverture pr\u00e9sente une magnifique salamandre orn\u00e9e de mosa\u00efques color\u00e9es qui soulignent ses formes caract\u00e9ristiques, encadr\u00e9e dans un environnement rempli de fleurs stylis\u00e9es dans des tons rouges et bleus. Ce d\u00e9tail refl\u00e8te non seulement la splendeur de la biodiversit\u00e9, mais aussi l&rsquo;artisanat traditionnel qui caract\u00e9rise la culture espagnole, o\u00f9 les mosa\u00efques sont une expression artistique ancr\u00e9e dans son histoire. La fermeture \u00e9lastique rouge ajoute non seulement une touche de couleur et de style, mais garantit \u00e9galement la s\u00e9curit\u00e9 de vos notes et dessins, transformant ce carnet en un objet fonctionnel et esth\u00e9tiquement attrayant. Id\u00e9al pour les touristes \u00e0 la recherche d&rsquo;un souvenir significatif, ce carnet salamandre est un excellent rappel de la vie sauvage et de l&rsquo;art que l&rsquo;on trouve dans chaque recoin de la r\u00e9gion. Chez Ol\u00e9 Mosaic, nous proposons ce carnet dans le cadre de notre large gamme de souvenirs, parfait pour les boutiques de cadeaux touristiques qui recherchent l&rsquo;authenticit\u00e9 et la qualit\u00e9 dans leurs produits.<\/p>\n","protected":false},"excerpt":{"rendered":"<p>Carnet de 80 feuilles avec un design vibrant inspir\u00e9 de la faune de la r\u00e9gion. La couverture pr\u00e9sente une magnifique salamandre d\u00e9cor\u00e9e de mosa\u00efques color\u00e9es qui soulignent sa forme caract\u00e9ristique, entour\u00e9e de fleurs stylis\u00e9es dans des tons rouges et bleus. Ce produit fonctionnel, id\u00e9al pour prendre des notes ou dessiner, dispose d&rsquo;une fermeture \u00e9lastique rouge qui apporte une touche de couleur et de praticit\u00e9, parfait pour ceux qui appr\u00e9cient l&rsquo;art et la culture locale.<\/p>\n","protected":false},"featured_media":11644,"template":"","meta":{"_acf_changed":false},"product_brand":[],"product_cat":[806],"product_tag":[530],"class_list":{"0":"post-27272","1":"product","2":"type-product","3":"status-publish","4":"has-post-thumbnail","6":"product_cat-carnets","7":"product_tag-animaux","8":"pa_motivo-salamandres","10":"first","11":"instock","12":"shipping-taxable","13":"product-type-simple"},"acf":[],"_links":{"self":[{"href":"https:\/\/olemosaic.com\/fr\/wp-json\/wp\/v2\/product\/27272","targetHints":{"allow":["GET"]}}],"collection":[{"href":"https:\/\/olemosaic.com\/fr\/wp-json\/wp\/v2\/product"}],"about":[{"href":"https:\/\/olemosaic.com\/fr\/wp-json\/wp\/v2\/types\/product"}],"wp:featuredmedia":[{"embeddable":true,"href":"https:\/\/olemosaic.com\/fr\/wp-json\/wp\/v2\/media\/11644"}],"wp:attachment":[{"href":"https:\/\/olemosaic.com\/fr\/wp-json\/wp\/v2\/media?parent=27272"}],"wp:term":[{"taxonomy":"product_brand","embeddable":true,"href":"https:\/\/olemosaic.com\/fr\/wp-json\/wp\/v2\/product_brand?post=27272"},{"taxonomy":"product_cat","embeddable":true,"href":"https:\/\/olemosaic.com\/fr\/wp-json\/wp\/v2\/product_cat?post=27272"},{"taxonomy":"product_tag","embeddable":true,"href":"https:\/\/olemosaic.com\/fr\/wp-json\/wp\/v2\/product_tag?post=27272"}],"curies":[{"name":"wp","href":"https:\/\/api.w.org\/{rel}","templated":true}]}}