{"id":27270,"date":"2025-02-20T23:29:10","date_gmt":"2025-02-20T22:29:10","guid":{"rendered":"http:\/\/olemosaic.com\/producto\/libreta-de-80-hojas-panoramica-barcelona-4\/"},"modified":"2025-07-25T18:40:11","modified_gmt":"2025-07-25T16:40:11","slug":"carnet-80-feuilles-panoramique-barcelone-4","status":"publish","type":"product","link":"https:\/\/olemosaic.com\/fr\/produit\/carnet-80-feuilles-panoramique-barcelone-4\/","title":{"rendered":"Carnet de 80 feuilles. Panoramique. Casa Batll\u00f3. Gaudi. Barcelone."},"content":{"rendered":"<p>Ce carnet de 80 feuilles est un hommage vibrant \u00e0 la Sagrada Familia, le monument embl\u00e9matique de Barcelone qui repr\u00e9sente la ma\u00eetrise architecturale d&rsquo;Antoni Gaud\u00ed. Son design color\u00e9 se distingue par la combinaison de tons bleus et rouges, cr\u00e9ant une vue panoramique qui capture l&rsquo;essence de ce chef-d&rsquo;\u0153uvre dans chaque d\u00e9tail. L&rsquo;illustration montre les pinacles et les fa\u00e7ades caract\u00e9ristiques de la Sagrada Familia, entour\u00e9s d&rsquo;une texture qui \u00e9voque la mosa\u00efque dont Gaud\u00ed \u00e9tait un ma\u00eetre. La couverture rigide apporte non seulement de la r\u00e9sistance au produit, mais aussi une touche moderne et \u00e9l\u00e9gante, tandis que l&rsquo;\u00e9lastique rouge pratique garantit la fermeture s\u00e9curis\u00e9e du carnet, en faisant une option id\u00e9ale pour l&#8217;emporter partout.<\/p>\n<p>Ce souvenir de Barcelone est parfait pour ceux qui cherchent \u00e0 capturer leurs pens\u00e9es et leurs souvenirs dans un objet qui rend hommage \u00e0 la beaut\u00e9 et \u00e0 la singularit\u00e9 de la Cit\u00e9 Comtale. Le lien culturel avec ce site embl\u00e9matique fait que, chaque fois qu&rsquo;il est n\u00e9cessaire d&rsquo;\u00e9crire, des images des incroyables \u0153uvres de Gaud\u00ed sont \u00e9voqu\u00e9es. Chez Ol\u00e9 Mosaic, notre mission est d&rsquo;offrir des souvenirs authentiques qui refl\u00e8tent la richesse culturelle et artistique de l&rsquo;Espagne ; ce carnet n&rsquo;est pas seulement un souvenir, c&rsquo;est un morceau de l&rsquo;histoire locale. En tant que distributeurs de souvenirs de qualit\u00e9 en gros, nous garantissons que chaque produit est repr\u00e9sentatif et d&rsquo;une grande pertinence culturelle pour les boutiques de cadeaux touristiques.<\/p>\n","protected":false},"excerpt":{"rendered":"<p>Carnet de 80 feuilles avec une vue panoramique vibrante de la Sagrada Familia, le monument embl\u00e9matique de Barcelone. Son design color\u00e9 inclut des tons bleus et rouges, illustrant les d\u00e9tails architecturaux caract\u00e9ristiques de Gaud\u00ed. Le carnet dispose d&rsquo;une couverture rigide et d&rsquo;un \u00e9lastique rouge pratique pour le fermer en toute s\u00e9curit\u00e9. Id\u00e9al pour ceux qui souhaitent consigner leurs pens\u00e9es et souvenirs dans un objet rendant hommage \u00e0 la beaut\u00e9 de la Cit\u00e9 Comtale.<\/p>\n","protected":false},"featured_media":11632,"template":"","meta":{"_acf_changed":false},"product_brand":[],"product_cat":[806],"product_tag":[],"class_list":{"0":"post-27270","1":"product","2":"type-product","3":"status-publish","4":"has-post-thumbnail","6":"product_cat-carnets","7":"pa_ciudad-barcelona","8":"pa_motivo-panoramas","9":"pa_pais-espana","11":"first","12":"instock","13":"shipping-taxable","14":"product-type-simple"},"acf":[],"_links":{"self":[{"href":"https:\/\/olemosaic.com\/fr\/wp-json\/wp\/v2\/product\/27270","targetHints":{"allow":["GET"]}}],"collection":[{"href":"https:\/\/olemosaic.com\/fr\/wp-json\/wp\/v2\/product"}],"about":[{"href":"https:\/\/olemosaic.com\/fr\/wp-json\/wp\/v2\/types\/product"}],"wp:featuredmedia":[{"embeddable":true,"href":"https:\/\/olemosaic.com\/fr\/wp-json\/wp\/v2\/media\/11632"}],"wp:attachment":[{"href":"https:\/\/olemosaic.com\/fr\/wp-json\/wp\/v2\/media?parent=27270"}],"wp:term":[{"taxonomy":"product_brand","embeddable":true,"href":"https:\/\/olemosaic.com\/fr\/wp-json\/wp\/v2\/product_brand?post=27270"},{"taxonomy":"product_cat","embeddable":true,"href":"https:\/\/olemosaic.com\/fr\/wp-json\/wp\/v2\/product_cat?post=27270"},{"taxonomy":"product_tag","embeddable":true,"href":"https:\/\/olemosaic.com\/fr\/wp-json\/wp\/v2\/product_tag?post=27270"}],"curies":[{"name":"wp","href":"https:\/\/api.w.org\/{rel}","templated":true}]}}