{"id":27269,"date":"2025-02-20T23:29:10","date_gmt":"2025-02-20T22:29:10","guid":{"rendered":"http:\/\/olemosaic.com\/producto\/libreta-de-80-hojas-patio-2\/"},"modified":"2025-07-25T18:41:57","modified_gmt":"2025-07-25T16:41:57","slug":"carnet-80-pages-patio-2","status":"publish","type":"product","link":"https:\/\/olemosaic.com\/fr\/produit\/carnet-80-pages-patio-2\/","title":{"rendered":"Carnet de 80 pages. Patio. Andalousie."},"content":{"rendered":"<p>Ce carnet de 80 pages est un souvenir exceptionnel de S\u00e9ville, con\u00e7u avec un motif vibrant qui capture l&rsquo;essence du flamenco et du folklore andalou. La couverture pr\u00e9sente un design captivant dans les tons jaunes, o\u00f9 se distingue une danseuse (bailaora) avec une \u00e9l\u00e9gante robe \u00e0 pois rouges qui \u00e9voque la tradition et le rythme de la danse flamenco. Avec un \u00e9ventail \u00e0 la main et une expression joyeuse, la danseuse est accompagn\u00e9e d&rsquo;un danseur (bailaor) qui, avec sa chemise blanche et son chapeau, ajoute une touche de sophistication \u00e0 la sc\u00e8ne de ce charmant patio andalou.<\/p>\n<p>Le contour du carnet est d\u00e9cor\u00e9 de fleurs rouges exub\u00e9rantes, qui symbolisent la passion de la culture s\u00e9villane et l&rsquo;ambiance festive qui caract\u00e9rise cette r\u00e9gion. Id\u00e9al pour noter des pens\u00e9es, des r\u00eaves ou des souvenirs, ce carnet combine fonctionnalit\u00e9 et design rendant hommage aux traditions espagnoles. Chaque page invite \u00e0 laisser libre cours \u00e0 la cr\u00e9ativit\u00e9, tandis que l&rsquo;utilisateur se sent connect\u00e9 au riche h\u00e9ritage culturel de l&rsquo;Andalousie.<\/p>\n<p>Chez Ol\u00e9 Mosaic, nous comprenons l&rsquo;importance des souvenirs authentiques, c&rsquo;est pourquoi nous proposons des produits qui repr\u00e9sentent v\u00e9ritablement l&rsquo;essence de leurs lieux d&rsquo;origine. Ce carnet flamenco est un choix parfait pour les boutiques de cadeaux touristiques qui recherchent des articles de qualit\u00e9 c\u00e9l\u00e9brant le meilleur de S\u00e9ville, en faisant une excellente option pour les touristes qui souhaitent emporter un morceau de la culture espagnole.<\/p>\n","protected":false},"excerpt":{"rendered":"<p>Carnet de 80 pages avec un design vibrant d&rsquo;un patio andalou, o\u00f9 deux danseurs de flamenco animent la sc\u00e8ne. La couverture montre une danseuse avec une robe \u00e0 pois rouges sur fond jaune, tenant un \u00e9ventail, accompagn\u00e9e d&rsquo;un danseur en chemise blanche et chapeau. Le contour est d\u00e9cor\u00e9 de fleurs rouges, \u00e9voquant le folklore espagnol et le charme de S\u00e9ville. Id\u00e9al pour vos notes et pens\u00e9es avec une touche culturelle.<\/p>\n","protected":false},"featured_media":12018,"template":"","meta":{"_acf_changed":false},"product_brand":[],"product_cat":[806],"product_tag":[],"class_list":{"0":"post-27269","1":"product","2":"type-product","3":"status-publish","4":"has-post-thumbnail","6":"product_cat-carnets","7":"pa_motivo-cours-interieures","9":"first","10":"instock","11":"shipping-taxable","12":"product-type-simple"},"acf":[],"_links":{"self":[{"href":"https:\/\/olemosaic.com\/fr\/wp-json\/wp\/v2\/product\/27269","targetHints":{"allow":["GET"]}}],"collection":[{"href":"https:\/\/olemosaic.com\/fr\/wp-json\/wp\/v2\/product"}],"about":[{"href":"https:\/\/olemosaic.com\/fr\/wp-json\/wp\/v2\/types\/product"}],"wp:featuredmedia":[{"embeddable":true,"href":"https:\/\/olemosaic.com\/fr\/wp-json\/wp\/v2\/media\/12018"}],"wp:attachment":[{"href":"https:\/\/olemosaic.com\/fr\/wp-json\/wp\/v2\/media?parent=27269"}],"wp:term":[{"taxonomy":"product_brand","embeddable":true,"href":"https:\/\/olemosaic.com\/fr\/wp-json\/wp\/v2\/product_brand?post=27269"},{"taxonomy":"product_cat","embeddable":true,"href":"https:\/\/olemosaic.com\/fr\/wp-json\/wp\/v2\/product_cat?post=27269"},{"taxonomy":"product_tag","embeddable":true,"href":"https:\/\/olemosaic.com\/fr\/wp-json\/wp\/v2\/product_tag?post=27269"}],"curies":[{"name":"wp","href":"https:\/\/api.w.org\/{rel}","templated":true}]}}