{"id":27268,"date":"2025-02-20T22:29:09","date_gmt":"2025-02-20T22:29:09","guid":{"rendered":"http:\/\/olemosaic.com\/producto\/libreta-de-80-hojas-panoramica-madrid-2\/"},"modified":"2025-07-25T20:11:34","modified_gmt":"2025-07-25T18:11:34","slug":"carnet-80-pages-panoramique-madrid-2","status":"publish","type":"product","link":"https:\/\/olemosaic.com\/fr\/produit\/carnet-80-pages-panoramique-madrid-2\/","title":{"rendered":"Carnet de 80 pages. Panoramique. Madrid."},"content":{"rendered":"<p>Ce carnet de 80 pages est un v\u00e9ritable tr\u00e9sor qui capture l&rsquo;essence vibrante de Madrid, repr\u00e9sent\u00e9e \u00e0 travers une vue panoramique color\u00e9e o\u00f9 se distinguent l&#8217;embl\u00e9matique Puerta del Sol et deux femmes v\u00eatues de costumes folkloriques traditionnels. Son design, inspir\u00e9 des carreaux de fa\u00efence (azulejos) espagnols embl\u00e9matiques, lui conf\u00e8re une touche culturelle et artistique tr\u00e8s caract\u00e9ristique de la capitale. La palette de couleurs vibrantes et l&rsquo;illustration soign\u00e9e soulignent sa singularit\u00e9, en faisant le souvenir parfait pour ceux qui souhaitent emporter un morceau de Madrid. Avec une couverture r\u00e9sistante et une fermeture \u00e9lastique rouge pratique, ce carnet est id\u00e9al pour prendre des notes quotidiennes, ainsi que pour conserver des souvenirs et des anecdotes de votre visite dans la ville. Ce souvenir madril\u00e8ne, qui refl\u00e8te la riche tradition culturelle et artistique de la r\u00e9gion, est une excellente option pour les touristes et un produit attrayant pour les boutiques de cadeaux. Chez Ol\u00e9 Mosaic, en tant que grossistes de produits authentiques, nous proposons ce carnet comme une option id\u00e9ale pour remplir vos \u00e9tag\u00e8res d&rsquo;articles qui connectent les voyageurs \u00e0 la culture espagnole, soulignant sa valeur en tant que souvenir repr\u00e9sentatif de Madrid.<\/p>\n","protected":false},"excerpt":{"rendered":"<p>Carnet de 80 pages avec une vue panoramique color\u00e9e de Madrid, o\u00f9 l&rsquo;on distingue l&#8217;embl\u00e9matique Puerta del Sol et deux femmes v\u00eatues de costumes folkloriques. Le design, inspir\u00e9 des azulejos traditionnels, pr\u00e9sente une palette de couleurs vibrantes qui capture l&rsquo;essence culturelle de la ville. Avec une couverture r\u00e9sistante et une fermeture \u00e9lastique rouge pratique, il est id\u00e9al aussi bien pour prendre des notes quotidiennes que pour conserver des souvenirs de votre visite dans la capitale espagnole.<\/p>\n","protected":false},"featured_media":11637,"template":"","meta":{"_acf_changed":false},"product_brand":[],"product_cat":[806],"product_tag":[],"class_list":{"0":"post-27268","1":"product","2":"type-product","3":"status-publish","4":"has-post-thumbnail","6":"product_cat-carnets","7":"pa_ciudad-madrid","8":"pa_motivo-panoramas","9":"pa_pais-espana","11":"first","12":"instock","13":"shipping-taxable","14":"product-type-simple"},"acf":[],"_links":{"self":[{"href":"https:\/\/olemosaic.com\/fr\/wp-json\/wp\/v2\/product\/27268","targetHints":{"allow":["GET"]}}],"collection":[{"href":"https:\/\/olemosaic.com\/fr\/wp-json\/wp\/v2\/product"}],"about":[{"href":"https:\/\/olemosaic.com\/fr\/wp-json\/wp\/v2\/types\/product"}],"wp:featuredmedia":[{"embeddable":true,"href":"https:\/\/olemosaic.com\/fr\/wp-json\/wp\/v2\/media\/11637"}],"wp:attachment":[{"href":"https:\/\/olemosaic.com\/fr\/wp-json\/wp\/v2\/media?parent=27268"}],"wp:term":[{"taxonomy":"product_brand","embeddable":true,"href":"https:\/\/olemosaic.com\/fr\/wp-json\/wp\/v2\/product_brand?post=27268"},{"taxonomy":"product_cat","embeddable":true,"href":"https:\/\/olemosaic.com\/fr\/wp-json\/wp\/v2\/product_cat?post=27268"},{"taxonomy":"product_tag","embeddable":true,"href":"https:\/\/olemosaic.com\/fr\/wp-json\/wp\/v2\/product_tag?post=27268"}],"curies":[{"name":"wp","href":"https:\/\/api.w.org\/{rel}","templated":true}]}}