{"id":27267,"date":"2025-02-20T22:29:09","date_gmt":"2025-02-20T22:29:09","guid":{"rendered":"http:\/\/olemosaic.com\/producto\/libreta-de-80-hojas-salamandra\/"},"modified":"2025-07-25T19:19:54","modified_gmt":"2025-07-25T17:19:54","slug":"carnet-80-pages-salamandre","status":"publish","type":"product","link":"https:\/\/olemosaic.com\/fr\/produit\/carnet-80-pages-salamandre\/","title":{"rendered":"Carnet de 80 pages. Salamandre."},"content":{"rendered":"<p>Ce carnet de 80 pages est un v\u00e9ritable hommage \u00e0 la beaut\u00e9 de la culture espagnole, avec une illustration vibrante d&rsquo;une salamandre entour\u00e9e de motifs floraux color\u00e9s. Sa couverture noire offre un contraste saisissant qui fait ressortir les tons vifs et le design g\u00e9om\u00e9trique du reptile, \u00e9voquant l&rsquo;esth\u00e9tique de la mosa\u00efque andalouse traditionnelle, un art qui repr\u00e9sente le riche h\u00e9ritage culturel de l&rsquo;Espagne. La salamandre, symbole de renouveau et de transformation, est pr\u00e9sent\u00e9e dans un style moderne et attrayant, accompagn\u00e9e de fleurs stylis\u00e9es qui ajoutent une touche de fra\u00eecheur et de joie au design.<\/p>\n<p>En plus d&rsquo;\u00eatre un objet fonctionnel, id\u00e9al pour les notes, les croquis ou les rappels, ce carnet est un souvenir significatif qui capture l&rsquo;essence du folklore espagnol. La bande \u00e9lastique de fermeture prot\u00e8ge les pages, permettant de l&#8217;emporter partout, que ce soit dans le sac \u00e0 dos d&rsquo;un voyageur ou sur le bureau d&rsquo;un amateur d&rsquo;art. Chez Ol\u00e9 Mosaic, nous nous sp\u00e9cialisons dans la distribution d&rsquo;articles authentiques qui c\u00e9l\u00e8brent les traditions locales, et ce carnet est une excellente option pour les boutiques de cadeaux touristiques cherchant \u00e0 proposer des produits qui connectent les touristes \u00e0 la richesse culturelle de l&rsquo;Espagne. Avec son design attrayant et sa pertinence culturelle, ce souvenir est parfait pour ceux qui souhaitent emporter un petit morceau des traditions espagnoles.<\/p>\n","protected":false},"excerpt":{"rendered":"<p>Carnet de 80 pages avec une illustration vibrante d&rsquo;une salamandre, orn\u00e9e de motifs floraux color\u00e9s. La couverture, sur fond noir, rehausse les tons brillants et le design g\u00e9om\u00e9trique du reptile, \u00e9voquant l&rsquo;esth\u00e9tique de la mosa\u00efque traditionnelle. Ce carnet, avec fermeture par \u00e9lastique, est id\u00e9al pour les notes, les croquis ou les rappels, fusionnant art et fonctionnalit\u00e9 de mani\u00e8re attrayante. Parfait pour les amoureux de la culture et du folklore espagnol.<\/p>\n","protected":false},"featured_media":11645,"template":"","meta":{"_acf_changed":false},"product_brand":[],"product_cat":[806],"product_tag":[530],"class_list":{"0":"post-27267","1":"product","2":"type-product","3":"status-publish","4":"has-post-thumbnail","6":"product_cat-carnets","7":"product_tag-animaux","8":"pa_motivo-salamandres","10":"first","11":"instock","12":"shipping-taxable","13":"product-type-simple"},"acf":[],"_links":{"self":[{"href":"https:\/\/olemosaic.com\/fr\/wp-json\/wp\/v2\/product\/27267","targetHints":{"allow":["GET"]}}],"collection":[{"href":"https:\/\/olemosaic.com\/fr\/wp-json\/wp\/v2\/product"}],"about":[{"href":"https:\/\/olemosaic.com\/fr\/wp-json\/wp\/v2\/types\/product"}],"wp:featuredmedia":[{"embeddable":true,"href":"https:\/\/olemosaic.com\/fr\/wp-json\/wp\/v2\/media\/11645"}],"wp:attachment":[{"href":"https:\/\/olemosaic.com\/fr\/wp-json\/wp\/v2\/media?parent=27267"}],"wp:term":[{"taxonomy":"product_brand","embeddable":true,"href":"https:\/\/olemosaic.com\/fr\/wp-json\/wp\/v2\/product_brand?post=27267"},{"taxonomy":"product_cat","embeddable":true,"href":"https:\/\/olemosaic.com\/fr\/wp-json\/wp\/v2\/product_cat?post=27267"},{"taxonomy":"product_tag","embeddable":true,"href":"https:\/\/olemosaic.com\/fr\/wp-json\/wp\/v2\/product_tag?post=27267"}],"curies":[{"name":"wp","href":"https:\/\/api.w.org\/{rel}","templated":true}]}}