{"id":27266,"date":"2025-02-20T23:29:09","date_gmt":"2025-02-20T22:29:09","guid":{"rendered":"http:\/\/olemosaic.com\/producto\/libreta-de-80-hojas-panoramica-barcelona-3\/"},"modified":"2025-07-25T19:33:05","modified_gmt":"2025-07-25T17:33:05","slug":"carnet-80-pages-panoramique-barcelone-3","status":"publish","type":"product","link":"https:\/\/olemosaic.com\/fr\/produit\/carnet-80-pages-panoramique-barcelone-3\/","title":{"rendered":"Carnet de 80 pages. Panoramique. Plage. Barcelone."},"content":{"rendered":"<p>Ce carnet de 80 pages est un v\u00e9ritable hommage \u00e0 Barcelone, pr\u00e9sent\u00e9 avec une vue panoramique vibrante qui capture l&rsquo;essence de cette ville embl\u00e9matique. La couverture affiche des illustrations color\u00e9es de monuments embl\u00e9matiques tels que la Sagrada Familia et la Casa Batll\u00f3, contextualis\u00e9s sur un fond \u00e9voquant la plage et les palmiers de la M\u00e9diterran\u00e9e, refl\u00e9tant l&rsquo;ambiance festive et joyeuse de la ville. Le design graphique est moderne et attrayant, avec une gamme de couleurs \u00e9clatantes qui soulignent la singularit\u00e9 et le dynamisme barcelonais. L&rsquo;inclusion d&rsquo;une bande \u00e9lastique pratique permet de maintenir le carnet ferm\u00e9, ce qui le rend id\u00e9al \u00e0 transporter confortablement dans une poche ou un sac. Ce produit n&rsquo;est pas seulement fonctionnel, il devient aussi un souvenir repr\u00e9sentatif de la culture catalane, parfait pour les touristes cherchant \u00e0 emporter un morceau de la ville. Chez Ol\u00e9 Mosaic, nous sommes fiers de proposer des souvenirs authentiques qui refl\u00e8tent la richesse culturelle de chaque r\u00e9gion. Ce carnet est une excellente option pour les boutiques de cadeaux touristiques, \u00e9tant un article \u00e0 la fois utile et d\u00e9coratif qui capture l&rsquo;essence des souvenirs de Barcelone.<\/p>\n","protected":false},"excerpt":{"rendered":"<p>Carnet de 80 pages avec une vue panoramique vibrante de Barcelone. La couverture pr\u00e9sente des illustrations color\u00e9es de monuments embl\u00e9matiques, comme la Sagrada Familia et la Casa Batll\u00f3, sur un fond de plage et de palmiers. Le design se distingue par son style graphique moderne et joyeux, avec une gamme de couleurs \u00e9clatantes qui capture l&rsquo;essence de la ville. Comprend une bande \u00e9lastique pratique pour le maintenir ferm\u00e9, parfait pour le transporter confortablement dans une poche ou un sac.<\/p>\n","protected":false},"featured_media":11635,"template":"","meta":{"_acf_changed":false},"product_brand":[],"product_cat":[806],"product_tag":[],"class_list":{"0":"post-27266","1":"product","2":"type-product","3":"status-publish","4":"has-post-thumbnail","6":"product_cat-carnets","7":"pa_ciudad-barcelona","8":"pa_motivo-panoramas","9":"pa_pais-espana","11":"first","12":"instock","13":"shipping-taxable","14":"product-type-simple"},"acf":[],"_links":{"self":[{"href":"https:\/\/olemosaic.com\/fr\/wp-json\/wp\/v2\/product\/27266","targetHints":{"allow":["GET"]}}],"collection":[{"href":"https:\/\/olemosaic.com\/fr\/wp-json\/wp\/v2\/product"}],"about":[{"href":"https:\/\/olemosaic.com\/fr\/wp-json\/wp\/v2\/types\/product"}],"wp:featuredmedia":[{"embeddable":true,"href":"https:\/\/olemosaic.com\/fr\/wp-json\/wp\/v2\/media\/11635"}],"wp:attachment":[{"href":"https:\/\/olemosaic.com\/fr\/wp-json\/wp\/v2\/media?parent=27266"}],"wp:term":[{"taxonomy":"product_brand","embeddable":true,"href":"https:\/\/olemosaic.com\/fr\/wp-json\/wp\/v2\/product_brand?post=27266"},{"taxonomy":"product_cat","embeddable":true,"href":"https:\/\/olemosaic.com\/fr\/wp-json\/wp\/v2\/product_cat?post=27266"},{"taxonomy":"product_tag","embeddable":true,"href":"https:\/\/olemosaic.com\/fr\/wp-json\/wp\/v2\/product_tag?post=27266"}],"curies":[{"name":"wp","href":"https:\/\/api.w.org\/{rel}","templated":true}]}}