{"id":27265,"date":"2025-02-20T22:29:09","date_gmt":"2025-02-20T22:29:09","guid":{"rendered":"http:\/\/olemosaic.com\/producto\/libreta-de-80-hojas-gato-barcelona\/"},"modified":"2025-07-25T18:41:58","modified_gmt":"2025-07-25T16:41:58","slug":"carnet-80-pages-chat-barcelone","status":"publish","type":"product","link":"https:\/\/olemosaic.com\/fr\/produit\/carnet-80-pages-chat-barcelone\/","title":{"rendered":"Carnet de 80 pages. Chat. Barcelone."},"content":{"rendered":"<p>Ce carnet de 80 pages au design de chat est un hommage vibrant et color\u00e9 \u00e0 l&rsquo;art de la mosa\u00efque barcelonaise, une ville c\u00e9l\u00e8bre pour son riche h\u00e9ritage artistique et ses chefs-d&rsquo;\u0153uvre innovants. Sur la couverture, un charmant chat color\u00e9, inspir\u00e9 du style mosa\u00efque d&rsquo;Antoni Gaud\u00ed, se dresse sur un fond \u00e9voquant les fines pi\u00e8ces de c\u00e9ramique qui ornent les monuments de la ville. Ce chat, aux tons vifs de bleu, rouge, jaune et vert, attire l&rsquo;attention avec son expression enjou\u00e9e, entour\u00e9 de d\u00e9licats papillons qui semblent voler au-dessus d&rsquo;un sol en mosa\u00efque.<\/p>\n<p>Le carnet poss\u00e8de une couverture rigide qui assure sa durabilit\u00e9 et une fermeture par bande \u00e9lastique rouge, ce qui non seulement prot\u00e8ge son contenu, mais lui donne \u00e9galement un aspect moderne et \u00e9l\u00e9gant. Ses 80 pages sont parfaites pour noter des pens\u00e9es, r\u00e9aliser des croquis ou garder des souvenirs de voyage, en faisant un objet aussi pratique que d\u00e9coratif.<\/p>\n<p>Ce produit est un excellent souvenir de Barcelone, id\u00e9al pour les touristes et les amoureux de la ville, car il encapsule l&rsquo;essence de son art et de sa culture. Chez Ol\u00e9 Mosaic, en tant que grossistes de souvenirs, nous proposons des articles qui se distinguent par leur authenticit\u00e9 et leur connexion culturelle, faisant de ce carnet un souvenir repr\u00e9sentatif et significatif qui \u00e9voque la magie de l&rsquo;exploration de Barcelone et de sa vie artistique vibrante.<\/p>\n","protected":false},"excerpt":{"rendered":"<p>Carnet de 80 pages avec un design de chat inspir\u00e9 de l&rsquo;art de la mosa\u00efque de Barcelone. Il pr\u00e9sente un chat aux couleurs vibrantes, \u00e9voquant le c\u00e9l\u00e8bre style de mosa\u00efque caract\u00e9ristique de la ville, entour\u00e9 de d\u00e9licats papillons. Sa couverture rigide comprend une bande \u00e9lastique rouge qui s\u00e9curise son contenu, en faisant un objet pratique et d\u00e9coratif. Id\u00e9al pour les amoureux de Barcelone et des designs artistiques.<\/p>\n","protected":false},"featured_media":11650,"template":"","meta":{"_acf_changed":false},"product_brand":[],"product_cat":[806],"product_tag":[530],"class_list":{"0":"post-27265","1":"product","2":"type-product","3":"status-publish","4":"has-post-thumbnail","6":"product_cat-carnets","7":"product_tag-animaux","8":"pa_ciudad-barcelona","9":"pa_motivo-chats","10":"pa_pais-espana","12":"first","13":"instock","14":"shipping-taxable","15":"product-type-simple"},"acf":[],"_links":{"self":[{"href":"https:\/\/olemosaic.com\/fr\/wp-json\/wp\/v2\/product\/27265","targetHints":{"allow":["GET"]}}],"collection":[{"href":"https:\/\/olemosaic.com\/fr\/wp-json\/wp\/v2\/product"}],"about":[{"href":"https:\/\/olemosaic.com\/fr\/wp-json\/wp\/v2\/types\/product"}],"wp:featuredmedia":[{"embeddable":true,"href":"https:\/\/olemosaic.com\/fr\/wp-json\/wp\/v2\/media\/11650"}],"wp:attachment":[{"href":"https:\/\/olemosaic.com\/fr\/wp-json\/wp\/v2\/media?parent=27265"}],"wp:term":[{"taxonomy":"product_brand","embeddable":true,"href":"https:\/\/olemosaic.com\/fr\/wp-json\/wp\/v2\/product_brand?post=27265"},{"taxonomy":"product_cat","embeddable":true,"href":"https:\/\/olemosaic.com\/fr\/wp-json\/wp\/v2\/product_cat?post=27265"},{"taxonomy":"product_tag","embeddable":true,"href":"https:\/\/olemosaic.com\/fr\/wp-json\/wp\/v2\/product_tag?post=27265"}],"curies":[{"name":"wp","href":"https:\/\/api.w.org\/{rel}","templated":true}]}}