{"id":27254,"date":"2025-02-20T22:29:09","date_gmt":"2025-02-20T22:29:09","guid":{"rendered":"http:\/\/olemosaic.com\/producto\/libreta-de-80-hojas-gato-mallorca\/"},"modified":"2025-07-25T18:41:31","modified_gmt":"2025-07-25T16:41:31","slug":"carnet-80-feuilles-chat-majorque","status":"publish","type":"product","link":"https:\/\/olemosaic.com\/fr\/produit\/carnet-80-feuilles-chat-majorque\/","title":{"rendered":"Carnet de 80 feuilles. Chat. Majorque."},"content":{"rendered":"<p>Ce carnet de 80 feuilles au design color\u00e9 de chat est un reflet vibrant de la culture majorquine, id\u00e9al pour ceux qui souhaitent emporter un petit morceau de Majorque partout avec eux. La couverture pr\u00e9sente une mosa\u00efque captivante illustrant un chat dans une explosion de tons rouges, bleus, verts et jaunes, capturant l&rsquo;essence de l&rsquo;art local et de l&rsquo;architecture traditionnelle de l&rsquo;\u00eele. Entour\u00e9 de papillons qui ajoutent une touche joyeuse et \u00e9vocatrice, le design est non seulement esth\u00e9tiquement attrayant, mais rend \u00e9galement hommage \u00e0 la riche flore et faune de Majorque. Cet \u00e9l\u00e9ment visuel souligne la cr\u00e9ativit\u00e9 et le talent artistique caract\u00e9ristiques de la r\u00e9gion.<\/p>\n<p>Pratique et fonctionnel, le carnet dispose d&rsquo;une bande \u00e9lastique rouge qui s\u00e9curise son contenu, le maintenant ferm\u00e9 et prot\u00e9g\u00e9 \u00e0 tout moment. Chaque feuille offre un espace id\u00e9al pour \u00e9crire des notes, des r\u00e9flexions ou m\u00eame des croquis, ce qui en fait le compagnon id\u00e9al pour les touristes, les \u00e9tudiants ou tout amateur d&rsquo;\u00e9criture. En tant que souvenir de Majorque, ce carnet n&rsquo;est pas seulement un objet utile, mais aussi un souvenir significatif qui repr\u00e9sente l&rsquo;authenticit\u00e9 et la culture typique de l&rsquo;\u00eele. Chez Ol\u00e9 Mosaic, nous nous sp\u00e9cialisons dans la distribution de souvenirs en gros, offrant des produits de qualit\u00e9 qui capturent l&rsquo;essence de r\u00e9gions comme Majorque, faisant de chaque carnet une excellente option pour les boutiques de cadeaux touristiques.<\/p>\n","protected":false},"excerpt":{"rendered":"<p>Carnet de 80 feuilles avec un design color\u00e9 de chat, inspir\u00e9 de l&rsquo;architecture et de l&rsquo;art de Majorque. La couverture pr\u00e9sente une mosa\u00efque vibrante avec un chat dans les tons rouges, bleus, verts et jaunes, entour\u00e9 de papillons qui lui donnent une touche joyeuse. Ce produit dispose d&rsquo;une bande \u00e9lastique rouge pour maintenir le carnet ferm\u00e9, ce qui le rend parfait pour \u00e9crire et emporter un morceau de la culture majorquine partout.<\/p>\n","protected":false},"featured_media":12004,"template":"","meta":{"_acf_changed":false},"product_brand":[],"product_cat":[806],"product_tag":[530],"class_list":{"0":"post-27254","1":"product","2":"type-product","3":"status-publish","4":"has-post-thumbnail","6":"product_cat-carnets","7":"product_tag-animaux","8":"pa_ciudad-mallorca","9":"pa_motivo-chats","10":"pa_pais-espana","12":"first","13":"instock","14":"shipping-taxable","15":"product-type-simple"},"acf":[],"_links":{"self":[{"href":"https:\/\/olemosaic.com\/fr\/wp-json\/wp\/v2\/product\/27254","targetHints":{"allow":["GET"]}}],"collection":[{"href":"https:\/\/olemosaic.com\/fr\/wp-json\/wp\/v2\/product"}],"about":[{"href":"https:\/\/olemosaic.com\/fr\/wp-json\/wp\/v2\/types\/product"}],"wp:featuredmedia":[{"embeddable":true,"href":"https:\/\/olemosaic.com\/fr\/wp-json\/wp\/v2\/media\/12004"}],"wp:attachment":[{"href":"https:\/\/olemosaic.com\/fr\/wp-json\/wp\/v2\/media?parent=27254"}],"wp:term":[{"taxonomy":"product_brand","embeddable":true,"href":"https:\/\/olemosaic.com\/fr\/wp-json\/wp\/v2\/product_brand?post=27254"},{"taxonomy":"product_cat","embeddable":true,"href":"https:\/\/olemosaic.com\/fr\/wp-json\/wp\/v2\/product_cat?post=27254"},{"taxonomy":"product_tag","embeddable":true,"href":"https:\/\/olemosaic.com\/fr\/wp-json\/wp\/v2\/product_tag?post=27254"}],"curies":[{"name":"wp","href":"https:\/\/api.w.org\/{rel}","templated":true}]}}