{"id":27253,"date":"2025-02-20T22:29:09","date_gmt":"2025-02-20T22:29:09","guid":{"rendered":"http:\/\/olemosaic.com\/producto\/lata-inox-de-500-ml-panoramica-barcelona\/"},"modified":"2025-07-25T20:29:59","modified_gmt":"2025-07-25T18:29:59","slug":"canette-inox-500-ml-panoramique-barcelone","status":"publish","type":"product","link":"https:\/\/olemosaic.com\/fr\/produit\/canette-inox-500-ml-panoramique-barcelone\/","title":{"rendered":"Canette inox de 500 ml. Panoramique. Barcelone."},"content":{"rendered":"<p>Cette canette en acier inoxydable de 500 ml, avec une panoramique vibrante de Barcelone, est un souvenir unique qui capture l&rsquo;essence de la cit\u00e9 comtale. Avec un design color\u00e9 inspir\u00e9 de la c\u00e9l\u00e8bre architecture barcelonaise, la canette souligne la majest\u00e9 de la Sagrada Familia, les contours sinueux de la Casa Batll\u00f3 et les formes capricieuses du Park G\u00fcell, le tout dans un style \u00e9l\u00e9gant de mosa\u00efque. Le fond bleu clair de la canette compl\u00e8te les d\u00e9tails brillants et color\u00e9s, cr\u00e9ant une \u0153uvre d&rsquo;art miniature qui est non seulement fonctionnelle, mais aussi un souvenir attrayant.<\/p>\n<p>En plus de son utilisation pratique pour les boissons, cette canette est une riche repr\u00e9sentation culturelle qui invite les amoureux de la ville \u00e0 emporter un petit morceau de sa beaut\u00e9 et de sa singularit\u00e9. Le lien entre le design de la canette et l&rsquo;\u0153uvre d&rsquo;Antoni Gaud\u00ed souligne l&rsquo;importance du patrimoine artistique de Barcelone et son influence sur la sc\u00e8ne mondiale. Id\u00e9ale pour les touristes \u00e0 la recherche de souvenirs authentiques, cette pi\u00e8ce se distingue comme un rappel des paysages urbains embl\u00e9matiques qui caract\u00e9risent la ville.<\/p>\n<p>Chez Ol\u00e9 Mosaic, nous nous sp\u00e9cialisons dans la distribution de souvenirs en gros, et cette canette en acier inoxydable est une excellente option pour les boutiques de cadeaux touristiques souhaitant offrir des produits de qualit\u00e9 et de pertinence culturelle. Son authenticit\u00e9 et son attrait visuel en font un \u00e9l\u00e9ment incontournable de toute collection de souvenirs de Barcelone.<\/p>\n","protected":false},"excerpt":{"rendered":"<p>Canette en acier inoxydable de 500 ml avec une panoramique vibrante de Barcelone. Cette pi\u00e8ce pr\u00e9sente un design color\u00e9 inspir\u00e9 de la c\u00e9l\u00e8bre architecture de la ville, mettant en avant la Sagrada Familia, la Casa Batll\u00f3 et le Park G\u00fcell, le tout dans un style \u00e9l\u00e9gant de mosa\u00efque. Avec un fond bleu et des d\u00e9tails brillants, cette canette est non seulement fonctionnelle, mais aussi un souvenir attrayant qui capture l&rsquo;essence culturelle et artistique de Barcelone, id\u00e9al pour les amoureux de la ville.<\/p>\n","protected":false},"featured_media":12801,"template":"","meta":{"_acf_changed":false},"product_brand":[],"product_cat":[796],"product_tag":[],"class_list":{"0":"post-27253","1":"product","2":"type-product","3":"status-publish","4":"has-post-thumbnail","6":"product_cat-boites-en-metal","7":"pa_ciudad-barcelona","8":"pa_motivo-panoramas","9":"pa_pais-espana","11":"first","12":"instock","13":"shipping-taxable","14":"product-type-simple"},"acf":[],"_links":{"self":[{"href":"https:\/\/olemosaic.com\/fr\/wp-json\/wp\/v2\/product\/27253","targetHints":{"allow":["GET"]}}],"collection":[{"href":"https:\/\/olemosaic.com\/fr\/wp-json\/wp\/v2\/product"}],"about":[{"href":"https:\/\/olemosaic.com\/fr\/wp-json\/wp\/v2\/types\/product"}],"wp:featuredmedia":[{"embeddable":true,"href":"https:\/\/olemosaic.com\/fr\/wp-json\/wp\/v2\/media\/12801"}],"wp:attachment":[{"href":"https:\/\/olemosaic.com\/fr\/wp-json\/wp\/v2\/media?parent=27253"}],"wp:term":[{"taxonomy":"product_brand","embeddable":true,"href":"https:\/\/olemosaic.com\/fr\/wp-json\/wp\/v2\/product_brand?post=27253"},{"taxonomy":"product_cat","embeddable":true,"href":"https:\/\/olemosaic.com\/fr\/wp-json\/wp\/v2\/product_cat?post=27253"},{"taxonomy":"product_tag","embeddable":true,"href":"https:\/\/olemosaic.com\/fr\/wp-json\/wp\/v2\/product_tag?post=27253"}],"curies":[{"name":"wp","href":"https:\/\/api.w.org\/{rel}","templated":true}]}}