{"id":27252,"date":"2025-02-20T22:29:09","date_gmt":"2025-02-20T22:29:09","guid":{"rendered":"http:\/\/olemosaic.com\/producto\/lata-inox-de-500-ml-salamandra-barcelona\/"},"modified":"2025-07-25T19:00:52","modified_gmt":"2025-07-25T17:00:52","slug":"canette-inox-500-ml-salamandre-barcelone","status":"publish","type":"product","link":"https:\/\/olemosaic.com\/fr\/produit\/canette-inox-500-ml-salamandre-barcelone\/","title":{"rendered":"Canette inox de 500 ml. Salamandre. Barcelone."},"content":{"rendered":"<p>Cette canette en acier inoxydable de 500 ml, orn\u00e9e d&rsquo;une illustration vibrante de salamandres, capture l&rsquo;essence de la c\u00e9l\u00e8bre mosa\u00efque de Barcelone, en faisant un souvenir inoubliable de cette ville embl\u00e9matique. Avec un fond blanc qui se distingue par son \u00e9l\u00e9gance, la canette pr\u00e9sente des d\u00e9tails complexes aux couleurs vives \u00e9voquant les \u0153uvres d&rsquo;Antoni Gaud\u00ed, symbole incontest\u00e9 du modernisme catalan. Les salamandres s&rsquo;entrelacent dans un design artistique qui est non seulement visuellement surprenant, mais refl\u00e8te \u00e9galement l&rsquo;ing\u00e9niosit\u00e9 et la cr\u00e9ativit\u00e9 qui caract\u00e9risent l&rsquo;architecture de Barcelone. Cette pi\u00e8ce est id\u00e9ale pour garder vos boissons fra\u00eeches, offrant une fonctionnalit\u00e9 sans sacrifier l&rsquo;art ; sa construction en acier inoxydable garantit durabilit\u00e9 et r\u00e9sistance, tandis que son design captivant en fait un excellent investissement pour tout amateur de culture espagnole. De plus, chaque canette est pr\u00e9sent\u00e9e dans une bo\u00eete d\u00e9corative, ce qui la rend parfaite pour offrir. Chez Ol\u00e9 Mosaic, nous sommes experts dans la distribution de souvenirs en gros, et cette canette repr\u00e9sente une option id\u00e9ale pour les boutiques de cadeaux touristiques souhaitant proposer des produits authentiques et significatifs, devenant un souvenir marquant de Barcelone.<\/p>\n","protected":false},"excerpt":{"rendered":"<p>Canette en acier inoxydable de 500 ml d\u00e9cor\u00e9e d&rsquo;une illustration vibrante de salamandres, inspir\u00e9e de la c\u00e9l\u00e8bre mosa\u00efque de Barcelone. Ce r\u00e9cipient \u00e9l\u00e9gant pr\u00e9sente un fond blanc avec des d\u00e9tails color\u00e9s \u00e9voquant l&rsquo;\u0153uvre de Gaud\u00ed, renfor\u00e7ant son attrait visuel. Id\u00e9ale pour garder vos boissons fra\u00eeches, elle allie fonctionnalit\u00e9 et art dans un design qui capture l&rsquo;essence du modernisme catalan. Pr\u00e9sent\u00e9e dans une bo\u00eete d\u00e9corative, c&rsquo;est un cadeau parfait pour les amateurs d&rsquo;art et de culture espagnole.<\/p>\n","protected":false},"featured_media":11156,"template":"","meta":{"_acf_changed":false},"product_brand":[],"product_cat":[796],"product_tag":[530],"class_list":{"0":"post-27252","1":"product","2":"type-product","3":"status-publish","4":"has-post-thumbnail","6":"product_cat-boites-en-metal","7":"product_tag-animaux","8":"pa_ciudad-barcelona","9":"pa_motivo-salamandres","10":"pa_pais-espana","12":"first","13":"instock","14":"shipping-taxable","15":"product-type-simple"},"acf":[],"_links":{"self":[{"href":"https:\/\/olemosaic.com\/fr\/wp-json\/wp\/v2\/product\/27252","targetHints":{"allow":["GET"]}}],"collection":[{"href":"https:\/\/olemosaic.com\/fr\/wp-json\/wp\/v2\/product"}],"about":[{"href":"https:\/\/olemosaic.com\/fr\/wp-json\/wp\/v2\/types\/product"}],"wp:featuredmedia":[{"embeddable":true,"href":"https:\/\/olemosaic.com\/fr\/wp-json\/wp\/v2\/media\/11156"}],"wp:attachment":[{"href":"https:\/\/olemosaic.com\/fr\/wp-json\/wp\/v2\/media?parent=27252"}],"wp:term":[{"taxonomy":"product_brand","embeddable":true,"href":"https:\/\/olemosaic.com\/fr\/wp-json\/wp\/v2\/product_brand?post=27252"},{"taxonomy":"product_cat","embeddable":true,"href":"https:\/\/olemosaic.com\/fr\/wp-json\/wp\/v2\/product_cat?post=27252"},{"taxonomy":"product_tag","embeddable":true,"href":"https:\/\/olemosaic.com\/fr\/wp-json\/wp\/v2\/product_tag?post=27252"}],"curies":[{"name":"wp","href":"https:\/\/api.w.org\/{rel}","templated":true}]}}