{"id":27251,"date":"2025-02-20T22:29:08","date_gmt":"2025-02-20T22:29:08","guid":{"rendered":"http:\/\/olemosaic.com\/producto\/lata-inox-de-500-ml-motivos-marinos\/"},"modified":"2025-07-25T18:38:06","modified_gmt":"2025-07-25T16:38:06","slug":"canette-inox-500-ml-motifs-marins","status":"publish","type":"product","link":"https:\/\/olemosaic.com\/fr\/produit\/canette-inox-500-ml-motifs-marins\/","title":{"rendered":"Canette inox de 500 ml. Motifs marins."},"content":{"rendered":"<p>Cette canette en acier inoxydable de 500 ml est le cadeau parfait pour les amoureux de la mer et de la nature, avec un design captivant qui rend hommage \u00e0 la riche faune de l&rsquo;oc\u00e9an. D\u00e9cor\u00e9e de motifs marins vibrants, la canette pr\u00e9sente une mosa\u00efque spectaculaire de dauphins color\u00e9s, de tortues, d&rsquo;hippocampes et de divers coraux sur un fond bleu profond \u00e9voquant les profondeurs marines. Chaque \u00e9l\u00e9ment graphique a \u00e9t\u00e9 con\u00e7u avec soin pour souligner la beaut\u00e9 et la diversit\u00e9 de l&rsquo;\u00e9cosyst\u00e8me marin, en faisant une pi\u00e8ce unique et fonctionnelle, id\u00e9ale non seulement pour transporter des boissons, mais aussi comme un souvenir spectaculaire de la vie marine.<\/p>\n<p>Plus qu&rsquo;une simple canette, ce produit est un symbole d&rsquo;authenticit\u00e9 et un t\u00e9moignage de la connexion culturelle avec l&rsquo;oc\u00e9an qui caract\u00e9rise de nombreuses r\u00e9gions c\u00f4ti\u00e8res d&rsquo;Espagne et du Portugal. En choisissant cette canette, les touristes n&rsquo;acqui\u00e8rent pas seulement un objet pratique, mais un souvenir qui raconte l&rsquo;histoire de la vie sous-marine et l&rsquo;importance de sa conservation. Chez Ol\u00e9 Mosaic, en tant que grossistes de souvenirs, nous proposons des produits qui c\u00e9l\u00e8brent la culture et la nature locales, ce qui fait de cette canette aux motifs marins une excellente option pour les boutiques de cadeaux touristiques cherchant \u00e0 offrir des souvenirs authentiques et artistiques \u00e0 leurs clients.<\/p>\n","protected":false},"excerpt":{"rendered":"<p>Canette en acier inoxydable de 500 ml, d\u00e9cor\u00e9e de motifs marins vibrants repr\u00e9sentant la riche faune de l&rsquo;oc\u00e9an. Son design en mosa\u00efque pr\u00e9sente des dauphins color\u00e9s, des tortues, des hippocampes et des coraux sur un fond bleu profond. Id\u00e9ale pour transporter des boissons, cette canette allie fonctionnalit\u00e9 et art, avec une repr\u00e9sentation visuelle qui \u00e9voque la beaut\u00e9 du monde sous-marin et est parfaite pour les amoureux de la mer et de la nature.<\/p>\n","protected":false},"featured_media":12807,"template":"","meta":{"_acf_changed":false},"product_brand":[],"product_cat":[796],"product_tag":[530],"class_list":{"0":"post-27251","1":"product","2":"type-product","3":"status-publish","4":"has-post-thumbnail","6":"product_cat-boites-en-metal","7":"product_tag-animaux","8":"pa_motivo-animaux-marins","10":"first","11":"instock","12":"shipping-taxable","13":"product-type-simple"},"acf":[],"_links":{"self":[{"href":"https:\/\/olemosaic.com\/fr\/wp-json\/wp\/v2\/product\/27251","targetHints":{"allow":["GET"]}}],"collection":[{"href":"https:\/\/olemosaic.com\/fr\/wp-json\/wp\/v2\/product"}],"about":[{"href":"https:\/\/olemosaic.com\/fr\/wp-json\/wp\/v2\/types\/product"}],"wp:featuredmedia":[{"embeddable":true,"href":"https:\/\/olemosaic.com\/fr\/wp-json\/wp\/v2\/media\/12807"}],"wp:attachment":[{"href":"https:\/\/olemosaic.com\/fr\/wp-json\/wp\/v2\/media?parent=27251"}],"wp:term":[{"taxonomy":"product_brand","embeddable":true,"href":"https:\/\/olemosaic.com\/fr\/wp-json\/wp\/v2\/product_brand?post=27251"},{"taxonomy":"product_cat","embeddable":true,"href":"https:\/\/olemosaic.com\/fr\/wp-json\/wp\/v2\/product_cat?post=27251"},{"taxonomy":"product_tag","embeddable":true,"href":"https:\/\/olemosaic.com\/fr\/wp-json\/wp\/v2\/product_tag?post=27251"}],"curies":[{"name":"wp","href":"https:\/\/api.w.org\/{rel}","templated":true}]}}