{"id":27250,"date":"2025-02-20T22:29:08","date_gmt":"2025-02-20T22:29:08","guid":{"rendered":"http:\/\/olemosaic.com\/producto\/lata-inox-de-500-ml-flores\/"},"modified":"2025-07-25T18:38:09","modified_gmt":"2025-07-25T16:38:09","slug":"canette-inox-500-ml-fleurs","status":"publish","type":"product","link":"https:\/\/olemosaic.com\/fr\/produit\/canette-inox-500-ml-fleurs\/","title":{"rendered":"Canette inox de 500 ml. Fleurs."},"content":{"rendered":"<p>Cette canette en acier inoxydable de 500 ml est un produit attrayant et pratique qui c\u00e9l\u00e8bre l&rsquo;essence du modernisme catalan. D\u00e9cor\u00e9e d&rsquo;un motif floral vibrant inspir\u00e9 des mosa\u00efques de la c\u00e9l\u00e8bre architecture de Gaud\u00ed, la canette pr\u00e9sente une finition brillante et une palette de couleurs joyeuses, telles que le rouge, le bleu, le jaune et le rose, qui \u00e9voquent la cr\u00e9ativit\u00e9 et la splendeur artistique de Barcelone. Les fleurs stylis\u00e9es et les motifs g\u00e9om\u00e9triques qui l&rsquo;ornent sont non seulement visuellement frappants, mais rendent \u00e9galement hommage \u00e0 l&rsquo;un des plus grands repr\u00e9sentants de l&rsquo;architecture espagnole.<\/p>\n<p>Id\u00e9ale pour un usage quotidien \u00e0 la maison ou pour emporter en pique-nique, cette canette allie fonctionnalit\u00e9 et style, devenant le souvenir parfait pour ceux qui recherchent des pi\u00e8ces authentiques repr\u00e9sentant la culture espagnole. Son design ing\u00e9nieux et polyvalent permet de l&rsquo;utiliser pour des boissons froides ou chaudes, maintenant son contenu \u00e0 la temp\u00e9rature souhait\u00e9e et faisant de chaque gorg\u00e9e une exp\u00e9rience agr\u00e9able.<\/p>\n<p>Chez Ol\u00e9 Mosaic, nous nous consacrons \u00e0 offrir une s\u00e9lection soign\u00e9e de souvenirs patrimoniaux et authentiques. Cette canette en acier inoxydable est une excellente option pour les boutiques de cadeaux touristiques cherchant \u00e0 \u00e9largir leur offre avec des produits qui ne sont pas seulement d\u00e9coratifs, mais qui capturent \u00e9galement la richesse culturelle de l&rsquo;Espagne. En tant que grossistes d&rsquo;articles de cadeau, nous garantissons que nos produits sont de haute qualit\u00e9, soulignant la pertinence culturelle et le style unique que l&rsquo;on ne trouve que dans les pi\u00e8ces inspir\u00e9es par l&rsquo;art de Gaud\u00ed.<\/p>\n","protected":false},"excerpt":{"rendered":"<p>Canette en acier inoxydable de 500 ml d\u00e9cor\u00e9e d&rsquo;un motif floral vibrant, inspir\u00e9 du c\u00e9l\u00e8bre style de mosa\u00efque de l&rsquo;architecture de Gaud\u00ed. Cet article, avec une finition brillante et des couleurs joyeuses comme le rouge, le bleu, le jaune et le rose, \u00e9voque l&rsquo;art moderniste barcelonais. Id\u00e9ale pour une utilisation \u00e0 la maison ou en pique-nique, sa polyvalence et son originalit\u00e9 en font un souvenir parfait pour les amoureux de la culture espagnole.<\/p>\n","protected":false},"featured_media":12800,"template":"","meta":{"_acf_changed":false},"product_brand":[],"product_cat":[796],"product_tag":[],"class_list":{"0":"post-27250","1":"product","2":"type-product","3":"status-publish","4":"has-post-thumbnail","6":"product_cat-boites-en-metal","7":"pa_motivo-fleurs","9":"first","10":"instock","11":"shipping-taxable","12":"product-type-simple"},"acf":[],"_links":{"self":[{"href":"https:\/\/olemosaic.com\/fr\/wp-json\/wp\/v2\/product\/27250","targetHints":{"allow":["GET"]}}],"collection":[{"href":"https:\/\/olemosaic.com\/fr\/wp-json\/wp\/v2\/product"}],"about":[{"href":"https:\/\/olemosaic.com\/fr\/wp-json\/wp\/v2\/types\/product"}],"wp:featuredmedia":[{"embeddable":true,"href":"https:\/\/olemosaic.com\/fr\/wp-json\/wp\/v2\/media\/12800"}],"wp:attachment":[{"href":"https:\/\/olemosaic.com\/fr\/wp-json\/wp\/v2\/media?parent=27250"}],"wp:term":[{"taxonomy":"product_brand","embeddable":true,"href":"https:\/\/olemosaic.com\/fr\/wp-json\/wp\/v2\/product_brand?post=27250"},{"taxonomy":"product_cat","embeddable":true,"href":"https:\/\/olemosaic.com\/fr\/wp-json\/wp\/v2\/product_cat?post=27250"},{"taxonomy":"product_tag","embeddable":true,"href":"https:\/\/olemosaic.com\/fr\/wp-json\/wp\/v2\/product_tag?post=27250"}],"curies":[{"name":"wp","href":"https:\/\/api.w.org\/{rel}","templated":true}]}}