{"id":27239,"date":"2025-02-20T23:29:08","date_gmt":"2025-02-20T22:29:08","guid":{"rendered":"http:\/\/olemosaic.com\/producto\/bola-de-navidad-con-caja-panoramica-barcelona-multicolor-6\/"},"modified":"2025-07-25T19:23:06","modified_gmt":"2025-07-25T17:23:06","slug":"boule-de-noel-avec-boite-panoramique-barcelone-multicolore-6","status":"publish","type":"product","link":"https:\/\/olemosaic.com\/fr\/produit\/boule-de-noel-avec-boite-panoramique-barcelone-multicolore-6\/","title":{"rendered":"Boule de No\u00ebl avec bo\u00eete. Panoramique. Sagrada Familia. Barcelone. Multicolore"},"content":{"rendered":"<p>Cette magnifique boule de No\u00ebl avec bo\u00eete est un souvenir vibrant de Barcelone, id\u00e9al pour d\u00e9corer votre sapin pendant les f\u00eates. Avec un design multicolore, elle pr\u00e9sente une charmante vue panoramique de certains des b\u00e2timents les plus embl\u00e9matiques de la ville, comme la majestueuse Sagrada Familia, qui se distingue par sa silhouette unique. Les couleurs rouge, vert et jaune sont captivantes, \u00e9voquant l&rsquo;esprit festif et la joie qui caract\u00e9risent la capitale catalane. Le ruban violet qui accompagne la boule ajoute une touche \u00e9l\u00e9gante, faisant de ce souvenir ne pas seulement une d\u00e9coration, mais aussi une pi\u00e8ce qui raconte visuellement l&rsquo;histoire de Barcelone.<\/p>\n<p>Ce souvenir est parfait pour se rem\u00e9morer un voyage dans cette ville vibrante, et il c\u00e9l\u00e8bre \u00e9galement sa riche architecture et sa culture. La boule de No\u00ebl devient ainsi un symbole des merveilles de Barcelone que l&rsquo;on peut revivre chaque ann\u00e9e, ce qui en fait une excellente option pour les touristes \u00e0 la recherche d&rsquo;un souvenir authentique et repr\u00e9sentatif de leur visite. Chez Ol\u00e9 Mosaic, nous sommes fiers de proposer des produits uniques et de haute qualit\u00e9 en gros, garantissant que cette boule de No\u00ebl soit un ajout sp\u00e9cial dans les boutiques de cadeaux touristiques. Ne manquez pas l&rsquo;occasion d&rsquo;offrir cette magnifique boule, un v\u00e9ritable hommage \u00e0 la beaut\u00e9 de Barcelone.<\/p>\n","protected":false},"excerpt":{"rendered":"<p>Boule de No\u00ebl avec bo\u00eete, orn\u00e9e d&rsquo;une vue panoramique vibrante de Barcelone. Ce charmant souvenir pr\u00e9sente une illustration multicolore de b\u00e2timents embl\u00e9matiques, tels que la Sagrada Familia, avec des d\u00e9tails en rouge, vert et jaune. La boule, surmont\u00e9e d&rsquo;un ruban violet, rend hommage au style architectural unique de la ville. Id\u00e9ale pour d\u00e9corer votre sapin et se souvenir des merveilles de Barcelone pendant les f\u00eates.<\/p>\n","protected":false},"featured_media":10393,"template":"","meta":{"_acf_changed":false},"product_brand":[],"product_cat":[659],"product_tag":[646],"class_list":{"0":"post-27239","1":"product","2":"type-product","3":"status-publish","4":"has-post-thumbnail","6":"product_cat-boules-de-noel","7":"product_tag-noel","8":"pa_ciudad-barcelona","9":"pa_motivo-panoramas","10":"pa_pais-espana","12":"first","13":"instock","14":"shipping-taxable","15":"product-type-simple"},"acf":[],"_links":{"self":[{"href":"https:\/\/olemosaic.com\/fr\/wp-json\/wp\/v2\/product\/27239","targetHints":{"allow":["GET"]}}],"collection":[{"href":"https:\/\/olemosaic.com\/fr\/wp-json\/wp\/v2\/product"}],"about":[{"href":"https:\/\/olemosaic.com\/fr\/wp-json\/wp\/v2\/types\/product"}],"wp:featuredmedia":[{"embeddable":true,"href":"https:\/\/olemosaic.com\/fr\/wp-json\/wp\/v2\/media\/10393"}],"wp:attachment":[{"href":"https:\/\/olemosaic.com\/fr\/wp-json\/wp\/v2\/media?parent=27239"}],"wp:term":[{"taxonomy":"product_brand","embeddable":true,"href":"https:\/\/olemosaic.com\/fr\/wp-json\/wp\/v2\/product_brand?post=27239"},{"taxonomy":"product_cat","embeddable":true,"href":"https:\/\/olemosaic.com\/fr\/wp-json\/wp\/v2\/product_cat?post=27239"},{"taxonomy":"product_tag","embeddable":true,"href":"https:\/\/olemosaic.com\/fr\/wp-json\/wp\/v2\/product_tag?post=27239"}],"curies":[{"name":"wp","href":"https:\/\/api.w.org\/{rel}","templated":true}]}}