{"id":27238,"date":"2025-02-20T22:29:07","date_gmt":"2025-02-20T22:29:07","guid":{"rendered":"http:\/\/olemosaic.com\/producto\/funda-de-telefono-para-xiaomi-rmnote-12-tpu-gato-barcelona-blanco\/"},"modified":"2025-07-25T19:07:26","modified_gmt":"2025-07-25T17:07:26","slug":"coque-de-telephone-pour-xiaomi-rmnote-12-tpu-chat-barcelone-blanc","status":"publish","type":"product","link":"https:\/\/olemosaic.com\/fr\/produit\/coque-de-telephone-pour-xiaomi-rmnote-12-tpu-chat-barcelone-blanc\/","title":{"rendered":"Coque de t\u00e9l\u00e9phone pour Xiaomi RMNote 12 (TPU). Chat. Barcelone. Blanc"},"content":{"rendered":"<p>Cette coque pour le t\u00e9l\u00e9phone Xiaomi RMNote 12 est une pi\u00e8ce de design exquise qui rend hommage \u00e0 la ville embl\u00e9matique de Barcelone. Fabriqu\u00e9e en TPU, cet accessoire ne prot\u00e8ge pas seulement votre appareil, il le transforme \u00e9galement en une toile vibrante, avec un design captivant d&rsquo;un chat inspir\u00e9 de la c\u00e9l\u00e8bre mosa\u00efque de la ville. Les tons profonds et joyeux de rouge, jaune, bleu et vert qui dessinent la silhouette du chat cr\u00e9ent une composition visuelle percutante, entour\u00e9e de papillons d\u00e9licats qui ajoutent une touche de fra\u00eecheur et de mouvement sur un fond blanc \u00e9voquant les textures de la mosa\u00efque bris\u00e9e. Le mot \u00ab\u00a0Barcelona\u00a0\u00bb, \u00e9l\u00e9gamment imprim\u00e9 en bas, souligne le lien avec l&rsquo;art moderniste qui caract\u00e9rise la ville, faisant de cet article un authentique souvenir barcelonais.<\/p>\n<p>Ce produit n&rsquo;est pas seulement un excellent cadeau pour les touristes \u00e0 la recherche de souvenirs distinctifs, il sert \u00e9galement de rappel quotidien de la beaut\u00e9 et de l&rsquo;esprit cr\u00e9atif de Barcelone. Chez Ol\u00e9 Mosaic, nous sommes fiers d&rsquo;\u00eatre des distributeurs de souvenirs de qualit\u00e9, offrant des produits uniques comme cette coque de t\u00e9l\u00e9phone qui refl\u00e8tent le riche h\u00e9ritage culturel de l&rsquo;Espagne. Cette coque est une option id\u00e9ale pour les boutiques de cadeaux touristiques \u00e0 la recherche d&rsquo;articles authentiques et pertinents qui mettent en valeur le meilleur de la tradition artistique de Barcelone.<\/p>\n","protected":false},"excerpt":{"rendered":"<p>Coque pour Xiaomi Redmi Note 12 fabriqu\u00e9e en TPU, avec un design vibrant d&rsquo;un chat inspir\u00e9 de la c\u00e9l\u00e8bre mosa\u00efque de Barcelone. Avec une palette de couleurs comprenant du rouge, du jaune, du bleu et du vert, le chat est entour\u00e9 de papillons sur un fond blanc avec un effet de mosa\u00efque bris\u00e9e. Le mot \u00ab\u00a0Barcelona\u00a0\u00bb est \u00e9l\u00e9gamment imprim\u00e9 en bas, ce qui fait de cette coque une pi\u00e8ce unique et repr\u00e9sentative de l&rsquo;art moderniste de la ville.<\/p>\n","protected":false},"featured_media":12690,"template":"","meta":{"_acf_changed":false},"product_brand":[],"product_cat":[674],"product_tag":[530],"class_list":{"0":"post-27238","1":"product","2":"type-product","3":"status-publish","4":"has-post-thumbnail","6":"product_cat-etuis-pour-telephones-portables","7":"product_tag-animaux","8":"pa_ciudad-barcelona","9":"pa_motivo-chats","10":"pa_pais-espana","12":"first","13":"instock","14":"shipping-taxable","15":"product-type-simple"},"acf":[],"_links":{"self":[{"href":"https:\/\/olemosaic.com\/fr\/wp-json\/wp\/v2\/product\/27238","targetHints":{"allow":["GET"]}}],"collection":[{"href":"https:\/\/olemosaic.com\/fr\/wp-json\/wp\/v2\/product"}],"about":[{"href":"https:\/\/olemosaic.com\/fr\/wp-json\/wp\/v2\/types\/product"}],"wp:featuredmedia":[{"embeddable":true,"href":"https:\/\/olemosaic.com\/fr\/wp-json\/wp\/v2\/media\/12690"}],"wp:attachment":[{"href":"https:\/\/olemosaic.com\/fr\/wp-json\/wp\/v2\/media?parent=27238"}],"wp:term":[{"taxonomy":"product_brand","embeddable":true,"href":"https:\/\/olemosaic.com\/fr\/wp-json\/wp\/v2\/product_brand?post=27238"},{"taxonomy":"product_cat","embeddable":true,"href":"https:\/\/olemosaic.com\/fr\/wp-json\/wp\/v2\/product_cat?post=27238"},{"taxonomy":"product_tag","embeddable":true,"href":"https:\/\/olemosaic.com\/fr\/wp-json\/wp\/v2\/product_tag?post=27238"}],"curies":[{"name":"wp","href":"https:\/\/api.w.org\/{rel}","templated":true}]}}