{"id":27237,"date":"2025-02-20T23:29:07","date_gmt":"2025-02-20T22:29:07","guid":{"rendered":"http:\/\/olemosaic.com\/producto\/funda-de-telefono-para-xiaomi-rmnote-12-tpu-abstracto-azul-2\/"},"modified":"2025-07-25T23:22:13","modified_gmt":"2025-07-25T21:22:13","slug":"coque-de-telephone-pour-xiaomi-rmnote-12-tpu-abstrait-bleu-2","status":"publish","type":"product","link":"https:\/\/olemosaic.com\/fr\/produit\/coque-de-telephone-pour-xiaomi-rmnote-12-tpu-abstrait-bleu-2\/","title":{"rendered":"Coque de t\u00e9l\u00e9phone pour Xiaomi RMNote 12 (TPU). Abstrait. Motif diamants. Bleu"},"content":{"rendered":"<p>Cette coque pour le Xiaomi Redmi Note 12 est une expression vibrante d&rsquo;art moderne et de fonctionnalit\u00e9. Fabriqu\u00e9e en TPU, un mat\u00e9riau connu pour sa flexibilit\u00e9 et sa r\u00e9sistance, elle offre une excellente protection contre les chocs et les rayures, garantissant que votre appareil reste en parfait \u00e9tat. Son design abstrait, qui combine harmonieusement des tons de bleu, vert, jaune et rouge, met en avant un motif de diamants qui fusionne doucement pour cr\u00e9er un effet visuel attrayant et dynamique. Cette esth\u00e9tique contemporaine ne rehausse pas seulement l&rsquo;apparence du t\u00e9l\u00e9phone, mais en fait \u00e9galement un accessoire qui refl\u00e8te un style de vie moderne et artistique.<\/p>\n<p>Le m\u00e9lange de couleurs vives symbolise la joie et la vitalit\u00e9 de la culture m\u00e9diterran\u00e9enne, o\u00f9 l&rsquo;art et la nature s&rsquo;entrelacent dans chaque recoin. Ce produit devient un authentique souvenir qui transcende sa fonction pratique, et se pr\u00e9sente comme une excellente option pour les touristes \u00e0 la recherche de souvenirs repr\u00e9sentatifs d&rsquo;une exp\u00e9rience unique. Chez Ol\u00e9 Mosaic, nous nous sp\u00e9cialisons dans la distribution de produits de qualit\u00e9 en gros, et cette coque est un choix id\u00e9al pour les boutiques de cadeaux touristiques qui souhaitent proposer des accessoires authentiques et accrocheurs. En tant que grossistes d&rsquo;accessoires de t\u00e9l\u00e9phonie, nous garantissons que chaque pi\u00e8ce est le reflet de la cr\u00e9ativit\u00e9 et de la tradition.<\/p>\n","protected":false},"excerpt":{"rendered":"<p>Coque pour Xiaomi Redmi Note 12, fabriqu\u00e9e en TPU, avec un design abstrait vibrant dans des tons bleus, verts, jaunes et rouges. Ce mod\u00e8le pr\u00e9sente un motif de diamants qui fusionne doucement, cr\u00e9ant un effet visuel dynamique et color\u00e9. Son mat\u00e9riau flexible offre une excellente protection contre les chocs et les rayures, garantissant que votre appareil conserve son style et sa fonctionnalit\u00e9, tout en refl\u00e9tant une esth\u00e9tique moderne et artistique.<\/p>\n","protected":false},"featured_media":12704,"template":"","meta":{"_acf_changed":false},"product_brand":[],"product_cat":[674],"product_tag":[],"class_list":{"0":"post-27237","1":"product","2":"type-product","3":"status-publish","4":"has-post-thumbnail","6":"product_cat-etuis-pour-telephones-portables","7":"pa_motivo-resume","9":"first","10":"instock","11":"shipping-taxable","12":"product-type-simple"},"acf":[],"_links":{"self":[{"href":"https:\/\/olemosaic.com\/fr\/wp-json\/wp\/v2\/product\/27237","targetHints":{"allow":["GET"]}}],"collection":[{"href":"https:\/\/olemosaic.com\/fr\/wp-json\/wp\/v2\/product"}],"about":[{"href":"https:\/\/olemosaic.com\/fr\/wp-json\/wp\/v2\/types\/product"}],"wp:featuredmedia":[{"embeddable":true,"href":"https:\/\/olemosaic.com\/fr\/wp-json\/wp\/v2\/media\/12704"}],"wp:attachment":[{"href":"https:\/\/olemosaic.com\/fr\/wp-json\/wp\/v2\/media?parent=27237"}],"wp:term":[{"taxonomy":"product_brand","embeddable":true,"href":"https:\/\/olemosaic.com\/fr\/wp-json\/wp\/v2\/product_brand?post=27237"},{"taxonomy":"product_cat","embeddable":true,"href":"https:\/\/olemosaic.com\/fr\/wp-json\/wp\/v2\/product_cat?post=27237"},{"taxonomy":"product_tag","embeddable":true,"href":"https:\/\/olemosaic.com\/fr\/wp-json\/wp\/v2\/product_tag?post=27237"}],"curies":[{"name":"wp","href":"https:\/\/api.w.org\/{rel}","templated":true}]}}