{"id":27236,"date":"2025-02-20T22:29:07","date_gmt":"2025-02-20T22:29:07","guid":{"rendered":"http:\/\/olemosaic.com\/producto\/funda-de-telefono-para-xiaomi-rmnote-12-tpu-panoramica-barcelona-azul\/"},"modified":"2025-07-25T19:15:53","modified_gmt":"2025-07-25T17:15:53","slug":"coque-de-telephone-pour-xiaomi-rmnote-12-tpu-panoramique-barcelone-bleu","status":"publish","type":"product","link":"https:\/\/olemosaic.com\/fr\/produit\/coque-de-telephone-pour-xiaomi-rmnote-12-tpu-panoramique-barcelone-bleu\/","title":{"rendered":"Coque de t\u00e9l\u00e9phone pour Xiaomi RMNote 12 (TPU). Panoramique. Barcelone. Bleu"},"content":{"rendered":"<p>Cette coque pour t\u00e9l\u00e9phone Xiaomi Redmi Note 12 est un accessoire spectaculaire qui capture l&rsquo;essence vibrante de Barcelone. Fabriqu\u00e9e en mat\u00e9riau TPU, elle prot\u00e8ge non seulement efficacement votre appareil, mais met \u00e9galement en valeur une vue panoramique artistique de la ville dans des tons bleus et des couleurs \u00e9clatantes, en faisant un v\u00e9ritable hommage visuel \u00e0 la capitale catalane. L&rsquo;illustration pr\u00e9sente des \u00e9l\u00e9ments embl\u00e9matiques et repr\u00e9sentatifs, tels que la majestueuse Sagrada Familia et les b\u00e2timents vibrants qui caract\u00e9risent le paysage urbain, le tout entour\u00e9 d&rsquo;une mosa\u00efque stylis\u00e9e qui \u00e9voque l&rsquo;\u0153uvre de Gaud\u00ed, c\u00e9l\u00e8bre pour son utilisation de couleurs et de formes organiques.<\/p>\n<p>Le design n&rsquo;est pas seulement visuellement frappant ; le mot \u00ab\u00a0Barcelona\u00a0\u00bb ressort avec des lettres color\u00e9es sur un fond qui \u00e9mane un esprit m\u00e9diterran\u00e9en, faisant de cette coque un magnifique souvenir qui rappelle la chaleur et la vitalit\u00e9 de la ville. Id\u00e9ale pour les touristes qui souhaitent emporter avec eux un morceau de Barcelone, cette coque est une excellente option pour les boutiques de cadeaux touristiques \u00e0 la recherche de produits fusionnant fonctionnalit\u00e9 et art.<\/p>\n<p>Chez Ol\u00e9 Mosaic, nous nous sp\u00e9cialisons dans la distribution en gros de souvenirs authentiques et repr\u00e9sentatifs. Cette coque de t\u00e9l\u00e9phone est une opportunit\u00e9 in\u00e9gal\u00e9e pour les d\u00e9taillants qui cherchent \u00e0 offrir \u00e0 leurs clients un souvenir m\u00e9morable et d&rsquo;une qualit\u00e9 exceptionnelle, mettant en avant la riche culture de Barcelone.<\/p>\n","protected":false},"excerpt":{"rendered":"<p>Coque de t\u00e9l\u00e9phone pour Xiaomi Redmi Note 12, fabriqu\u00e9e en TPU, avec une vue panoramique vibrante de Barcelone dans des tons bleus et des couleurs \u00e9clatantes. Ce design artistique met en valeur des \u00e9l\u00e9ments embl\u00e9matiques de la ville, tels que la Sagrada Familia et des b\u00e2timents color\u00e9s, entour\u00e9s d&rsquo;une mosa\u00efque stylis\u00e9e. Le mot \u00ab\u00a0Barcelona\u00a0\u00bb ressort avec des lettres color\u00e9es sur un fond qui \u00e9voque l&rsquo;esprit m\u00e9diterran\u00e9en, transformant cette coque en un accessoire fonctionnel et d\u00e9coratif.<\/p>\n","protected":false},"featured_media":12698,"template":"","meta":{"_acf_changed":false},"product_brand":[],"product_cat":[674],"product_tag":[],"class_list":{"0":"post-27236","1":"product","2":"type-product","3":"status-publish","4":"has-post-thumbnail","6":"product_cat-etuis-pour-telephones-portables","7":"pa_ciudad-barcelona","8":"pa_motivo-panoramas","9":"pa_pais-espana","11":"first","12":"instock","13":"shipping-taxable","14":"product-type-simple"},"acf":[],"_links":{"self":[{"href":"https:\/\/olemosaic.com\/fr\/wp-json\/wp\/v2\/product\/27236","targetHints":{"allow":["GET"]}}],"collection":[{"href":"https:\/\/olemosaic.com\/fr\/wp-json\/wp\/v2\/product"}],"about":[{"href":"https:\/\/olemosaic.com\/fr\/wp-json\/wp\/v2\/types\/product"}],"wp:featuredmedia":[{"embeddable":true,"href":"https:\/\/olemosaic.com\/fr\/wp-json\/wp\/v2\/media\/12698"}],"wp:attachment":[{"href":"https:\/\/olemosaic.com\/fr\/wp-json\/wp\/v2\/media?parent=27236"}],"wp:term":[{"taxonomy":"product_brand","embeddable":true,"href":"https:\/\/olemosaic.com\/fr\/wp-json\/wp\/v2\/product_brand?post=27236"},{"taxonomy":"product_cat","embeddable":true,"href":"https:\/\/olemosaic.com\/fr\/wp-json\/wp\/v2\/product_cat?post=27236"},{"taxonomy":"product_tag","embeddable":true,"href":"https:\/\/olemosaic.com\/fr\/wp-json\/wp\/v2\/product_tag?post=27236"}],"curies":[{"name":"wp","href":"https:\/\/api.w.org\/{rel}","templated":true}]}}