{"id":27235,"date":"2025-02-20T22:29:07","date_gmt":"2025-02-20T22:29:07","guid":{"rendered":"http:\/\/olemosaic.com\/producto\/funda-de-telefono-para-xiaomi-rmnote-12-tpu-abstracto-azul\/"},"modified":"2025-07-25T19:40:00","modified_gmt":"2025-07-25T17:40:00","slug":"coque-de-telephone-pour-xiaomi-rmnote-12-tpu-abstrait-bleu","status":"publish","type":"product","link":"https:\/\/olemosaic.com\/fr\/produit\/coque-de-telephone-pour-xiaomi-rmnote-12-tpu-abstrait-bleu\/","title":{"rendered":"Coque de t\u00e9l\u00e9phone pour Xiaomi RMNote 12 (TPU). Abstrait. Bleu"},"content":{"rendered":"<p>Cette coque pour le Xiaomi RMNote 12 allie fonctionnalit\u00e9 et style avec un design abstrait vibrant qui capture l&rsquo;essence de Barcelone. Fabriqu\u00e9e en TPU, elle prot\u00e8ge votre appareil des chutes et des chocs, tout en l&rsquo;ornant d&rsquo;un motif ondul\u00e9 qui \u00e9voque l&rsquo;\u00e9nergie et les couleurs de cette ville embl\u00e9matique. Le design, dans des tons bleus intenses et des couleurs chaudes, est parsem\u00e9 de taches et de traits color\u00e9s qui apportent un effet dynamique et moderne, tandis que le mot \u00ab\u00a0Barcelona\u00a0\u00bb se distingue dans un style audacieux et contemporain, garantissant que ce souvenir refl\u00e8te l&rsquo;\u00e9tincelle et la vitalit\u00e9 de la capitale catalane.<\/p>\n<p>La connexion culturelle de cette coque avec Barcelone est ind\u00e9niable, car la ville est connue pour son art vibrant et son riche h\u00e9ritage visuel, des \u0153uvres de Gaud\u00ed \u00e0 ses rues pleines de vie. Cet accessoire n&rsquo;est pas seulement pratique, il sert \u00e9galement de souvenir repr\u00e9sentatif d&rsquo;une visite \u00e0 Barcelone, devenant un objet qui raconte une histoire. Id\u00e9ale pour les touristes \u00e0 la recherche de souvenirs authentiques et uniques, cette coque est un excellent choix pour ceux qui souhaitent garder la beaut\u00e9 de la ville toujours \u00e0 port\u00e9e de main.<\/p>\n<p>Chez Ol\u00e9 Mosaic, nous nous sp\u00e9cialisons dans la distribution de souvenirs en gros, offrant des produits authentiques comme cette coque de t\u00e9l\u00e9phone, parfaite pour les boutiques de cadeaux touristiques \u00e0 la recherche de qualit\u00e9 et de pertinence culturelle. Avec cette coque abstraite de Barcelone, une combinaison d&rsquo;art et de praticit\u00e9, vos clients captureront une partie de la ville \u00e0 chaque fois qu&rsquo;ils utiliseront leur t\u00e9l\u00e9phone portable.<\/p>\n","protected":false},"excerpt":{"rendered":"<p>Coque pour t\u00e9l\u00e9phone Xiaomi Redmi Note 12 en TPU, orn\u00e9e d&rsquo;un design abstrait vibrant dans des tons bleus et chauds. La coque pr\u00e9sente un motif ondulant qui \u00e9voque l&rsquo;essence de Barcelone, int\u00e9grant le mot \u00ab\u00a0Barcelona\u00a0\u00bb dans un style moderne et audacieux, mis en valeur sur un fond de taches et de traits color\u00e9s. Id\u00e9ale pour ceux qui souhaitent prot\u00e9ger leur t\u00e9l\u00e9phone avec un accessoire unique et artistique, alliant fonctionnalit\u00e9 et style.<\/p>\n","protected":false},"featured_media":12701,"template":"","meta":{"_acf_changed":false},"product_brand":[],"product_cat":[674],"product_tag":[],"class_list":{"0":"post-27235","1":"product","2":"type-product","3":"status-publish","4":"has-post-thumbnail","6":"product_cat-etuis-pour-telephones-portables","7":"pa_ciudad-barcelona","8":"pa_motivo-resume","9":"pa_pais-espana","11":"first","12":"instock","13":"shipping-taxable","14":"product-type-simple"},"acf":[],"_links":{"self":[{"href":"https:\/\/olemosaic.com\/fr\/wp-json\/wp\/v2\/product\/27235","targetHints":{"allow":["GET"]}}],"collection":[{"href":"https:\/\/olemosaic.com\/fr\/wp-json\/wp\/v2\/product"}],"about":[{"href":"https:\/\/olemosaic.com\/fr\/wp-json\/wp\/v2\/types\/product"}],"wp:featuredmedia":[{"embeddable":true,"href":"https:\/\/olemosaic.com\/fr\/wp-json\/wp\/v2\/media\/12701"}],"wp:attachment":[{"href":"https:\/\/olemosaic.com\/fr\/wp-json\/wp\/v2\/media?parent=27235"}],"wp:term":[{"taxonomy":"product_brand","embeddable":true,"href":"https:\/\/olemosaic.com\/fr\/wp-json\/wp\/v2\/product_brand?post=27235"},{"taxonomy":"product_cat","embeddable":true,"href":"https:\/\/olemosaic.com\/fr\/wp-json\/wp\/v2\/product_cat?post=27235"},{"taxonomy":"product_tag","embeddable":true,"href":"https:\/\/olemosaic.com\/fr\/wp-json\/wp\/v2\/product_tag?post=27235"}],"curies":[{"name":"wp","href":"https:\/\/api.w.org\/{rel}","templated":true}]}}